{"id":3578,"date":"2016-08-28T04:38:37","date_gmt":"2016-08-28T04:38:37","guid":{"rendered":"http:\/\/immcanada.com\/?page_id=3578&#038;lang=fr"},"modified":"2016-08-28T06:49:28","modified_gmt":"2016-08-28T06:49:28","slug":"immigration-aux-etats-unis","status":"publish","type":"page","link":"https:\/\/immcanada.com\/fr\/domaines-dexpertise\/immigration-aux-etats-unis\/","title":{"rendered":"Immigration aux \u00c9tats-unis"},"content":{"rendered":"<p>[vc_row triangle_shape=\u00a0\u00bbno\u00a0\u00bb][vc_column][vc_column_text css_animation=\u00a0\u00bbbottom-to-top\u00a0\u00bb]<\/p>\n<h2>PROGRAMMES D\u2019IMMIGRATION AUX \u00c9TATS-UNIS<\/h2>\n<p>[\/vc_column_text]<div class=\"mkd-accordion-holder clearfix mkd-toggle mkd-initial \">\n\t<h3 class=\"clearfix mkd-title-holder\">\n\t<span class=\"mkd-accordion-mark mkd-left-mark\">\n\t\t<span class=\"mkd-accordion-mark-icon\">\n\t\t\t<i class=\"icon-arrow-down-circle\"><\/i>\n\t\t<\/span>\n\t<\/span>\n\t<span class=\"mkd-tab-title\" >\n\t\t<span class=\"mkd-tab-title-inner\">\n\t\t\tR\u00e9sidence Permanente (Carte Verte) par l\u2019entremise d\u2019un membre de la famille\t\t<\/span>\n\t<\/span>\n<\/h3><div class=\"mkd-accordion-content\">\n\t<div class=\"mkd-accordion-content-inner\" style=\"padding: 0px 25px\">\n\t\t<div class=\"mkd-unordered-list \" ><ul>\n<li>Pour un membre de la famille proche d\u2019un citoyen am\u00e9ricain (\u00e9poux\/\u00e9pouse; enfant non mari\u00e9 \u00e2g\u00e9 de moins de 21 ans; parents)<\/li>\n<li>Pour d\u2019autres membres de la famille d\u2019un citoyen am\u00e9ricain (enfant non mari\u00e9 \u00e2g\u00e9 de plus de 21 ans; enfants mari\u00e9s; fr\u00e8res et s\u0153urs)<\/li>\n<li>Pour un membre de la famille proche d\u2019un r\u00e9sident permanent des \u00c9tats-Unis (\u00e9poux\/\u00e9pouse; enfant non mari\u00e9)<\/li>\n<li>Pour la\/le fianc\u00e9(e) d\u2019un citoyen am\u00e9ricain<\/li>\n<li>Pour la veuve ou le veuf d\u2019un\/une citoyen(ne) am\u00e9ricain(e)<\/li>\n<\/ul>\n<\/div>[vc_column_text css_animation=\u00a0\u00bbbottom-to-top\u00a0\u00bb]Note \u2013 Nous offrons des services d\u2019immigration \u00e0 la fois pour les demandes effectu\u00e9es \u00e0 l\u2019ext\u00e9rieur des \u00c9tats-Unis (via le processus consulaire), ainsi que les demandes effectu\u00e9es \u00e0 l\u2019int\u00e9rieur des \u00c9tats-Unis, incluant les demandes d\u2019ajustement de statut aux \u00c9tats-Unis, ainsi que les demandes d\u2019autorisation de travailler et de voyager pendant le traitement de la demande. [\/vc_column_text]\t<\/div>\n<\/div>\n<h3 class=\"clearfix mkd-title-holder\">\n\t<span class=\"mkd-accordion-mark mkd-left-mark\">\n\t\t<span class=\"mkd-accordion-mark-icon\">\n\t\t\t<i class=\"icon-arrow-down-circle\"><\/i>\n\t\t<\/span>\n\t<\/span>\n\t<span class=\"mkd-tab-title\" >\n\t\t<span class=\"mkd-tab-title-inner\">\n\t\t\tR\u00e9sidence Permanente (Carte Verte) \u00e0 travers un emploi aux \u00c9tats-Unis\t\t<\/span>\n\t<\/span>\n<\/h3><div class=\"mkd-accordion-content\">\n\t<div class=\"mkd-accordion-content-inner\" style=\"padding: 0px 25px\">\n\t\t<div class=\"mkd-unordered-list \" ><ul>\n<li>Premi\u00e8re Pr\u00e9f\u00e9rence: EB\u20131(Capacit\u00e9 Extraordinaire; Professeurs ou chercheurs Exceptionnels; Cadres et Dirigeants Multinationaux)<\/li>\n<li>Deuxi\u00e8me Pr\u00e9f\u00e9rence: EB\u20132 (Capacit\u00e9 Exceptionnelle; Professionnels avec Dipl\u00f4mes d\u2019\u00c9tudes Sup\u00e9rieures)<\/li>\n<li>Troisi\u00e8me Pr\u00e9f\u00e9rence: EB\u20133 (Professionnels et Travailleurs Qualifi\u00e9s)<\/li>\n<li>Quatri\u00e8me Pr\u00e9f\u00e9rence: EB\u20134 (Immigrants de cat\u00e9gorie sp\u00e9ciale)<\/li>\n<\/ul>\n<\/div>\t<\/div>\n<\/div>\n<h3 class=\"clearfix mkd-title-holder\">\n\t<span class=\"mkd-accordion-mark mkd-left-mark\">\n\t\t<span class=\"mkd-accordion-mark-icon\">\n\t\t\t<i class=\"icon-arrow-down-circle\"><\/i>\n\t\t<\/span>\n\t<\/span>\n\t<span class=\"mkd-tab-title\" >\n\t\t<span class=\"mkd-tab-title-inner\">\n\t\t\tR\u00e9sidence Permanente (Carte Verte) \u00e0 travers un investissement aux \u00c9tats-Unis\t\t<\/span>\n\t<\/span>\n<\/h3><div class=\"mkd-accordion-content\">\n\t<div class=\"mkd-accordion-content-inner\" style=\"padding: 0px 25px\">\n\t\t<div class=\"mkd-unordered-list \" ><ul>\n<li>Programme d\u2019immigration pour Investisseurs \u2013 Visa EB-5<\/li>\n<\/ul>\n<\/div>\t<\/div>\n<\/div>\n<\/div>[\/vc_column][\/vc_row][vc_row triangle_shape=\u00a0\u00bbno\u00a0\u00bb][vc_column][vc_column_text css_animation=\u00a0\u00bbbottom-to-top\u00a0\u00bb]<\/p>\n<h2>PERMITS TEMPORAIRES<\/h2>\n<p>[\/vc_column_text]<div class=\"mkd-accordion-holder clearfix mkd-toggle mkd-initial \">\n\t<h3 class=\"clearfix mkd-title-holder\">\n\t<span class=\"mkd-accordion-mark mkd-left-mark\">\n\t\t<span class=\"mkd-accordion-mark-icon\">\n\t\t\t<i class=\"icon-arrow-down-circle\"><\/i>\n\t\t<\/span>\n\t<\/span>\n\t<span class=\"mkd-tab-title\" >\n\t\t<span class=\"mkd-tab-title-inner\">\n\t\t\tPermis de travail aux \u00c9tats-Unis\t\t<\/span>\n\t<\/span>\n<\/h3><div class=\"mkd-accordion-content\">\n\t<div class=\"mkd-accordion-content-inner\" style=\"padding: 0px 25px\">\n\t\t<div class=\"mkd-unordered-list \" ><ul>\n<li>E-1 Trait\u00e9 Commercial<\/li>\n<li>E-2 Trait\u00e9 Investisseur<\/li>\n<li>L-1A Transferts d\u2019employ\u00e9s occupant des fonctions de gestion ou ex\u00e9cutives<\/li>\n<li>L-1B Transferts d\u2019employ\u00e9s poss\u00e9dant des connaissances sp\u00e9cialis\u00e9es de l\u2019entreprise<\/li>\n<li>O-1\u00a0 Personnes ayant des comp\u00e9tences extraordinaires dans le domaine des sciences, des arts, de l\u2019\u00e9ducation, des affaires, du sport et de la production de film vid\u00e9o<\/li>\n<\/ul>\n<\/div>\t<\/div>\n<\/div>\n<h3 class=\"clearfix mkd-title-holder\">\n\t<span class=\"mkd-accordion-mark mkd-left-mark\">\n\t\t<span class=\"mkd-accordion-mark-icon\">\n\t\t\t<i class=\"icon-arrow-down-circle\"><\/i>\n\t\t<\/span>\n\t<\/span>\n\t<span class=\"mkd-tab-title\" >\n\t\t<span class=\"mkd-tab-title-inner\">\n\t\t\tVisas TN \u2013 Accord de Libre-\u00e9change Nord-Am\u00e9ricain (ALENA) pour les citoyens canadiens et mexicains\t\t<\/span>\n\t<\/span>\n<\/h3><div class=\"mkd-accordion-content\">\n\t<div class=\"mkd-accordion-content-inner\" style=\"padding: 0px 25px\">\n\t\t\t<\/div>\n<\/div>\n<h3 class=\"clearfix mkd-title-holder\">\n\t<span class=\"mkd-accordion-mark mkd-left-mark\">\n\t\t<span class=\"mkd-accordion-mark-icon\">\n\t\t\t<i class=\"icon-arrow-down-circle\"><\/i>\n\t\t<\/span>\n\t<\/span>\n\t<span class=\"mkd-tab-title\" >\n\t\t<span class=\"mkd-tab-title-inner\">\n\t\t\tVisas B1\/B2 \u2013 Voyages d\u2019Affaires \/ Voyages Touristiques\t\t<\/span>\n\t<\/span>\n<\/h3><div class=\"mkd-accordion-content\">\n\t<div class=\"mkd-accordion-content-inner\" style=\"padding: 0px 25px\">\n\t\t\t<\/div>\n<\/div>\n<\/div>[\/vc_column][\/vc_row][vc_row triangle_shape=\u00a0\u00bbno\u00a0\u00bb][vc_column][vc_column_text css_animation=\u00a0\u00bbbottom-to-top\u00a0\u00bb]<\/p>\n<h2>AUTRES SERVICES<\/h2>\n<p>[\/vc_column_text]<div class=\"mkd-accordion-holder clearfix mkd-toggle mkd-initial \">\n\t<h3 class=\"clearfix mkd-title-holder\">\n\t<span class=\"mkd-accordion-mark mkd-left-mark\">\n\t\t<span class=\"mkd-accordion-mark-icon\">\n\t\t\t<i class=\"icon-arrow-down-circle\"><\/i>\n\t\t<\/span>\n\t<\/span>\n\t<span class=\"mkd-tab-title\" >\n\t\t<span class=\"mkd-tab-title-inner\">\n\t\t\tDemandes de citoyennet\u00e9 aux \u00c9tats-Unis\t\t<\/span>\n\t<\/span>\n<\/h3><div class=\"mkd-accordion-content\">\n\t<div class=\"mkd-accordion-content-inner\" style=\"padding: 0px 25px\">\n\t\t<div class=\"mkd-unordered-list \" ><ul>\n<li>Citoyennet\u00e9 par le biais de la Naturalisation<\/li>\n<li>Citoyennet\u00e9 par l\u2019entremise des parents<\/li>\n<\/ul>\n<\/div>\t<\/div>\n<\/div>\n<h3 class=\"clearfix mkd-title-holder\">\n\t<span class=\"mkd-accordion-mark mkd-left-mark\">\n\t\t<span class=\"mkd-accordion-mark-icon\">\n\t\t\t<i class=\"icon-arrow-down-circle\"><\/i>\n\t\t<\/span>\n\t<\/span>\n\t<span class=\"mkd-tab-title\" >\n\t\t<span class=\"mkd-tab-title-inner\">\n\t\t\tDemande de Waivers aux \u00c9tats-Unis\t\t<\/span>\n\t<\/span>\n<\/h3><div class=\"mkd-accordion-content\">\n\t<div class=\"mkd-accordion-content-inner\" style=\"padding: 0px 25px\">\n\t\t<div class=\"mkd-unordered-list \" ><ul>\n<li>Dossier criminel<\/li>\n<li>S\u00e9jour ill\u00e9gal aux E.U.<\/li>\n<li>Travail aux E.U. sans permis<\/li>\n<\/ul>\n<\/div>[vc_column_text css=\u00a0\u00bb.vc_custom_1472358979681{margin-bottom: 5px !important;}\u00a0\u00bb]<\/p>\n<p class=\"p1\"><strong><span class=\"s1\">Types de Waivers <\/span><\/strong><\/p>\n<p>[\/vc_column_text]<div class=\"mkd-unordered-list \" ><ul>\n<li>I-192, Application pour permission d\u2019entr\u00e9e aux E.U. en tant que non-immigrant<\/li>\n<li>I-212, Application pour permission de r\u00e9appliquer pour admission aux E.U. apr\u00e8s s\u2019\u00eatre fait d\u00e9port\u00e9 ou renvoy\u00e9<\/li>\n<li>I-601, Application pour Waiver g\u00e9n\u00e9ral (\u201cHardship Waiver\u201d)<\/li>\n<\/ul>\n<\/div>\t<\/div>\n<\/div>\n<h3 class=\"clearfix mkd-title-holder\">\n\t<span class=\"mkd-accordion-mark mkd-left-mark\">\n\t\t<span class=\"mkd-accordion-mark-icon\">\n\t\t\t<i class=\"icon-arrow-down-circle\"><\/i>\n\t\t<\/span>\n\t<\/span>\n\t<span class=\"mkd-tab-title\" >\n\t\t<span class=\"mkd-tab-title-inner\">\n\t\t\tAutres probl\u00e8mes reli\u00e9s aux fronti\u00e8res des E.U.\t\t<\/span>\n\t<\/span>\n<\/h3><div class=\"mkd-accordion-content\">\n\t<div class=\"mkd-accordion-content-inner\" style=\"padding: 0px 25px\">\n\t\t<div class=\"mkd-unordered-list \" ><ul>\n<li>Refus d\u2019admission<\/li>\n<li>Probl\u00e8mes de \u201cRed flag\u201d<\/li>\n<\/ul>\n<\/div>\t<\/div>\n<\/div>\n<h3 class=\"clearfix mkd-title-holder\">\n\t<span class=\"mkd-accordion-mark mkd-left-mark\">\n\t\t<span class=\"mkd-accordion-mark-icon\">\n\t\t\t<i class=\"icon-arrow-down-circle\"><\/i>\n\t\t<\/span>\n\t<\/span>\n\t<span class=\"mkd-tab-title\" >\n\t\t<span class=\"mkd-tab-title-inner\">\n\t\t\tDemandes de FOIA (Freedom of Information Act)\t\t<\/span>\n\t<\/span>\n<\/h3><div class=\"mkd-accordion-content\">\n\t<div class=\"mkd-accordion-content-inner\" style=\"padding: 0px 25px\">\n\t\t\t<\/div>\n<\/div>\n<h3 class=\"clearfix mkd-title-holder\">\n\t<span class=\"mkd-accordion-mark mkd-left-mark\">\n\t\t<span class=\"mkd-accordion-mark-icon\">\n\t\t\t<i class=\"icon-arrow-down-circle\"><\/i>\n\t\t<\/span>\n\t<\/span>\n\t<span class=\"mkd-tab-title\" >\n\t\t<span class=\"mkd-tab-title-inner\">\n\t\t\tIncorporation et enregistrements de compagnies aux \u00c9tats-Unis \t\t<\/span>\n\t<\/span>\n<\/h3><div class=\"mkd-accordion-content\">\n\t<div class=\"mkd-accordion-content-inner\" style=\"padding: 0px 25px\">\n\t\t\t<\/div>\n<\/div>\n<\/div>[\/vc_column][\/vc_row]<\/p>\n","protected":false},"excerpt":{"rendered":"<p>[vc_row triangle_shape=\u00a0\u00bbno\u00a0\u00bb][vc_column][vc_column_text css_animation=\u00a0\u00bbbottom-to-top\u00a0\u00bb] PROGRAMMES D\u2019IMMIGRATION AUX \u00c9TATS-UNIS [\/vc_column_text][\/vc_column][\/vc_row][vc_row triangle_shape=\u00a0\u00bbno\u00a0\u00bb][vc_column][vc_column_text css_animation=\u00a0\u00bbbottom-to-top\u00a0\u00bb] PERMITS TEMPORAIRES [\/vc_column_text][\/vc_column][\/vc_row][vc_row triangle_shape=\u00a0\u00bbno\u00a0\u00bb][vc_column][vc_column_text css_animation=\u00a0\u00bbbottom-to-top\u00a0\u00bb] AUTRES SERVICES [\/vc_column_text][\/vc_column][\/vc_row]<\/p>\n","protected":false},"author":1,"featured_media":3442,"parent":3611,"menu_order":0,"comment_status":"closed","ping_status":"closed","template":"","meta":[],"yoast_head":"<!-- This site is optimized with the Yoast SEO plugin v18.4.1 - https:\/\/yoast.com\/wordpress\/plugins\/seo\/ -->\n<title>Immigration aux \u00c9tats-unis<\/title>\n<meta name=\"robots\" content=\"index, follow, max-snippet:-1, max-image-preview:large, max-video-preview:-1\" \/>\n<link rel=\"canonical\" href=\"https:\/\/immcanada.com\/fr\/domaines-dexpertise\/immigration-aux-etats-unis\/\" \/>\n<meta property=\"og:locale\" content=\"fr_FR\" \/>\n<meta property=\"og:type\" content=\"article\" \/>\n<meta property=\"og:title\" content=\"Immigration aux \u00c9tats-unis\" \/>\n<meta property=\"og:description\" content=\"[vc_row triangle_shape=\u00a0\u00bbno\u00a0\u00bb][vc_column][vc_column_text css_animation=\u00a0\u00bbbottom-to-top\u00a0\u00bb] PROGRAMMES D\u2019IMMIGRATION AUX \u00c9TATS-UNIS [\/vc_column_text][\/vc_column][\/vc_row][vc_row triangle_shape=\u00a0\u00bbno\u00a0\u00bb][vc_column][vc_column_text css_animation=\u00a0\u00bbbottom-to-top\u00a0\u00bb] PERMITS TEMPORAIRES [\/vc_column_text][\/vc_column][\/vc_row][vc_row triangle_shape=\u00a0\u00bbno\u00a0\u00bb][vc_column][vc_column_text css_animation=\u00a0\u00bbbottom-to-top\u00a0\u00bb] AUTRES SERVICES [\/vc_column_text][\/vc_column][\/vc_row]\" \/>\n<meta property=\"og:url\" content=\"https:\/\/immcanada.com\/fr\/domaines-dexpertise\/immigration-aux-etats-unis\/\" \/>\n<meta property=\"og:site_name\" content=\"Leiter Rahme\" \/>\n<meta property=\"article:modified_time\" content=\"2016-08-28T06:49:28+00:00\" \/>\n<meta property=\"og:image\" content=\"https:\/\/immcanada.com\/wp-content\/uploads\/2016\/04\/usa-immigration.jpg\" \/>\n\t<meta property=\"og:image:width\" content=\"600\" \/>\n\t<meta property=\"og:image:height\" content=\"400\" \/>\n\t<meta property=\"og:image:type\" content=\"image\/jpeg\" \/>\n<meta name=\"twitter:card\" content=\"summary\" \/>\n<meta name=\"twitter:label1\" content=\"Dur\u00e9e de lecture estim\u00e9e\" \/>\n\t<meta name=\"twitter:data1\" content=\"4 minutes\" \/>\n<script type=\"application\/ld+json\" class=\"yoast-schema-graph\">{\"@context\":\"https:\/\/schema.org\",\"@graph\":[{\"@type\":\"WebSite\",\"@id\":\"https:\/\/immcanada.com\/#website\",\"url\":\"https:\/\/immcanada.com\/\",\"name\":\"Leiter Rahme\",\"description\":\"We&#039;re with you every step of the way\",\"potentialAction\":[{\"@type\":\"SearchAction\",\"target\":{\"@type\":\"EntryPoint\",\"urlTemplate\":\"https:\/\/immcanada.com\/?s={search_term_string}\"},\"query-input\":\"required name=search_term_string\"}],\"inLanguage\":\"fr-FR\"},{\"@type\":\"ImageObject\",\"@id\":\"https:\/\/immcanada.com\/fr\/domaines-dexpertise\/immigration-aux-etats-unis\/#primaryimage\",\"inLanguage\":\"fr-FR\",\"url\":\"https:\/\/immcanada.com\/wp-content\/uploads\/2016\/04\/usa-immigration.jpg\",\"contentUrl\":\"https:\/\/immcanada.com\/wp-content\/uploads\/2016\/04\/usa-immigration.jpg\",\"width\":600,\"height\":400},{\"@type\":\"WebPage\",\"@id\":\"https:\/\/immcanada.com\/fr\/domaines-dexpertise\/immigration-aux-etats-unis\/#webpage\",\"url\":\"https:\/\/immcanada.com\/fr\/domaines-dexpertise\/immigration-aux-etats-unis\/\",\"name\":\"Immigration aux \u00c9tats-unis\",\"isPartOf\":{\"@id\":\"https:\/\/immcanada.com\/#website\"},\"primaryImageOfPage\":{\"@id\":\"https:\/\/immcanada.com\/fr\/domaines-dexpertise\/immigration-aux-etats-unis\/#primaryimage\"},\"datePublished\":\"2016-08-28T04:38:37+00:00\",\"dateModified\":\"2016-08-28T06:49:28+00:00\",\"breadcrumb\":{\"@id\":\"https:\/\/immcanada.com\/fr\/domaines-dexpertise\/immigration-aux-etats-unis\/#breadcrumb\"},\"inLanguage\":\"fr-FR\",\"potentialAction\":[{\"@type\":\"ReadAction\",\"target\":[\"https:\/\/immcanada.com\/fr\/domaines-dexpertise\/immigration-aux-etats-unis\/\"]}]},{\"@type\":\"BreadcrumbList\",\"@id\":\"https:\/\/immcanada.com\/fr\/domaines-dexpertise\/immigration-aux-etats-unis\/#breadcrumb\",\"itemListElement\":[{\"@type\":\"ListItem\",\"position\":1,\"name\":\"Home\",\"item\":\"https:\/\/immcanada.com\/fr\/\"},{\"@type\":\"ListItem\",\"position\":2,\"name\":\"Domaines d&rsquo;expertise\",\"item\":\"https:\/\/immcanada.com\/fr\/domaines-dexpertise\/\"},{\"@type\":\"ListItem\",\"position\":3,\"name\":\"Immigration aux \u00c9tats-unis\"}]}]}<\/script>\n<!-- \/ Yoast SEO plugin. -->","yoast_head_json":{"title":"Immigration aux \u00c9tats-unis","robots":{"index":"index","follow":"follow","max-snippet":"max-snippet:-1","max-image-preview":"max-image-preview:large","max-video-preview":"max-video-preview:-1"},"canonical":"https:\/\/immcanada.com\/fr\/domaines-dexpertise\/immigration-aux-etats-unis\/","og_locale":"fr_FR","og_type":"article","og_title":"Immigration aux \u00c9tats-unis","og_description":"[vc_row triangle_shape=\u00a0\u00bbno\u00a0\u00bb][vc_column][vc_column_text css_animation=\u00a0\u00bbbottom-to-top\u00a0\u00bb] PROGRAMMES D\u2019IMMIGRATION AUX \u00c9TATS-UNIS [\/vc_column_text][\/vc_column][\/vc_row][vc_row triangle_shape=\u00a0\u00bbno\u00a0\u00bb][vc_column][vc_column_text css_animation=\u00a0\u00bbbottom-to-top\u00a0\u00bb] PERMITS TEMPORAIRES [\/vc_column_text][\/vc_column][\/vc_row][vc_row triangle_shape=\u00a0\u00bbno\u00a0\u00bb][vc_column][vc_column_text css_animation=\u00a0\u00bbbottom-to-top\u00a0\u00bb] AUTRES SERVICES [\/vc_column_text][\/vc_column][\/vc_row]","og_url":"https:\/\/immcanada.com\/fr\/domaines-dexpertise\/immigration-aux-etats-unis\/","og_site_name":"Leiter Rahme","article_modified_time":"2016-08-28T06:49:28+00:00","og_image":[{"width":600,"height":400,"url":"https:\/\/immcanada.com\/wp-content\/uploads\/2016\/04\/usa-immigration.jpg","type":"image\/jpeg"}],"twitter_card":"summary","twitter_misc":{"Dur\u00e9e de lecture estim\u00e9e":"4 minutes"},"schema":{"@context":"https:\/\/schema.org","@graph":[{"@type":"WebSite","@id":"https:\/\/immcanada.com\/#website","url":"https:\/\/immcanada.com\/","name":"Leiter Rahme","description":"We&#039;re with you every step of the way","potentialAction":[{"@type":"SearchAction","target":{"@type":"EntryPoint","urlTemplate":"https:\/\/immcanada.com\/?s={search_term_string}"},"query-input":"required name=search_term_string"}],"inLanguage":"fr-FR"},{"@type":"ImageObject","@id":"https:\/\/immcanada.com\/fr\/domaines-dexpertise\/immigration-aux-etats-unis\/#primaryimage","inLanguage":"fr-FR","url":"https:\/\/immcanada.com\/wp-content\/uploads\/2016\/04\/usa-immigration.jpg","contentUrl":"https:\/\/immcanada.com\/wp-content\/uploads\/2016\/04\/usa-immigration.jpg","width":600,"height":400},{"@type":"WebPage","@id":"https:\/\/immcanada.com\/fr\/domaines-dexpertise\/immigration-aux-etats-unis\/#webpage","url":"https:\/\/immcanada.com\/fr\/domaines-dexpertise\/immigration-aux-etats-unis\/","name":"Immigration aux \u00c9tats-unis","isPartOf":{"@id":"https:\/\/immcanada.com\/#website"},"primaryImageOfPage":{"@id":"https:\/\/immcanada.com\/fr\/domaines-dexpertise\/immigration-aux-etats-unis\/#primaryimage"},"datePublished":"2016-08-28T04:38:37+00:00","dateModified":"2016-08-28T06:49:28+00:00","breadcrumb":{"@id":"https:\/\/immcanada.com\/fr\/domaines-dexpertise\/immigration-aux-etats-unis\/#breadcrumb"},"inLanguage":"fr-FR","potentialAction":[{"@type":"ReadAction","target":["https:\/\/immcanada.com\/fr\/domaines-dexpertise\/immigration-aux-etats-unis\/"]}]},{"@type":"BreadcrumbList","@id":"https:\/\/immcanada.com\/fr\/domaines-dexpertise\/immigration-aux-etats-unis\/#breadcrumb","itemListElement":[{"@type":"ListItem","position":1,"name":"Home","item":"https:\/\/immcanada.com\/fr\/"},{"@type":"ListItem","position":2,"name":"Domaines d&rsquo;expertise","item":"https:\/\/immcanada.com\/fr\/domaines-dexpertise\/"},{"@type":"ListItem","position":3,"name":"Immigration aux \u00c9tats-unis"}]}]}},"_links":{"self":[{"href":"https:\/\/immcanada.com\/fr\/wp-json\/wp\/v2\/pages\/3578\/"}],"collection":[{"href":"https:\/\/immcanada.com\/fr\/wp-json\/wp\/v2\/pages\/"}],"about":[{"href":"https:\/\/immcanada.com\/fr\/wp-json\/wp\/v2\/types\/page\/"}],"author":[{"embeddable":true,"href":"https:\/\/immcanada.com\/fr\/wp-json\/wp\/v2\/users\/1\/"}],"replies":[{"embeddable":true,"href":"https:\/\/immcanada.com\/fr\/wp-json\/wp\/v2\/comments\/?post=3578"}],"version-history":[{"count":5,"href":"https:\/\/immcanada.com\/fr\/wp-json\/wp\/v2\/pages\/3578\/revisions\/"}],"predecessor-version":[{"id":3587,"href":"https:\/\/immcanada.com\/fr\/wp-json\/wp\/v2\/pages\/3578\/revisions\/3587\/"}],"up":[{"embeddable":true,"href":"https:\/\/immcanada.com\/fr\/wp-json\/wp\/v2\/pages\/3611\/"}],"wp:featuredmedia":[{"embeddable":true,"href":"https:\/\/immcanada.com\/fr\/wp-json\/wp\/v2\/media\/3442\/"}],"wp:attachment":[{"href":"https:\/\/immcanada.com\/fr\/wp-json\/wp\/v2\/media\/?parent=3578"}],"curies":[{"name":"wp","href":"https:\/\/api.w.org\/{rel}","templated":true}]}}