{"id":3588,"date":"2016-08-28T05:19:46","date_gmt":"2016-08-28T05:19:46","guid":{"rendered":"http:\/\/immcanada.com\/?page_id=3588&#038;lang=fr"},"modified":"2016-08-28T06:49:24","modified_gmt":"2016-08-28T06:49:24","slug":"immigration-au-canada","status":"publish","type":"page","link":"https:\/\/immcanada.com\/fr\/domaines-dexpertise\/immigration-au-canada\/","title":{"rendered":"Immigration au Canada"},"content":{"rendered":"<p>[vc_row triangle_shape=\u00a0\u00bbno\u00a0\u00bb][vc_column][vc_column_text css_animation=\u00a0\u00bbbottom-to-top\u00a0\u00bb]<\/p>\n<h2>PROGRAMMES D\u2019IMMIGRATION AU CANADA<\/h2>\n<p>[\/vc_column_text]<div class=\"mkd-accordion-holder clearfix mkd-toggle mkd-initial \">\n\t<h3 class=\"clearfix mkd-title-holder\">\n\t<span class=\"mkd-accordion-mark mkd-left-mark\">\n\t\t<span class=\"mkd-accordion-mark-icon\">\n\t\t\t<i class=\"icon-arrow-down-circle\"><\/i>\n\t\t<\/span>\n\t<\/span>\n\t<span class=\"mkd-tab-title\" >\n\t\t<span class=\"mkd-tab-title-inner\">\n\t\t\tProgrammes d\u2019immigration au niveau provincial (Qu\u00e9bec)\t\t<\/span>\n\t<\/span>\n<\/h3><div class=\"mkd-accordion-content\">\n\t<div class=\"mkd-accordion-content-inner\" style=\"padding: 0px 25px\">\n\t\t<div class=\"mkd-unordered-list \" ><ul>\n<li>Travailleurs Permanents\n<ul>\n<li>Programme r\u00e9gulier des travailleurs qualifi\u00e9s s\u00e9lectionn\u00e9s par le Qu\u00e9bec<\/li>\n<\/ul>\n<\/li>\n<li>PEQ \u2013 Programme de l\u2019exp\u00e9rience Qu\u00e9b\u00e9coise (Processus simplifi\u00e9):\n<ul>\n<li>Dipl\u00f4m\u00e9s du Qu\u00e9bec<\/li>\n<li>Travailleurs \u00e9trangers temporaires sp\u00e9cialis\u00e9s<\/li>\n<\/ul>\n<\/li>\n<li>Gens d\u2019affaires\n<ul>\n<li>Programme des entrepreneurs<\/li>\n<li>Programme des investisseurs<\/li>\n<li>Programme des travailleurs autonomes<\/li>\n<\/ul>\n<\/li>\n<\/ul>\n<\/div>\t<\/div>\n<\/div>\n<h3 class=\"clearfix mkd-title-holder\">\n\t<span class=\"mkd-accordion-mark mkd-left-mark\">\n\t\t<span class=\"mkd-accordion-mark-icon\">\n\t\t\t<i class=\"icon-arrow-down-circle\"><\/i>\n\t\t<\/span>\n\t<\/span>\n\t<span class=\"mkd-tab-title\" >\n\t\t<span class=\"mkd-tab-title-inner\">\n\t\t\tProgrammes d\u2019immigration au niveau f\u00e9d\u00e9ral (Canada)\t\t<\/span>\n\t<\/span>\n<\/h3><div class=\"mkd-accordion-content\">\n\t<div class=\"mkd-accordion-content-inner\" style=\"padding: 0px 25px\">\n\t\t<div class=\"mkd-unordered-list \" ><ul>\n<li>Entr\u00e9e Express (nouveau syst\u00e8me de s\u00e9lection des candidats au f\u00e9d\u00e9ral)\n<ul>\n<li>Programme des travailleurs qualifi\u00e9s (f\u00e9d\u00e9ral)<\/li>\n<li>Programme des travailleurs de m\u00e9tiers sp\u00e9cialis\u00e9s (f\u00e9d\u00e9ral)<\/li>\n<li>Cat\u00e9gorie de l\u2019exp\u00e9rience canadienne (CEC)<\/li>\n<\/ul>\n<\/li>\n<\/ul>\n<\/div>\t<\/div>\n<\/div>\n<h3 class=\"clearfix mkd-title-holder\">\n\t<span class=\"mkd-accordion-mark mkd-left-mark\">\n\t\t<span class=\"mkd-accordion-mark-icon\">\n\t\t\t<i class=\"icon-arrow-down-circle\"><\/i>\n\t\t<\/span>\n\t<\/span>\n\t<span class=\"mkd-tab-title\" >\n\t\t<span class=\"mkd-tab-title-inner\">\n\t\t\tProgramme des candidats des provinces (PCP)\t\t<\/span>\n\t<\/span>\n<\/h3><div class=\"mkd-accordion-content\">\n\t<div class=\"mkd-accordion-content-inner\" style=\"padding: 0px 25px\">\n\t\t\t<\/div>\n<\/div>\n<h3 class=\"clearfix mkd-title-holder\">\n\t<span class=\"mkd-accordion-mark mkd-left-mark\">\n\t\t<span class=\"mkd-accordion-mark-icon\">\n\t\t\t<i class=\"icon-arrow-down-circle\"><\/i>\n\t\t<\/span>\n\t<\/span>\n\t<span class=\"mkd-tab-title\" >\n\t\t<span class=\"mkd-tab-title-inner\">\n\t\t\tParrainage d\u2019un membre de la famille\t\t<\/span>\n\t<\/span>\n<\/h3><div class=\"mkd-accordion-content\">\n\t<div class=\"mkd-accordion-content-inner\" style=\"padding: 0px 25px\">\n\t\t<div class=\"mkd-unordered-list \" ><ul>\n<li>\u00c9poux, conjoint de fait ou partenaire conjugal<\/li>\n<li>Parents et grands parents<\/li>\n<li>Enfant \u00e0 charge (biologique ou adopt\u00e9)<\/li>\n<\/ul>\n<\/div>\t<\/div>\n<\/div>\n<h3 class=\"clearfix mkd-title-holder\">\n\t<span class=\"mkd-accordion-mark mkd-left-mark\">\n\t\t<span class=\"mkd-accordion-mark-icon\">\n\t\t\t<i class=\"icon-arrow-down-circle\"><\/i>\n\t\t<\/span>\n\t<\/span>\n\t<span class=\"mkd-tab-title\" >\n\t\t<span class=\"mkd-tab-title-inner\">\n\t\t\tDemandes de Consid\u00e9rations d\u2019ordre humanitaire \t\t<\/span>\n\t<\/span>\n<\/h3><div class=\"mkd-accordion-content\">\n\t<div class=\"mkd-accordion-content-inner\" style=\"padding: 0px 25px\">\n\t\t\t<\/div>\n<\/div>\n<\/div>[\/vc_column][\/vc_row][vc_row triangle_shape=\u00a0\u00bbno\u00a0\u00bb][vc_column][vc_column_text css_animation=\u00a0\u00bbbottom-to-top\u00a0\u00bb]<\/p>\n<h2>PERMIS TEMPORAIRES<\/h2>\n<p>[\/vc_column_text]<div class=\"mkd-accordion-holder clearfix mkd-toggle mkd-initial \">\n\t<h3 class=\"clearfix mkd-title-holder\">\n\t<span class=\"mkd-accordion-mark mkd-left-mark\">\n\t\t<span class=\"mkd-accordion-mark-icon\">\n\t\t\t<i class=\"icon-arrow-down-circle\"><\/i>\n\t\t<\/span>\n\t<\/span>\n\t<span class=\"mkd-tab-title\" >\n\t\t<span class=\"mkd-tab-title-inner\">\n\t\t\tPermis de travail\t\t<\/span>\n\t<\/span>\n<\/h3><div class=\"mkd-accordion-content\">\n\t<div class=\"mkd-accordion-content-inner\" style=\"padding: 0px 25px\">\n\t\t<div class=\"mkd-unordered-list \" ><ul>\n<li>Permis de travail li\u00e9 \u00e0 un employeur donn\u00e9 n\u00e9cessitant une \u00c9tude d\u2019Impact sur le March\u00e9 du Travail (EIMT)\n<ul>\n<li>Pour Travailleurs r\u00e9guliers salari\u00e9s<\/li>\n<li>Pour Propri\u00e9taires\/Exploitants<\/li>\n<\/ul>\n<\/li>\n<li>Processus d\u2019EIMT simplifi\u00e9 (au Qu\u00e9bec)<\/li>\n<li>Permis exempt\u00e9s d\u2019EIMT:\n<ul>\n<li>Entrepreneurs\/travailleurs autonomes d\u00e9sirant exploiter une entreprise commerciale<\/li>\n<li>Personnes mut\u00e9es \u00e0 l\u2019int\u00e9rieur d\u2019une soci\u00e9t\u00e9<\/li>\n<li>Programmes d\u2019\u00e9changes internationaux<\/li>\n<li>Enfants \u00e0 charge et \u00e9poux\/\u00e9pouse des travailleurs temporaires<\/li>\n<\/ul>\n<\/li>\n<\/ul>\n<\/div>\t<\/div>\n<\/div>\n<h3 class=\"clearfix mkd-title-holder\">\n\t<span class=\"mkd-accordion-mark mkd-left-mark\">\n\t\t<span class=\"mkd-accordion-mark-icon\">\n\t\t\t<i class=\"icon-arrow-down-circle\"><\/i>\n\t\t<\/span>\n\t<\/span>\n\t<span class=\"mkd-tab-title\" >\n\t\t<span class=\"mkd-tab-title-inner\">\n\t\t\tProgramme de Mobilit\u00e9 Internationale\t\t<\/span>\n\t<\/span>\n<\/h3><div class=\"mkd-accordion-content\">\n\t<div class=\"mkd-accordion-content-inner\" style=\"padding: 0px 25px\">\n\t\t<div class=\"mkd-unordered-list \" ><ul>\n<li>Accord de Libre-\u00e9change Nord-Am\u00e9ricain (ALENA) pour les citoyens am\u00e9ricains et mexicains:\n<ul>\n<li>Visiteurs Commerciaux<\/li>\n<li>Professionnels<\/li>\n<li>Personnes mut\u00e9es \u00e0 l\u2019int\u00e9rieur d\u2019une soci\u00e9t\u00e9<\/li>\n<li>N\u00e9gociants<\/li>\n<li>Investisseurs<\/li>\n<li>Enseignants dans les universit\u00e9s, les coll\u00e8ges et les s\u00e9minaires<\/li>\n<\/ul>\n<\/li>\n<\/ul>\n<\/div>\t<\/div>\n<\/div>\n<h3 class=\"clearfix mkd-title-holder\">\n\t<span class=\"mkd-accordion-mark mkd-left-mark\">\n\t\t<span class=\"mkd-accordion-mark-icon\">\n\t\t\t<i class=\"icon-arrow-down-circle\"><\/i>\n\t\t<\/span>\n\t<\/span>\n\t<span class=\"mkd-tab-title\" >\n\t\t<span class=\"mkd-tab-title-inner\">\n\t\t\tPermis d\u2019\u00e9tudes\t\t<\/span>\n\t<\/span>\n<\/h3><div class=\"mkd-accordion-content\">\n\t<div class=\"mkd-accordion-content-inner\" style=\"padding: 0px 25px\">\n\t\t<div class=\"mkd-unordered-list \" ><ul>\n<li>Permis d\u2019\u00e9tudes au Qu\u00e9bec ou ailleurs au Canada<\/li>\n<li>Programme de l\u2019exp\u00e9rience Qu\u00e9b\u00e9coise (PEQ)<\/li>\n<\/ul>\n<\/div>\t<\/div>\n<\/div>\n<h3 class=\"clearfix mkd-title-holder\">\n\t<span class=\"mkd-accordion-mark mkd-left-mark\">\n\t\t<span class=\"mkd-accordion-mark-icon\">\n\t\t\t<i class=\"icon-arrow-down-circle\"><\/i>\n\t\t<\/span>\n\t<\/span>\n\t<span class=\"mkd-tab-title\" >\n\t\t<span class=\"mkd-tab-title-inner\">\n\t\t\tVisas pour visiteurs \t\t<\/span>\n\t<\/span>\n<\/h3><div class=\"mkd-accordion-content\">\n\t<div class=\"mkd-accordion-content-inner\" style=\"padding: 0px 25px\">\n\t\t\t<\/div>\n<\/div>\n<h3 class=\"clearfix mkd-title-holder\">\n\t<span class=\"mkd-accordion-mark mkd-left-mark\">\n\t\t<span class=\"mkd-accordion-mark-icon\">\n\t\t\t<i class=\"icon-arrow-down-circle\"><\/i>\n\t\t<\/span>\n\t<\/span>\n\t<span class=\"mkd-tab-title\" >\n\t\t<span class=\"mkd-tab-title-inner\">\n\t\t\tDemandes de modification des conditions de s\u00e9jour ou de prorogation du s\u00e9jour\t\t<\/span>\n\t<\/span>\n<\/h3><div class=\"mkd-accordion-content\">\n\t<div class=\"mkd-accordion-content-inner\" style=\"padding: 0px 25px\">\n\t\t<div class=\"mkd-unordered-list \" ><ul>\n<li>Renouvellement du statut de visiteur<\/li>\n<li>Renouvellement du permis de travail et d\u2019\u00e9tudes<\/li>\n<li>R\u00e9tablissement de statut<\/li>\n<\/ul>\n<\/div>\t<\/div>\n<\/div>\n<h3 class=\"clearfix mkd-title-holder\">\n\t<span class=\"mkd-accordion-mark mkd-left-mark\">\n\t\t<span class=\"mkd-accordion-mark-icon\">\n\t\t\t<i class=\"icon-arrow-down-circle\"><\/i>\n\t\t<\/span>\n\t<\/span>\n\t<span class=\"mkd-tab-title\" >\n\t\t<span class=\"mkd-tab-title-inner\">\n\t\t\tSuper Visa pour parents et grandparents\t\t<\/span>\n\t<\/span>\n<\/h3><div class=\"mkd-accordion-content\">\n\t<div class=\"mkd-accordion-content-inner\" style=\"padding: 0px 25px\">\n\t\t\t<\/div>\n<\/div>\n<\/div>[\/vc_column][\/vc_row][vc_row triangle_shape=\u00a0\u00bbno\u00a0\u00bb][vc_column][vc_column_text css_animation=\u00a0\u00bbbottom-to-top\u00a0\u00bb]<\/p>\n<h2>AUDIENCES<\/h2>\n<p>[\/vc_column_text]<div class=\"mkd-accordion-holder clearfix mkd-toggle mkd-initial \">\n\t<h3 class=\"clearfix mkd-title-holder\">\n\t<span class=\"mkd-accordion-mark mkd-left-mark\">\n\t\t<span class=\"mkd-accordion-mark-icon\">\n\t\t\t<i class=\"icon-arrow-down-circle\"><\/i>\n\t\t<\/span>\n\t<\/span>\n\t<span class=\"mkd-tab-title\" >\n\t\t<span class=\"mkd-tab-title-inner\">\n\t\t\tSection d\u2019Appel de l\u2019Immigration (SAI)\t\t<\/span>\n\t<\/span>\n<\/h3><div class=\"mkd-accordion-content\">\n\t<div class=\"mkd-accordion-content-inner\" style=\"padding: 0px 25px\">\n\t\t<div class=\"mkd-unordered-list \" ><ul>\n<li>Repr\u00e9sentation et pr\u00e9paration pour audiences devant la SAI concernant:\n<ul>\n<li>Refus des demandes de parrainage<\/li>\n<li>Perte de statut de r\u00e9sident permanent pour absence prolong\u00e9e du Canada<\/li>\n<li>Perte de statut de r\u00e9sident permanent due \u00e0 un dossier criminel<\/li>\n<\/ul>\n<\/li>\n<\/ul>\n<\/div>\t<\/div>\n<\/div>\n<h3 class=\"clearfix mkd-title-holder\">\n\t<span class=\"mkd-accordion-mark mkd-left-mark\">\n\t\t<span class=\"mkd-accordion-mark-icon\">\n\t\t\t<i class=\"icon-arrow-down-circle\"><\/i>\n\t\t<\/span>\n\t<\/span>\n\t<span class=\"mkd-tab-title\" >\n\t\t<span class=\"mkd-tab-title-inner\">\n\t\t\tCour F\u00e9d\u00e9rale\t\t<\/span>\n\t<\/span>\n<\/h3><div class=\"mkd-accordion-content\">\n\t<div class=\"mkd-accordion-content-inner\" style=\"padding: 0px 25px\">\n\t\t<div class=\"mkd-unordered-list \" ><ul>\n<li>Demandes de r\u00e9vision judiciaire<\/li>\n<li>Demandes de Mandamus<\/li>\n<\/ul>\n<\/div>\t<\/div>\n<\/div>\n<h3 class=\"clearfix mkd-title-holder\">\n\t<span class=\"mkd-accordion-mark mkd-left-mark\">\n\t\t<span class=\"mkd-accordion-mark-icon\">\n\t\t\t<i class=\"icon-arrow-down-circle\"><\/i>\n\t\t<\/span>\n\t<\/span>\n\t<span class=\"mkd-tab-title\" >\n\t\t<span class=\"mkd-tab-title-inner\">\n\t\t\tTribunal Administratif du Qu\u00e9bec (TAQ) \t\t<\/span>\n\t<\/span>\n<\/h3><div class=\"mkd-accordion-content\">\n\t<div class=\"mkd-accordion-content-inner\" style=\"padding: 0px 25px\">\n\t\t\t<\/div>\n<\/div>\n<\/div>[\/vc_column][\/vc_row][vc_row triangle_shape=\u00a0\u00bbno\u00a0\u00bb][vc_column][vc_column_text css_animation=\u00a0\u00bbbottom-to-top\u00a0\u00bb]<\/p>\n<h2>AUTRES SERVICES<\/h2>\n<p>[\/vc_column_text]<div class=\"mkd-accordion-holder clearfix mkd-toggle mkd-initial \">\n\t<h3 class=\"clearfix mkd-title-holder\">\n\t<span class=\"mkd-accordion-mark mkd-left-mark\">\n\t\t<span class=\"mkd-accordion-mark-icon\">\n\t\t\t<i class=\"icon-arrow-down-circle\"><\/i>\n\t\t<\/span>\n\t<\/span>\n\t<span class=\"mkd-tab-title\" >\n\t\t<span class=\"mkd-tab-title-inner\">\n\t\t\tDemande de citoyennet\u00e9 canadienne \t\t<\/span>\n\t<\/span>\n<\/h3><div class=\"mkd-accordion-content\">\n\t<div class=\"mkd-accordion-content-inner\" style=\"padding: 0px 25px\">\n\t\t\t<\/div>\n<\/div>\n<h3 class=\"clearfix mkd-title-holder\">\n\t<span class=\"mkd-accordion-mark mkd-left-mark\">\n\t\t<span class=\"mkd-accordion-mark-icon\">\n\t\t\t<i class=\"icon-arrow-down-circle\"><\/i>\n\t\t<\/span>\n\t<\/span>\n\t<span class=\"mkd-tab-title\" >\n\t\t<span class=\"mkd-tab-title-inner\">\n\t\t\tDemande de renouvellement de carte de r\u00e9sident permanent \t\t<\/span>\n\t<\/span>\n<\/h3><div class=\"mkd-accordion-content\">\n\t<div class=\"mkd-accordion-content-inner\" style=\"padding: 0px 25px\">\n\t\t\t<\/div>\n<\/div>\n<h3 class=\"clearfix mkd-title-holder\">\n\t<span class=\"mkd-accordion-mark mkd-left-mark\">\n\t\t<span class=\"mkd-accordion-mark-icon\">\n\t\t\t<i class=\"icon-arrow-down-circle\"><\/i>\n\t\t<\/span>\n\t<\/span>\n\t<span class=\"mkd-tab-title\" >\n\t\t<span class=\"mkd-tab-title-inner\">\n\t\t\tDemande de r\u00e9habilitation criminelle \t\t<\/span>\n\t<\/span>\n<\/h3><div class=\"mkd-accordion-content\">\n\t<div class=\"mkd-accordion-content-inner\" style=\"padding: 0px 25px\">\n\t\t\t<\/div>\n<\/div>\n<h3 class=\"clearfix mkd-title-holder\">\n\t<span class=\"mkd-accordion-mark mkd-left-mark\">\n\t\t<span class=\"mkd-accordion-mark-icon\">\n\t\t\t<i class=\"icon-arrow-down-circle\"><\/i>\n\t\t<\/span>\n\t<\/span>\n\t<span class=\"mkd-tab-title\" >\n\t\t<span class=\"mkd-tab-title-inner\">\n\t\t\tIncorporation et enregistrement de compagnies\t\t<\/span>\n\t<\/span>\n<\/h3><div class=\"mkd-accordion-content\">\n\t<div class=\"mkd-accordion-content-inner\" style=\"padding: 0px 25px\">\n\t\t<div class=\"mkd-unordered-list \" ><ul>\n<li>R\u00e9servation de nom<\/li>\n<li>Articles d\u2019incorporation<\/li>\n<li>Certificats d\u2019actions<\/li>\n<li>Minutes<\/li>\n<\/ul>\n<\/div>\t<\/div>\n<\/div>\n<\/div>[\/vc_column][\/vc_row]<\/p>\n","protected":false},"excerpt":{"rendered":"<p>[vc_row triangle_shape=\u00a0\u00bbno\u00a0\u00bb][vc_column][vc_column_text css_animation=\u00a0\u00bbbottom-to-top\u00a0\u00bb] PROGRAMMES D\u2019IMMIGRATION AU CANADA [\/vc_column_text][\/vc_column][\/vc_row][vc_row triangle_shape=\u00a0\u00bbno\u00a0\u00bb][vc_column][vc_column_text css_animation=\u00a0\u00bbbottom-to-top\u00a0\u00bb] PERMIS TEMPORAIRES [\/vc_column_text][\/vc_column][\/vc_row][vc_row triangle_shape=\u00a0\u00bbno\u00a0\u00bb][vc_column][vc_column_text css_animation=\u00a0\u00bbbottom-to-top\u00a0\u00bb] AUDIENCES [\/vc_column_text][\/vc_column][\/vc_row][vc_row triangle_shape=\u00a0\u00bbno\u00a0\u00bb][vc_column][vc_column_text css_animation=\u00a0\u00bbbottom-to-top\u00a0\u00bb] AUTRES SERVICES [\/vc_column_text][\/vc_column][\/vc_row]<\/p>\n","protected":false},"author":1,"featured_media":6179,"parent":3611,"menu_order":0,"comment_status":"closed","ping_status":"closed","template":"","meta":[],"yoast_head":"<!-- This site is optimized with the Yoast SEO plugin v18.4.1 - https:\/\/yoast.com\/wordpress\/plugins\/seo\/ -->\n<title>Immigration au Canada<\/title>\n<meta name=\"robots\" content=\"index, follow, max-snippet:-1, max-image-preview:large, max-video-preview:-1\" \/>\n<link rel=\"canonical\" href=\"https:\/\/immcanada.com\/fr\/domaines-dexpertise\/immigration-au-canada\/\" \/>\n<meta property=\"og:locale\" content=\"fr_FR\" \/>\n<meta property=\"og:type\" content=\"article\" \/>\n<meta property=\"og:title\" content=\"Immigration au Canada\" \/>\n<meta property=\"og:description\" content=\"[vc_row triangle_shape=\u00a0\u00bbno\u00a0\u00bb][vc_column][vc_column_text css_animation=\u00a0\u00bbbottom-to-top\u00a0\u00bb] PROGRAMMES D\u2019IMMIGRATION AU CANADA [\/vc_column_text][\/vc_column][\/vc_row][vc_row triangle_shape=\u00a0\u00bbno\u00a0\u00bb][vc_column][vc_column_text css_animation=\u00a0\u00bbbottom-to-top\u00a0\u00bb] PERMIS TEMPORAIRES [\/vc_column_text][\/vc_column][\/vc_row][vc_row triangle_shape=\u00a0\u00bbno\u00a0\u00bb][vc_column][vc_column_text css_animation=\u00a0\u00bbbottom-to-top\u00a0\u00bb] AUDIENCES [\/vc_column_text][\/vc_column][\/vc_row][vc_row triangle_shape=\u00a0\u00bbno\u00a0\u00bb][vc_column][vc_column_text css_animation=\u00a0\u00bbbottom-to-top\u00a0\u00bb] AUTRES SERVICES [\/vc_column_text][\/vc_column][\/vc_row]\" \/>\n<meta property=\"og:url\" content=\"https:\/\/immcanada.com\/fr\/domaines-dexpertise\/immigration-au-canada\/\" \/>\n<meta property=\"og:site_name\" content=\"Leiter Rahme\" \/>\n<meta property=\"article:modified_time\" content=\"2016-08-28T06:49:24+00:00\" \/>\n<meta property=\"og:image\" content=\"https:\/\/immcanada.com\/wp-content\/uploads\/2016\/04\/canada-immigration.jpg\" \/>\n\t<meta property=\"og:image:width\" content=\"600\" \/>\n\t<meta property=\"og:image:height\" content=\"401\" \/>\n\t<meta property=\"og:image:type\" content=\"image\/jpeg\" \/>\n<meta name=\"twitter:card\" content=\"summary\" \/>\n<meta name=\"twitter:label1\" content=\"Dur\u00e9e de lecture estim\u00e9e\" \/>\n\t<meta name=\"twitter:data1\" content=\"4 minutes\" \/>\n<script type=\"application\/ld+json\" class=\"yoast-schema-graph\">{\"@context\":\"https:\/\/schema.org\",\"@graph\":[{\"@type\":\"WebSite\",\"@id\":\"https:\/\/immcanada.com\/#website\",\"url\":\"https:\/\/immcanada.com\/\",\"name\":\"Leiter Rahme\",\"description\":\"We&#039;re with you every step of the way\",\"potentialAction\":[{\"@type\":\"SearchAction\",\"target\":{\"@type\":\"EntryPoint\",\"urlTemplate\":\"https:\/\/immcanada.com\/?s={search_term_string}\"},\"query-input\":\"required name=search_term_string\"}],\"inLanguage\":\"fr-FR\"},{\"@type\":\"ImageObject\",\"@id\":\"https:\/\/immcanada.com\/fr\/domaines-dexpertise\/immigration-au-canada\/#primaryimage\",\"inLanguage\":\"fr-FR\",\"url\":\"https:\/\/immcanada.com\/wp-content\/uploads\/2016\/04\/canada-immigration.jpg\",\"contentUrl\":\"https:\/\/immcanada.com\/wp-content\/uploads\/2016\/04\/canada-immigration.jpg\",\"width\":600,\"height\":401},{\"@type\":\"WebPage\",\"@id\":\"https:\/\/immcanada.com\/fr\/domaines-dexpertise\/immigration-au-canada\/#webpage\",\"url\":\"https:\/\/immcanada.com\/fr\/domaines-dexpertise\/immigration-au-canada\/\",\"name\":\"Immigration au Canada\",\"isPartOf\":{\"@id\":\"https:\/\/immcanada.com\/#website\"},\"primaryImageOfPage\":{\"@id\":\"https:\/\/immcanada.com\/fr\/domaines-dexpertise\/immigration-au-canada\/#primaryimage\"},\"datePublished\":\"2016-08-28T05:19:46+00:00\",\"dateModified\":\"2016-08-28T06:49:24+00:00\",\"breadcrumb\":{\"@id\":\"https:\/\/immcanada.com\/fr\/domaines-dexpertise\/immigration-au-canada\/#breadcrumb\"},\"inLanguage\":\"fr-FR\",\"potentialAction\":[{\"@type\":\"ReadAction\",\"target\":[\"https:\/\/immcanada.com\/fr\/domaines-dexpertise\/immigration-au-canada\/\"]}]},{\"@type\":\"BreadcrumbList\",\"@id\":\"https:\/\/immcanada.com\/fr\/domaines-dexpertise\/immigration-au-canada\/#breadcrumb\",\"itemListElement\":[{\"@type\":\"ListItem\",\"position\":1,\"name\":\"Home\",\"item\":\"https:\/\/immcanada.com\/fr\/\"},{\"@type\":\"ListItem\",\"position\":2,\"name\":\"Domaines d&rsquo;expertise\",\"item\":\"https:\/\/immcanada.com\/fr\/domaines-dexpertise\/\"},{\"@type\":\"ListItem\",\"position\":3,\"name\":\"Immigration au Canada\"}]}]}<\/script>\n<!-- \/ Yoast SEO plugin. -->","yoast_head_json":{"title":"Immigration au Canada","robots":{"index":"index","follow":"follow","max-snippet":"max-snippet:-1","max-image-preview":"max-image-preview:large","max-video-preview":"max-video-preview:-1"},"canonical":"https:\/\/immcanada.com\/fr\/domaines-dexpertise\/immigration-au-canada\/","og_locale":"fr_FR","og_type":"article","og_title":"Immigration au Canada","og_description":"[vc_row triangle_shape=\u00a0\u00bbno\u00a0\u00bb][vc_column][vc_column_text css_animation=\u00a0\u00bbbottom-to-top\u00a0\u00bb] PROGRAMMES D\u2019IMMIGRATION AU CANADA [\/vc_column_text][\/vc_column][\/vc_row][vc_row triangle_shape=\u00a0\u00bbno\u00a0\u00bb][vc_column][vc_column_text css_animation=\u00a0\u00bbbottom-to-top\u00a0\u00bb] PERMIS TEMPORAIRES [\/vc_column_text][\/vc_column][\/vc_row][vc_row triangle_shape=\u00a0\u00bbno\u00a0\u00bb][vc_column][vc_column_text css_animation=\u00a0\u00bbbottom-to-top\u00a0\u00bb] AUDIENCES [\/vc_column_text][\/vc_column][\/vc_row][vc_row triangle_shape=\u00a0\u00bbno\u00a0\u00bb][vc_column][vc_column_text css_animation=\u00a0\u00bbbottom-to-top\u00a0\u00bb] AUTRES SERVICES [\/vc_column_text][\/vc_column][\/vc_row]","og_url":"https:\/\/immcanada.com\/fr\/domaines-dexpertise\/immigration-au-canada\/","og_site_name":"Leiter Rahme","article_modified_time":"2016-08-28T06:49:24+00:00","og_image":[{"width":600,"height":401,"url":"https:\/\/immcanada.com\/wp-content\/uploads\/2016\/04\/canada-immigration.jpg","type":"image\/jpeg"}],"twitter_card":"summary","twitter_misc":{"Dur\u00e9e de lecture estim\u00e9e":"4 minutes"},"schema":{"@context":"https:\/\/schema.org","@graph":[{"@type":"WebSite","@id":"https:\/\/immcanada.com\/#website","url":"https:\/\/immcanada.com\/","name":"Leiter Rahme","description":"We&#039;re with you every step of the way","potentialAction":[{"@type":"SearchAction","target":{"@type":"EntryPoint","urlTemplate":"https:\/\/immcanada.com\/?s={search_term_string}"},"query-input":"required name=search_term_string"}],"inLanguage":"fr-FR"},{"@type":"ImageObject","@id":"https:\/\/immcanada.com\/fr\/domaines-dexpertise\/immigration-au-canada\/#primaryimage","inLanguage":"fr-FR","url":"https:\/\/immcanada.com\/wp-content\/uploads\/2016\/04\/canada-immigration.jpg","contentUrl":"https:\/\/immcanada.com\/wp-content\/uploads\/2016\/04\/canada-immigration.jpg","width":600,"height":401},{"@type":"WebPage","@id":"https:\/\/immcanada.com\/fr\/domaines-dexpertise\/immigration-au-canada\/#webpage","url":"https:\/\/immcanada.com\/fr\/domaines-dexpertise\/immigration-au-canada\/","name":"Immigration au Canada","isPartOf":{"@id":"https:\/\/immcanada.com\/#website"},"primaryImageOfPage":{"@id":"https:\/\/immcanada.com\/fr\/domaines-dexpertise\/immigration-au-canada\/#primaryimage"},"datePublished":"2016-08-28T05:19:46+00:00","dateModified":"2016-08-28T06:49:24+00:00","breadcrumb":{"@id":"https:\/\/immcanada.com\/fr\/domaines-dexpertise\/immigration-au-canada\/#breadcrumb"},"inLanguage":"fr-FR","potentialAction":[{"@type":"ReadAction","target":["https:\/\/immcanada.com\/fr\/domaines-dexpertise\/immigration-au-canada\/"]}]},{"@type":"BreadcrumbList","@id":"https:\/\/immcanada.com\/fr\/domaines-dexpertise\/immigration-au-canada\/#breadcrumb","itemListElement":[{"@type":"ListItem","position":1,"name":"Home","item":"https:\/\/immcanada.com\/fr\/"},{"@type":"ListItem","position":2,"name":"Domaines d&rsquo;expertise","item":"https:\/\/immcanada.com\/fr\/domaines-dexpertise\/"},{"@type":"ListItem","position":3,"name":"Immigration au Canada"}]}]}},"_links":{"self":[{"href":"https:\/\/immcanada.com\/fr\/wp-json\/wp\/v2\/pages\/3588\/"}],"collection":[{"href":"https:\/\/immcanada.com\/fr\/wp-json\/wp\/v2\/pages\/"}],"about":[{"href":"https:\/\/immcanada.com\/fr\/wp-json\/wp\/v2\/types\/page\/"}],"author":[{"embeddable":true,"href":"https:\/\/immcanada.com\/fr\/wp-json\/wp\/v2\/users\/1\/"}],"replies":[{"embeddable":true,"href":"https:\/\/immcanada.com\/fr\/wp-json\/wp\/v2\/comments\/?post=3588"}],"version-history":[{"count":3,"href":"https:\/\/immcanada.com\/fr\/wp-json\/wp\/v2\/pages\/3588\/revisions\/"}],"predecessor-version":[{"id":3591,"href":"https:\/\/immcanada.com\/fr\/wp-json\/wp\/v2\/pages\/3588\/revisions\/3591\/"}],"up":[{"embeddable":true,"href":"https:\/\/immcanada.com\/fr\/wp-json\/wp\/v2\/pages\/3611\/"}],"wp:featuredmedia":[{"embeddable":true,"href":"https:\/\/immcanada.com\/fr\/wp-json\/wp\/v2\/media\/6179\/"}],"wp:attachment":[{"href":"https:\/\/immcanada.com\/fr\/wp-json\/wp\/v2\/media\/?parent=3588"}],"curies":[{"name":"wp","href":"https:\/\/api.w.org\/{rel}","templated":true}]}}