{"id":3595,"date":"2016-08-28T06:02:04","date_gmt":"2016-08-28T06:02:04","guid":{"rendered":"http:\/\/immcanada.com\/?page_id=3595&#038;lang=fr"},"modified":"2017-02-27T15:13:53","modified_gmt":"2017-02-27T15:13:53","slug":"pourquoi-nous-choisir","status":"publish","type":"page","link":"https:\/\/immcanada.com\/fr\/pourquoi-nous-choisir\/","title":{"rendered":"Pourquoi nous choisir"},"content":{"rendered":"<h2 align=\"left\">Pourquoi choisir un avocat sp\u00e9cialis\u00e9 dans le droit de l\u2019immigration pour vous repr\u00e9senter?<\/h2>\n<p align=\"left\">Avant de prendre votre d\u00e9cision concernant l\u2019embauche d\u2019un avocat sp\u00e9cialis\u00e9 dans le droit de l\u2019Immigration, il est normal que vous vous demandiez si vous avez vraiment besoin d\u2019un tel professionnel. Il est possible que vous connaissiez des gens qui n\u2019ont pas eu besoin d\u2019un avocat sp\u00e9cialis\u00e9 dans le droit de l\u2019immigration pour obtenir leurs visas. Vous avez pu entendre des histoires concernant des gens qui ont simplement rempli quelques formulaires, pay\u00e9 les frais de demande requis et qui ont re\u00e7u leur visa sans plus de complications.<\/p>\n<p align=\"left\">Cependant, vous avez peut-\u00eatre aussi entendu parler de cas o\u00f9 des demandeurs intr\u00e9pides ont d\u00e9cid\u00e9 de s\u2019y prendre tout seul et de pr\u00e9senter leur demande eux-m\u00eames. Finalement, pour des raisons obscures, la demande pr\u00e9sent\u00e9e a \u00e9t\u00e9 refus\u00e9e. Peu importe l\u2019histoire entendue, il est important de comprendre qu\u2019il s\u2019agit simplement d\u2019histoires en bout de compte.<br \/>\nEn plus des histoires entendues, il y a aussi tous les cas o\u00f9 les demandeurs ont \u00e9t\u00e9 simplement refus\u00e9s mais dont vous n\u2019avez simplement jamais entendu parler \u00e0 cause de l\u2019embarras des demandeurs refus\u00e9s qui ne veulent\u00a0 pas \u00e9bruiter leur m\u00e9saventure.<\/p>\n<p align=\"left\">Nous croyons fermement que pr\u00e9senter une demande d\u2019immigration soi-m\u00eame sans l\u2019aide d\u2019un professionnel d\u2019exp\u00e9rience repr\u00e9sente un risque r\u00e9el qui ne vaut pas la peine d\u2019\u00eatre encouru surtout si vous et les membres de votre famille sont plus que s\u00e9rieux \u00e0 propos de la r\u00e9ussite de votre projet d\u2019immigration.<\/p>\n<p align=\"left\">Les lois et r\u00e8glements encadrant le droit de l\u2019immigration sont tr\u00e8s complexes et constamment en \u00e9volution. Il est fort probable que vous ayez une compr\u00e9hension \u00e9l\u00e9mentaire des pr\u00e9-requis \u00e9tablis pour faire une demande de visa. Cependant, \u00e0 moins que vous soyez un professionnel \u0153uvrant \u00e0 temps plein dans le droit de l\u2019immigration, il serait extr\u00eamement difficile pour vous de conna\u00eetre toutes les modifications et mises \u00e0 jour p\u00e9riodiques qui pourraient avoir un impact sur le r\u00e9sultat de votre demande. De plus, m\u00eame si vous avez fait votre demande vous-m\u00eame et obtenu votre visa, il est aussi possible que vous ayez malencontreusement cr\u00e9\u00e9 des probl\u00e8mes qui auront un effet n\u00e9faste sur votre statut ou sur les possibilit\u00e9s d\u2019immigration des autres membres de votre famille bien apr\u00e8s que vous ayez re\u00e7u votre visa. Alors que vous avez votre visa en main et que tout semble parfait, il est aussi possible que cette situation parfaite \u00e0 cet instant devienne un cauchemar pour vos demandes subs\u00e9quentes.<\/p>\n<p align=\"left\">Devez-vous en comprendre qu\u2019il faut laisser votre dossier \u00e0 un avocat sp\u00e9cialis\u00e9 en droit de l\u2019immigration et que tout va s\u2019arranger tout seul pour vous? Il serait un peu r\u00eaveur de croire que c\u2019est le cas. Nous croyons qu\u2019il est important pour les demandeurs de visas de s\u2019informer sur les proc\u00e9dures \u00e0 compl\u00e9ter et travailler conjointement avec l\u2019avocat sp\u00e9cialis\u00e9 en droit de l\u2019immigration en tant qu\u2019\u00e9quipe. Les demandeurs et l\u2019avocat sp\u00e9cialis\u00e9 dans le droit de l\u2019immigration doivent travailler main dans la main afin de maximiser les chances de r\u00e9ussite de la demande qui sera pr\u00e9sent\u00e9e. Le demandeur conna\u00eet beaucoup plus de d\u00e9tails sur sa situation personnelle alors que l\u2019avocat sp\u00e9cialis\u00e9 en conna\u00eet beaucoup plus sur le droit de l\u2019immigration. En r\u00e9sum\u00e9, les demandes d\u2019immigration couronn\u00e9es de succ\u00e8s sont souvent celle o\u00f9 le client et l\u2019avocat sp\u00e9cialis\u00e9 ont su d\u00e9velopper un esprit de collaboration pour faire un travail d\u2019\u00e9quipe.<\/p>\n<h2 align=\"left\">La diff\u00e9rence entre nous et les autres firmes<\/h2>\n<p align=\"left\">Alors que de nombreuses firmes consid\u00e8rent leurs clients comme \u00e9tant de simples num\u00e9ros ou dossiers, nous privil\u00e9gions une approche beaucoup plus personnalis\u00e9e qui repose sur le contact humain. Il est essentiel pour nous d\u2019accompagner nos clients \u00e0 travers leur projet d\u2019immigration en favorisant le partage d\u2019information et une collaboration continue avec eux.<\/p>\n<p align=\"left\">\u00a0Nous comprenons l\u2019importance d\u2019un tel projet pour chacun de nos clients et c\u2019est avec le plus grand soin que nous pr\u00e9parons chacune des demandes que nous pr\u00e9sentons. Nous nous investissons personnellement dans chaque dossier et une personne ressource est assign\u00e9e \u00e0 chaque dossier afin de r\u00e9pondre aux questions de chacun de nos clients.<\/p>\n<p align=\"left\">Cependant, notre plus grande diff\u00e9rence vis-\u00e0-vis de la comp\u00e9tition demeure notre combativit\u00e9 et notre d\u00e9termination \u00e0 faire r\u00e9ussir toutes les demandes que nous pr\u00e9sentons. \u00a0C\u2019est pour cette raison que nous faisons une \u00e9tude approfondie de chaque cas avant d\u2019accepter un demandeur comme client. Cette \u00e9tude commence d\u00e8s le premier contact \u00e9tabli avec les demandeurs int\u00e9ress\u00e9s \u00e0 nos services. Nous sommes tr\u00e8s fiers de notre politique de r\u00e9ponse \u00e0 tous les courriels dans les 24 heures suivantes ou le prochain jour ouvrable. Le succ\u00e8s de chacune des demandes pr\u00e9sent\u00e9es est notre premi\u00e8re priorit\u00e9 et l\u2019atteinte de cet objectif repose au c\u0153ur de notre engagement envers nos clients.<\/p>\n<h2 align=\"left\">Notre engagement envers vous<\/h2>\n<p align=\"left\"><em>\u00abOuvrir les fronti\u00e8res vers un horizon d\u2019opportunit\u00e9s.\u00bb<\/em><\/p>\n<p align=\"left\">Notre mission est simple\u00a0: informer, accompagner et \u00eatre disponible pour nos clients. \u00a0Nous sommes d\u00e9di\u00e9s \u00e0 notre mission depuis 1991. En \u00e9tant disponible pour nos clients, nous sommes en mesure de r\u00e9pondre \u00e0 toutes leurs questions et de remplir notre mission d\u2019information en tenant les clients inform\u00e9s sur l\u2019\u00e9tat de leurs diff\u00e9rentes demandes. Il est \u00e9vident que chaque demandeur de visa a ses propres caract\u00e9ristiques qui n\u00e9cessitent une attention particuli\u00e8re et une solution sur mesure. Dans cette optique, nous sommes toujours honn\u00eates sur les possibilit\u00e9s d\u2019immigration d\u2019un demandeur et ce, d\u00e8s que nous proc\u00e9dons \u00e0 l\u2019\u00e9valuation pr\u00e9liminaire des chances de succ\u00e8s d\u2019un candidat par rapport \u00e0 son projet d\u2019immigration. Nous mettons de l\u2019avant les difficult\u00e9s pr\u00e9sentes et envisageables ainsi que les diff\u00e9rentes possibilit\u00e9s \u00e0 \u00eatre consid\u00e9r\u00e9es par le client.\u00a0 Avec toute l\u2019information pertinente en main, nous sommes confiants que nos clients prennent la meilleure d\u00e9cision pour leur projet d\u2019immigration.<\/p>\n<p align=\"left\">La meilleure fa\u00e7on d\u2019accompagner un client est de bien le renseigner sur le processus d\u2019immigration choisi et ce, dans tous ses aspects, afin d\u2019apaiser les doutes et les craintes pouvant accompagn\u00e9s les demandes de visas qui sont souvent compliqu\u00e9es. Une demande d\u2019immigration demande un travail partag\u00e9 de la part de l\u2019avocat et du client pour amener un r\u00e9sultat positif. D\u00e9velopper une coop\u00e9ration mutuelle bas\u00e9e sur des \u00e9changes personnalis\u00e9s nous permet d\u2019accompagner individuellement nos clients durant les nombreuses \u00e9tapes requises pour compl\u00e9ter une demande d\u2019immigration.<\/p>\n<p align=\"left\">Communiquer efficacement et relayer ad\u00e9quatement l\u2019information nous permet d\u2019agir de fa\u00e7on prompte et efficace lorsque des difficult\u00e9s surviennent dans certaines demandes en cours. Ainsi, nous sommes toujours \u00e0 m\u00eame d\u2019aider nos clients en intervenant rapidement et ad\u00e9quatement.<\/p>\n<p align=\"left\"><strong>Mise en garde:<\/strong>\u00a0Les renseignements diffus\u00e9s sur ce site web sont disponibles pour des fins d\u2019information seulement et ne peuvent \u00eatre consid\u00e9r\u00e9s en aucun temps comme un avis l\u00e9gal.<\/p>\n","protected":false},"excerpt":{"rendered":"<p>Pourquoi choisir un avocat sp\u00e9cialis\u00e9 dans le droit de l\u2019immigration pour vous repr\u00e9senter? Avant de prendre votre d\u00e9cision concernant l\u2019embauche d\u2019un avocat sp\u00e9cialis\u00e9 dans le droit de l\u2019Immigration, il est normal que vous vous demandiez si vous avez vraiment besoin d\u2019un tel professionnel. Il est possible que vous connaissiez des gens qui n\u2019ont pas eu besoin d\u2019un avocat sp\u00e9cialis\u00e9 dans le droit de l\u2019immigration pour obtenir leurs visas. Vous avez pu entendre des histoires concernant des gens qui ont simplement rempli quelques formulaires, pay\u00e9 les frais de demande requis et qui ont re\u00e7u leur visa sans plus de complications. Cependant,&#8230;<\/p>\n","protected":false},"author":1,"featured_media":0,"parent":0,"menu_order":2,"comment_status":"closed","ping_status":"closed","template":"","meta":[],"yoast_head":"<!-- This site is optimized with the Yoast SEO plugin v18.4.1 - https:\/\/yoast.com\/wordpress\/plugins\/seo\/ -->\n<title>Pourquoi nous choisir<\/title>\n<meta name=\"robots\" content=\"index, follow, max-snippet:-1, max-image-preview:large, max-video-preview:-1\" \/>\n<link rel=\"canonical\" href=\"https:\/\/immcanada.com\/fr\/pourquoi-nous-choisir\/\" \/>\n<meta property=\"og:locale\" content=\"fr_FR\" \/>\n<meta property=\"og:type\" content=\"article\" \/>\n<meta property=\"og:title\" content=\"Pourquoi nous choisir\" \/>\n<meta property=\"og:description\" content=\"Pourquoi choisir un avocat sp\u00e9cialis\u00e9 dans le droit de l\u2019immigration pour vous repr\u00e9senter? Avant de prendre votre d\u00e9cision concernant l\u2019embauche d\u2019un avocat sp\u00e9cialis\u00e9 dans le droit de l\u2019Immigration, il est normal que vous vous demandiez si vous avez vraiment besoin d\u2019un tel professionnel. Il est possible que vous connaissiez des gens qui n\u2019ont pas eu besoin d\u2019un avocat sp\u00e9cialis\u00e9 dans le droit de l\u2019immigration pour obtenir leurs visas. Vous avez pu entendre des histoires concernant des gens qui ont simplement rempli quelques formulaires, pay\u00e9 les frais de demande requis et qui ont re\u00e7u leur visa sans plus de complications. Cependant,...\" \/>\n<meta property=\"og:url\" content=\"https:\/\/immcanada.com\/fr\/pourquoi-nous-choisir\/\" \/>\n<meta property=\"og:site_name\" content=\"Leiter Rahme\" \/>\n<meta property=\"article:modified_time\" content=\"2017-02-27T15:13:53+00:00\" \/>\n<meta name=\"twitter:card\" content=\"summary\" \/>\n<meta name=\"twitter:label1\" content=\"Dur\u00e9e de lecture estim\u00e9e\" \/>\n\t<meta name=\"twitter:data1\" content=\"6 minutes\" \/>\n<script type=\"application\/ld+json\" class=\"yoast-schema-graph\">{\"@context\":\"https:\/\/schema.org\",\"@graph\":[{\"@type\":\"WebSite\",\"@id\":\"https:\/\/immcanada.com\/#website\",\"url\":\"https:\/\/immcanada.com\/\",\"name\":\"Leiter Rahme\",\"description\":\"We&#039;re with you every step of the way\",\"potentialAction\":[{\"@type\":\"SearchAction\",\"target\":{\"@type\":\"EntryPoint\",\"urlTemplate\":\"https:\/\/immcanada.com\/?s={search_term_string}\"},\"query-input\":\"required name=search_term_string\"}],\"inLanguage\":\"fr-FR\"},{\"@type\":\"WebPage\",\"@id\":\"https:\/\/immcanada.com\/fr\/pourquoi-nous-choisir\/#webpage\",\"url\":\"https:\/\/immcanada.com\/fr\/pourquoi-nous-choisir\/\",\"name\":\"Pourquoi nous choisir\",\"isPartOf\":{\"@id\":\"https:\/\/immcanada.com\/#website\"},\"datePublished\":\"2016-08-28T06:02:04+00:00\",\"dateModified\":\"2017-02-27T15:13:53+00:00\",\"breadcrumb\":{\"@id\":\"https:\/\/immcanada.com\/fr\/pourquoi-nous-choisir\/#breadcrumb\"},\"inLanguage\":\"fr-FR\",\"potentialAction\":[{\"@type\":\"ReadAction\",\"target\":[\"https:\/\/immcanada.com\/fr\/pourquoi-nous-choisir\/\"]}]},{\"@type\":\"BreadcrumbList\",\"@id\":\"https:\/\/immcanada.com\/fr\/pourquoi-nous-choisir\/#breadcrumb\",\"itemListElement\":[{\"@type\":\"ListItem\",\"position\":1,\"name\":\"Home\",\"item\":\"https:\/\/immcanada.com\/fr\/\"},{\"@type\":\"ListItem\",\"position\":2,\"name\":\"Pourquoi nous choisir\"}]}]}<\/script>\n<!-- \/ Yoast SEO plugin. -->","yoast_head_json":{"title":"Pourquoi nous choisir","robots":{"index":"index","follow":"follow","max-snippet":"max-snippet:-1","max-image-preview":"max-image-preview:large","max-video-preview":"max-video-preview:-1"},"canonical":"https:\/\/immcanada.com\/fr\/pourquoi-nous-choisir\/","og_locale":"fr_FR","og_type":"article","og_title":"Pourquoi nous choisir","og_description":"Pourquoi choisir un avocat sp\u00e9cialis\u00e9 dans le droit de l\u2019immigration pour vous repr\u00e9senter? Avant de prendre votre d\u00e9cision concernant l\u2019embauche d\u2019un avocat sp\u00e9cialis\u00e9 dans le droit de l\u2019Immigration, il est normal que vous vous demandiez si vous avez vraiment besoin d\u2019un tel professionnel. Il est possible que vous connaissiez des gens qui n\u2019ont pas eu besoin d\u2019un avocat sp\u00e9cialis\u00e9 dans le droit de l\u2019immigration pour obtenir leurs visas. Vous avez pu entendre des histoires concernant des gens qui ont simplement rempli quelques formulaires, pay\u00e9 les frais de demande requis et qui ont re\u00e7u leur visa sans plus de complications. Cependant,...","og_url":"https:\/\/immcanada.com\/fr\/pourquoi-nous-choisir\/","og_site_name":"Leiter Rahme","article_modified_time":"2017-02-27T15:13:53+00:00","twitter_card":"summary","twitter_misc":{"Dur\u00e9e de lecture estim\u00e9e":"6 minutes"},"schema":{"@context":"https:\/\/schema.org","@graph":[{"@type":"WebSite","@id":"https:\/\/immcanada.com\/#website","url":"https:\/\/immcanada.com\/","name":"Leiter Rahme","description":"We&#039;re with you every step of the way","potentialAction":[{"@type":"SearchAction","target":{"@type":"EntryPoint","urlTemplate":"https:\/\/immcanada.com\/?s={search_term_string}"},"query-input":"required name=search_term_string"}],"inLanguage":"fr-FR"},{"@type":"WebPage","@id":"https:\/\/immcanada.com\/fr\/pourquoi-nous-choisir\/#webpage","url":"https:\/\/immcanada.com\/fr\/pourquoi-nous-choisir\/","name":"Pourquoi nous choisir","isPartOf":{"@id":"https:\/\/immcanada.com\/#website"},"datePublished":"2016-08-28T06:02:04+00:00","dateModified":"2017-02-27T15:13:53+00:00","breadcrumb":{"@id":"https:\/\/immcanada.com\/fr\/pourquoi-nous-choisir\/#breadcrumb"},"inLanguage":"fr-FR","potentialAction":[{"@type":"ReadAction","target":["https:\/\/immcanada.com\/fr\/pourquoi-nous-choisir\/"]}]},{"@type":"BreadcrumbList","@id":"https:\/\/immcanada.com\/fr\/pourquoi-nous-choisir\/#breadcrumb","itemListElement":[{"@type":"ListItem","position":1,"name":"Home","item":"https:\/\/immcanada.com\/fr\/"},{"@type":"ListItem","position":2,"name":"Pourquoi nous choisir"}]}]}},"_links":{"self":[{"href":"https:\/\/immcanada.com\/fr\/wp-json\/wp\/v2\/pages\/3595\/"}],"collection":[{"href":"https:\/\/immcanada.com\/fr\/wp-json\/wp\/v2\/pages\/"}],"about":[{"href":"https:\/\/immcanada.com\/fr\/wp-json\/wp\/v2\/types\/page\/"}],"author":[{"embeddable":true,"href":"https:\/\/immcanada.com\/fr\/wp-json\/wp\/v2\/users\/1\/"}],"replies":[{"embeddable":true,"href":"https:\/\/immcanada.com\/fr\/wp-json\/wp\/v2\/comments\/?post=3595"}],"version-history":[{"count":2,"href":"https:\/\/immcanada.com\/fr\/wp-json\/wp\/v2\/pages\/3595\/revisions\/"}],"predecessor-version":[{"id":3645,"href":"https:\/\/immcanada.com\/fr\/wp-json\/wp\/v2\/pages\/3595\/revisions\/3645\/"}],"wp:attachment":[{"href":"https:\/\/immcanada.com\/fr\/wp-json\/wp\/v2\/media\/?parent=3595"}],"curies":[{"name":"wp","href":"https:\/\/api.w.org\/{rel}","templated":true}]}}