{"id":3601,"date":"2016-08-28T06:08:20","date_gmt":"2016-08-28T06:08:20","guid":{"rendered":"http:\/\/immcanada.com\/?page_id=3601&#038;lang=fr"},"modified":"2024-05-22T16:50:30","modified_gmt":"2024-05-22T16:50:30","slug":"gissa-rahme","status":"publish","type":"page","link":"https:\/\/immcanada.com\/fr\/pourquoi-nous-choisir\/avocats\/gissa-rahme\/","title":{"rendered":"Gissa Rahme"},"content":{"rendered":"<p>[vc_row triangle_shape=\u00a0\u00bbno\u00a0\u00bb][vc_column width=\u00a0\u00bb2\/3&Prime; css=\u00a0\u00bb.vc_custom_1460170215065{border-right-width: 1px !important;padding-bottom: 50px !important;padding-left: 50px !important;border-right-color: #eaeaea !important;border-right-style: solid !important;}\u00a0\u00bb]\n<h4 class=\"mkd-custom-font-holder\" style=\"font-family: Roboto;font-size: 30px;font-weight: 300;text-transform: Capitalize;color: #181818\" data-font-size= 30>\n\tGissa Rahme<\/h4>\n<h4 class=\"mkd-custom-font-holder\" style=\"font-family: Roboto;font-size: 18px;font-weight: 300;text-transform: Capitalize;color: rgba(24,24,24,0.76)\" data-font-size= 18>\n\tAvocate \/ Partenaire<\/h4>[vc_empty_space height=\u00a0\u00bb1px\u00a0\u00bb css=\u00a0\u00bb.vc_custom_1486007993944{margin-top: 10px !important;background-color: #eaeaea !important;}\u00a0\u00bb][vc_column_text css=\u00a0\u00bb.vc_custom_1716396629768{margin-top: 25px !important;}\u00a0\u00bb]Me Gissa Rahme est copropri\u00e9taire et partenaire de Leiter Rahme Avocats\/Attorneys Inc.<\/p>\n<p>Elle \u0153uvre principalement dans le domaine du droit de l\u2019immigration canadien et am\u00e9ricain. Bien que le si\u00e8ge social de son cabinet se situe \u00e0 Montr\u00e9al (Canada), elle voyage r\u00e9guli\u00e8rement pour aider ses clients lorsque n\u00e9cessaire, ainsi que pour offrir du soutien aux filiales du cabinet situ\u00e9es au Moyen-Orient et dans les pays du Golfe.<\/p>\n<p>Me Rahme a suivi avec succ\u00e8s un double programme en droit et en biotechnologie mol\u00e9culaire \u00e0 l\u2019Universit\u00e9 de Sherbrooke, qu&rsquo;elle a termin\u00e9\u00a0\u00a02010. Elle d\u00e9tient un baccalaur\u00e9at en droit (LL.B.) et une ma\u00eetrise en biotechnologie mol\u00e9culaire et en droit (M.B.M.D.; LL.M.). Elle a \u00e9galement obtenu son <em>Juris Doctor<\/em> dans le cadre du programme de Common Law nord-am\u00e9ricaine offert \u00e0 l\u2019Universit\u00e9 de Montr\u00e9al.<\/p>\n<p>Me Rahme est membre du Barreau du <strong>Qu\u00e9bec<\/strong> et\u00a0du Barreau de l&rsquo;Etat de <strong>New York<\/strong>.<\/p>\n<p>De plus, elle est membre de l\u2019Association qu\u00e9b\u00e9coise des avocats et avocates en droit de l&rsquo;immigration (AQAADI), un organisme d\u00e9di\u00e9 \u00e0 am\u00e9liorer la pratique du droit de l\u2019immigration et \u00e0 offrir une une meilleure repr\u00e9sentation de ses membres aupr\u00e8s des diff\u00e9rentes instances politiques, judiciaires et administratives en mati\u00e8re d\u2019immigration provinciale et f\u00e9d\u00e9rale.<\/p>\n<p>Me Rahme a \u00e9galement \u00e9t\u00e9 reconnue par ses pairs comme une leader et une chef de file dans son domaine dans le cadre du gala \u00ab Les leaders de demain \u00bb organis\u00e9 par le Jeune Barreau de Montr\u00e9al (JBM).<\/p>\n<p>Me Rahme veille constamment \u00e0 approfondir et mettre \u00e0 jour ses connaissances dans son domaine en participant r\u00e9guli\u00e8rement \u00e0 des conf\u00e9rences en droit de l\u2019immigration canadienne et am\u00e9ricaine tenues par l\u2019Association du barreau canadien (CBA), par l\u2019Association qu\u00e9b\u00e9coise des avocats et avocates en droit de l&rsquo;immigration (AQAADI), ainsi que par l\u2019American Immigration Lawyers Association (AILA).<\/p>\n<p>Au fil de sa carri\u00e8re, Me Rahme a acquis une exp\u00e9rience pr\u00e9cieuse dans tous les aspects du droit de l\u2019immigration am\u00e9ricain et canadien, principalement en immigration d\u2019affaires et familiale, permis de travail temporaires, probl\u00e9matiques transfrontali\u00e8res, ainsi que la r\u00e9solution de probl\u00e8mes d&rsquo;inadmissibilit\u00e9 (Waivers et R\u00e9habilitation).\u00a0Gr\u00e2ce \u00e0 ses connaissances et son expertise dans le droit de l\u2019immigration canadien et am\u00e9ricain, elle fait partie d\u2019un petit groupe s\u00e9lect d\u2019avocats qui sont en mesure d\u2019aider des clients partout dans le monde \u00e0 r\u00e9aliser leurs objectifs en mati\u00e8re d\u2019immigration canadienne et am\u00e9ricaine.<\/p>\n<p>On dit souvent que Me Rahme a un esprit innovateur. Il est naturel pour elle \u00ab\u00a0de sortir des sentiers battus\u00a0\u00bb et elle parvient toujours \u00e0 trouver des solutions ing\u00e9nieuses afin de servir ses clients de la meilleure fa\u00e7on possible, et ce, peu importe la complexit\u00e9 de leur situation.[\/vc_column_text][\/vc_column][vc_column width=\u00a0\u00bb1\/3&Prime; css=\u00a0\u00bb.vc_custom_1457302232088{padding-left: 50px !important;background-position: center !important;background-repeat: no-repeat !important;background-size: cover !important;}\u00a0\u00bb][vc_row_inner css=\u00a0\u00bb.vc_custom_1472411110984{background-image: url(http:\/\/immcanada.com\/wp-content\/uploads\/2016\/04\/IMG_2005.png?id=3686) !important;background-position: center !important;background-repeat: no-repeat !important;background-size: cover !important;}\u00a0\u00bb][vc_column_inner][vc_empty_space height=\u00a0\u00bb400px\u00a0\u00bb][\/vc_column_inner][\/vc_row_inner][vc_row_inner content_aligment=\u00a0\u00bbcenter\u00a0\u00bb][vc_column_inner width=\u00a0\u00bb1\/4&Prime;][\/vc_column_inner][vc_column_inner width=\u00a0\u00bb1\/4&Prime;]    <span class=\"mkd-icon-animation-holder\" style=\"transition-delay: 100ms;-webkit-transition-delay: 100ms;-moz-transition-delay: 100ms;-ms-transition-delay: 100ms\">\n\n    <span class=\"mkd-icon-shortcode normal mkd-icon-animation mkd-icon-medium mkd-icon-linked\" style=\"margin: 20px 0\" data-animation-delay=\"100\" data-hover-color=\"#9e0014\" data-color=\"#181818\" >\n                    <a href=\"mailto:lr@immcanada.com\" target=\"_self\">\n        \n        <i class=\"mkd-icon-ion-icon ion-android-mail mkd-icon-element\" style=\"color: #181818\" ><\/i>\n                    <\/a>\n                <span  class=\"mkd-background\"><\/span>\n    <\/span>\n\n    <\/span>\n[\/vc_column_inner][vc_column_inner width=\u00a0\u00bb1\/4&Prime;]    <span class=\"mkd-icon-animation-holder\" style=\"transition-delay: 100ms;-webkit-transition-delay: 100ms;-moz-transition-delay: 100ms;-ms-transition-delay: 100ms\">\n\n    <span class=\"mkd-icon-shortcode normal mkd-icon-animation mkd-icon-medium mkd-icon-linked\" style=\"margin: 20px 0\" data-animation-delay=\"100\" data-hover-color=\"#9e0014\" data-color=\"#181818\" >\n                    <a href=\"https:\/\/ca.linkedin.com\/in\/gissa-rahme-68a94935\" target=\"_self\">\n        \n        <i class=\"mkd-icon-ion-icon ion-social-linkedin mkd-icon-element\" style=\"color: #181818\" ><\/i>\n                    <\/a>\n                <span  class=\"mkd-background\"><\/span>\n    <\/span>\n\n    <\/span>\n[\/vc_column_inner][vc_column_inner width=\u00a0\u00bb1\/4&Prime;][\/vc_column_inner][\/vc_row_inner][\/vc_column][\/vc_row][vc_row triangle_shape=\u00a0\u00bbno\u00a0\u00bb][vc_column][vc_empty_space height=\u00a0\u00bb60px\u00a0\u00bb][\/vc_column][\/vc_row]<\/p>\n","protected":false},"excerpt":{"rendered":"<p>[vc_row triangle_shape=\u00a0\u00bbno\u00a0\u00bb][vc_column width=\u00a0\u00bb2\/3&Prime; css=\u00a0\u00bb.vc_custom_1460170215065{border-right-width: 1px !important;padding-bottom: 50px !important;padding-left: 50px !important;border-right-color: #eaeaea !important;border-right-style: solid !important;}\u00a0\u00bb][vc_empty_space height=\u00a0\u00bb1px\u00a0\u00bb css=\u00a0\u00bb.vc_custom_1486007993944{margin-top: 10px !important;background-color: #eaeaea !important;}\u00a0\u00bb][vc_column_text css=\u00a0\u00bb.vc_custom_1716396629768{margin-top: 25px !important;}\u00a0\u00bb]Me Gissa Rahme est copropri\u00e9taire et partenaire de Leiter Rahme Avocats\/Attorneys Inc. Elle \u0153uvre principalement dans le domaine du droit de l\u2019immigration canadien et am\u00e9ricain. Bien que le si\u00e8ge social de son cabinet se situe \u00e0 Montr\u00e9al (Canada), elle voyage r\u00e9guli\u00e8rement pour aider ses clients lorsque n\u00e9cessaire, ainsi que pour offrir du soutien aux filiales du cabinet situ\u00e9es au Moyen-Orient et dans les pays du Golfe. Me Rahme a suivi avec succ\u00e8s un double programme en droit et&#8230;<\/p>\n","protected":false},"author":1,"featured_media":0,"parent":3597,"menu_order":0,"comment_status":"closed","ping_status":"closed","template":"","meta":[],"yoast_head":"<!-- This site is optimized with the Yoast SEO plugin v18.4.1 - https:\/\/yoast.com\/wordpress\/plugins\/seo\/ -->\n<title>Gissa Rahme<\/title>\n<meta name=\"robots\" content=\"index, follow, max-snippet:-1, max-image-preview:large, max-video-preview:-1\" \/>\n<link rel=\"canonical\" href=\"https:\/\/immcanada.com\/fr\/pourquoi-nous-choisir\/avocats\/gissa-rahme\/\" \/>\n<meta property=\"og:locale\" content=\"fr_FR\" \/>\n<meta property=\"og:type\" content=\"article\" \/>\n<meta property=\"og:title\" content=\"Gissa Rahme\" \/>\n<meta property=\"og:description\" content=\"[vc_row triangle_shape=\u00a0\u00bbno\u00a0\u00bb][vc_column width=\u00a0\u00bb2\/3&Prime; css=\u00a0\u00bb.vc_custom_1460170215065{border-right-width: 1px !important;padding-bottom: 50px !important;padding-left: 50px !important;border-right-color: #eaeaea !important;border-right-style: solid !important;}\u00a0\u00bb][vc_empty_space height=\u00a0\u00bb1px\u00a0\u00bb css=\u00a0\u00bb.vc_custom_1486007993944{margin-top: 10px !important;background-color: #eaeaea !important;}\u00a0\u00bb][vc_column_text css=\u00a0\u00bb.vc_custom_1716396629768{margin-top: 25px !important;}\u00a0\u00bb]Me Gissa Rahme est copropri\u00e9taire et partenaire de Leiter Rahme Avocats\/Attorneys Inc. Elle \u0153uvre principalement dans le domaine du droit de l\u2019immigration canadien et am\u00e9ricain. Bien que le si\u00e8ge social de son cabinet se situe \u00e0 Montr\u00e9al (Canada), elle voyage r\u00e9guli\u00e8rement pour aider ses clients lorsque n\u00e9cessaire, ainsi que pour offrir du soutien aux filiales du cabinet situ\u00e9es au Moyen-Orient et dans les pays du Golfe. Me Rahme a suivi avec succ\u00e8s un double programme en droit et...\" \/>\n<meta property=\"og:url\" content=\"https:\/\/immcanada.com\/fr\/pourquoi-nous-choisir\/avocats\/gissa-rahme\/\" \/>\n<meta property=\"og:site_name\" content=\"Leiter Rahme\" \/>\n<meta property=\"article:modified_time\" content=\"2024-05-22T16:50:30+00:00\" \/>\n<meta name=\"twitter:card\" content=\"summary\" \/>\n<meta name=\"twitter:label1\" content=\"Dur\u00e9e de lecture estim\u00e9e\" \/>\n\t<meta name=\"twitter:data1\" content=\"4 minutes\" \/>\n<script type=\"application\/ld+json\" class=\"yoast-schema-graph\">{\"@context\":\"https:\/\/schema.org\",\"@graph\":[{\"@type\":\"WebSite\",\"@id\":\"https:\/\/immcanada.com\/#website\",\"url\":\"https:\/\/immcanada.com\/\",\"name\":\"Leiter Rahme\",\"description\":\"We&#039;re with you every step of the way\",\"potentialAction\":[{\"@type\":\"SearchAction\",\"target\":{\"@type\":\"EntryPoint\",\"urlTemplate\":\"https:\/\/immcanada.com\/?s={search_term_string}\"},\"query-input\":\"required name=search_term_string\"}],\"inLanguage\":\"fr-FR\"},{\"@type\":\"WebPage\",\"@id\":\"https:\/\/immcanada.com\/fr\/pourquoi-nous-choisir\/avocats\/gissa-rahme\/#webpage\",\"url\":\"https:\/\/immcanada.com\/fr\/pourquoi-nous-choisir\/avocats\/gissa-rahme\/\",\"name\":\"Gissa Rahme\",\"isPartOf\":{\"@id\":\"https:\/\/immcanada.com\/#website\"},\"datePublished\":\"2016-08-28T06:08:20+00:00\",\"dateModified\":\"2024-05-22T16:50:30+00:00\",\"breadcrumb\":{\"@id\":\"https:\/\/immcanada.com\/fr\/pourquoi-nous-choisir\/avocats\/gissa-rahme\/#breadcrumb\"},\"inLanguage\":\"fr-FR\",\"potentialAction\":[{\"@type\":\"ReadAction\",\"target\":[\"https:\/\/immcanada.com\/fr\/pourquoi-nous-choisir\/avocats\/gissa-rahme\/\"]}]},{\"@type\":\"BreadcrumbList\",\"@id\":\"https:\/\/immcanada.com\/fr\/pourquoi-nous-choisir\/avocats\/gissa-rahme\/#breadcrumb\",\"itemListElement\":[{\"@type\":\"ListItem\",\"position\":1,\"name\":\"Home\",\"item\":\"https:\/\/immcanada.com\/fr\/\"},{\"@type\":\"ListItem\",\"position\":2,\"name\":\"Pourquoi nous choisir\",\"item\":\"https:\/\/immcanada.com\/fr\/pourquoi-nous-choisir\/\"},{\"@type\":\"ListItem\",\"position\":3,\"name\":\"Nos Avocats\",\"item\":\"https:\/\/immcanada.com\/fr\/pourquoi-nous-choisir\/avocats\/\"},{\"@type\":\"ListItem\",\"position\":4,\"name\":\"Gissa Rahme\"}]}]}<\/script>\n<!-- \/ Yoast SEO plugin. -->","yoast_head_json":{"title":"Gissa Rahme","robots":{"index":"index","follow":"follow","max-snippet":"max-snippet:-1","max-image-preview":"max-image-preview:large","max-video-preview":"max-video-preview:-1"},"canonical":"https:\/\/immcanada.com\/fr\/pourquoi-nous-choisir\/avocats\/gissa-rahme\/","og_locale":"fr_FR","og_type":"article","og_title":"Gissa Rahme","og_description":"[vc_row triangle_shape=\u00a0\u00bbno\u00a0\u00bb][vc_column width=\u00a0\u00bb2\/3&Prime; css=\u00a0\u00bb.vc_custom_1460170215065{border-right-width: 1px !important;padding-bottom: 50px !important;padding-left: 50px !important;border-right-color: #eaeaea !important;border-right-style: solid !important;}\u00a0\u00bb][vc_empty_space height=\u00a0\u00bb1px\u00a0\u00bb css=\u00a0\u00bb.vc_custom_1486007993944{margin-top: 10px !important;background-color: #eaeaea !important;}\u00a0\u00bb][vc_column_text css=\u00a0\u00bb.vc_custom_1716396629768{margin-top: 25px !important;}\u00a0\u00bb]Me Gissa Rahme est copropri\u00e9taire et partenaire de Leiter Rahme Avocats\/Attorneys Inc. Elle \u0153uvre principalement dans le domaine du droit de l\u2019immigration canadien et am\u00e9ricain. Bien que le si\u00e8ge social de son cabinet se situe \u00e0 Montr\u00e9al (Canada), elle voyage r\u00e9guli\u00e8rement pour aider ses clients lorsque n\u00e9cessaire, ainsi que pour offrir du soutien aux filiales du cabinet situ\u00e9es au Moyen-Orient et dans les pays du Golfe. Me Rahme a suivi avec succ\u00e8s un double programme en droit et...","og_url":"https:\/\/immcanada.com\/fr\/pourquoi-nous-choisir\/avocats\/gissa-rahme\/","og_site_name":"Leiter Rahme","article_modified_time":"2024-05-22T16:50:30+00:00","twitter_card":"summary","twitter_misc":{"Dur\u00e9e de lecture estim\u00e9e":"4 minutes"},"schema":{"@context":"https:\/\/schema.org","@graph":[{"@type":"WebSite","@id":"https:\/\/immcanada.com\/#website","url":"https:\/\/immcanada.com\/","name":"Leiter Rahme","description":"We&#039;re with you every step of the way","potentialAction":[{"@type":"SearchAction","target":{"@type":"EntryPoint","urlTemplate":"https:\/\/immcanada.com\/?s={search_term_string}"},"query-input":"required name=search_term_string"}],"inLanguage":"fr-FR"},{"@type":"WebPage","@id":"https:\/\/immcanada.com\/fr\/pourquoi-nous-choisir\/avocats\/gissa-rahme\/#webpage","url":"https:\/\/immcanada.com\/fr\/pourquoi-nous-choisir\/avocats\/gissa-rahme\/","name":"Gissa Rahme","isPartOf":{"@id":"https:\/\/immcanada.com\/#website"},"datePublished":"2016-08-28T06:08:20+00:00","dateModified":"2024-05-22T16:50:30+00:00","breadcrumb":{"@id":"https:\/\/immcanada.com\/fr\/pourquoi-nous-choisir\/avocats\/gissa-rahme\/#breadcrumb"},"inLanguage":"fr-FR","potentialAction":[{"@type":"ReadAction","target":["https:\/\/immcanada.com\/fr\/pourquoi-nous-choisir\/avocats\/gissa-rahme\/"]}]},{"@type":"BreadcrumbList","@id":"https:\/\/immcanada.com\/fr\/pourquoi-nous-choisir\/avocats\/gissa-rahme\/#breadcrumb","itemListElement":[{"@type":"ListItem","position":1,"name":"Home","item":"https:\/\/immcanada.com\/fr\/"},{"@type":"ListItem","position":2,"name":"Pourquoi nous choisir","item":"https:\/\/immcanada.com\/fr\/pourquoi-nous-choisir\/"},{"@type":"ListItem","position":3,"name":"Nos Avocats","item":"https:\/\/immcanada.com\/fr\/pourquoi-nous-choisir\/avocats\/"},{"@type":"ListItem","position":4,"name":"Gissa Rahme"}]}]}},"_links":{"self":[{"href":"https:\/\/immcanada.com\/fr\/wp-json\/wp\/v2\/pages\/3601\/"}],"collection":[{"href":"https:\/\/immcanada.com\/fr\/wp-json\/wp\/v2\/pages\/"}],"about":[{"href":"https:\/\/immcanada.com\/fr\/wp-json\/wp\/v2\/types\/page\/"}],"author":[{"embeddable":true,"href":"https:\/\/immcanada.com\/fr\/wp-json\/wp\/v2\/users\/1\/"}],"replies":[{"embeddable":true,"href":"https:\/\/immcanada.com\/fr\/wp-json\/wp\/v2\/comments\/?post=3601"}],"version-history":[{"count":15,"href":"https:\/\/immcanada.com\/fr\/wp-json\/wp\/v2\/pages\/3601\/revisions\/"}],"predecessor-version":[{"id":33038,"href":"https:\/\/immcanada.com\/fr\/wp-json\/wp\/v2\/pages\/3601\/revisions\/33038\/"}],"up":[{"embeddable":true,"href":"https:\/\/immcanada.com\/fr\/wp-json\/wp\/v2\/pages\/3597\/"}],"wp:attachment":[{"href":"https:\/\/immcanada.com\/fr\/wp-json\/wp\/v2\/media\/?parent=3601"}],"curies":[{"name":"wp","href":"https:\/\/api.w.org\/{rel}","templated":true}]}}