{"id":3602,"date":"2016-08-28T06:10:12","date_gmt":"2016-08-28T06:10:12","guid":{"rendered":"http:\/\/immcanada.com\/?page_id=3602&#038;lang=fr"},"modified":"2017-02-02T04:09:07","modified_gmt":"2017-02-02T04:09:07","slug":"barbara-j-leiter","status":"publish","type":"page","link":"https:\/\/immcanada.com\/fr\/pourquoi-nous-choisir\/avocats\/barbara-j-leiter\/","title":{"rendered":"Barbara J. Leiter"},"content":{"rendered":"<p>[vc_row triangle_shape=\u00a0\u00bbno\u00a0\u00bb][vc_column width=\u00a0\u00bb2\/3&Prime; css=\u00a0\u00bb.vc_custom_1460170208967{border-right-width: 1px !important;padding-right: 50px !important;padding-bottom: 50px !important;border-right-color: #eaeaea !important;border-right-style: solid !important;}\u00a0\u00bb]\n<h4 class=\"mkd-custom-font-holder\" style=\"font-family: Roboto;font-size: 30px;font-weight: 300;text-transform: Capitalize;color: #181818\" data-font-size= 30>\n\tBarbara J. Leiter<\/h4>\n<h3 class=\"mkd-custom-font-holder\" style=\"font-family: Roboto;font-size: 18px;font-weight: 300;text-transform: Capitalize;color: rgba(24,24,24,0.76)\" data-font-size= 18px>\n\tAvocate \/ Partenaire<\/h3>[vc_empty_space height=\u00a0\u00bb1px\u00a0\u00bb css=\u00a0\u00bb.vc_custom_1486008505714{margin-top: 10px !important;background-color: #eaeaea !important;}\u00a0\u00bb][vc_column_text css=\u00a0\u00bb.vc_custom_1486008488580{margin-top: 25px !important;}\u00a0\u00bb]Me Barbara J. Leiter\u00a0est copropri\u00e9taire et partenaire de Leiter Rahme Avocats\/Attorneys Inc.<\/p>\n<p>Elle est \u00e9tablie \u00e0 Montr\u00e9al (Qu\u00e9bec) et se sp\u00e9cialise dans le droit de l\u2019immigration canadien et am\u00e9ricain. Avant de faire son entr\u00e9e dans le monde juridique, Me Leiter a obtenu un premier dipl\u00f4me de l\u2019Universit\u00e9 Southern Methodist (Dallas, TX). Apr\u00e8s une premi\u00e8re carri\u00e8re comme musicienne professionnelle et une seconde carri\u00e8re dans le domaine immobilier, elle a obtenu son baccalaur\u00e9at en droit civil (L.L.B.) et son baccalaur\u00e9at en Common Law (B.C.L.) \u00e0 l\u2019Universit\u00e9 McGill (Montr\u00e9al, Canada) en mai 1989.<\/p>\n<p>Durant ses \u00e9tudes universitaires, Me Leiter accordait autant d\u2019importance au succ\u00e8s scolaire qu\u2019\u00e0 son engagement social et parascolaire. Concr\u00e8tement, elle a \u00e9t\u00e9 membre du Conseil \u00e9ditorial du journal juridique de l\u2019Universit\u00e9 McGill, a travaill\u00e9 \u00e0 la clinique juridique de l\u2019universit\u00e9 et a aussi \u00e9t\u00e9 membre du Comit\u00e9 juridique des \u00e9tudiants de l\u2019universit\u00e9.<\/p>\n<p>Me Leiter est devenue membre du Barreau du Qu\u00e9bec en 1990 et membre du Barreau de New York en 2002. Elle est aussi membre de la division qu\u00e9b\u00e9coise de la Section de l\u2019immigration de l\u2019Association du barreau canadien (CBA) et de la branche canadienne de l\u2019American Immigration Lawyers Association (AILA). De plus, elle fait \u00e9galement partie de l\u2019Association qu\u00e9b\u00e9coise des avocats et avocates en droit de l\u2019Immigration (AQAADI) qui mise sur une coop\u00e9ration active de ses membres afin d\u2019am\u00e9liorer la pratique du droit de l\u2019immigration au Qu\u00e9bec. Sa participation au sein de ces diff\u00e9rentes associations lui permet non seulement de conna\u00eetre toutes les modifications r\u00e9centes touchant le droit de l\u2019immigration, mais aussi de partager son exp\u00e9rience afin d\u2019am\u00e9liorer et de faire progresser ce domaine du droit. Elle a d\u00e9j\u00e0 \u00e9t\u00e9 reconnue comme t\u00e9moin-expert dans le domaine du droit de l\u2019immigration am\u00e9ricaine. De plus, elle a assist\u00e9 \u00e0 diff\u00e9rentes conf\u00e9rences organis\u00e9es par l\u2019Association du barreau canadien. Dans le but de d\u2019apporter sa contribution \u00e0 la profession qui lui permet d\u2019aider autant de gens, Me Leiter si\u00e8ge occasionnellement sur des conseils d\u2019arbitrage du Barreau du Qu\u00e9bec.<\/p>\n<p>Sportive et aventuri\u00e8re, Me Leiter a fait de nombreuses randonn\u00e9s p\u00e9destres dans des endroits rev\u00eatant une grande beaut\u00e9, notamment\u00a0: l\u2019Himalaya, le N\u00e9pal, l\u2019Inde, les Alpes, la Patagonie et la Nouvelle-Z\u00e9lande. Elle a aussi cycl\u00e9 en Am\u00e9rique latine, \u00e0 Cuba, en Croatie et en Italie.<\/p>\n<p>Elle transpose les aspects de sa personnalit\u00e9 \u00e0 sa pratique. Son exp\u00e9rience professionnelle de plus de 25 ans dans le domaine de l\u2019immigration lui permet de satisfaire la client\u00e8le la plus diversifi\u00e9e.<br \/>\n[\/vc_column_text][\/vc_column][vc_column width=\u00a0\u00bb1\/3&Prime; css=\u00a0\u00bb.vc_custom_1457302232088{padding-left: 50px !important;background-position: center !important;background-repeat: no-repeat !important;background-size: cover !important;}\u00a0\u00bb][vc_row_inner css=\u00a0\u00bb.vc_custom_1472410815554{background-image: url(http:\/\/immcanada.com\/wp-content\/uploads\/2015\/11\/IMG_1999.png?id=3683) !important;background-position: center !important;background-repeat: no-repeat !important;background-size: cover !important;}\u00a0\u00bb][vc_column_inner][vc_empty_space height=\u00a0\u00bb400px\u00a0\u00bb][\/vc_column_inner][\/vc_row_inner][vc_row_inner content_aligment=\u00a0\u00bbcenter\u00a0\u00bb][vc_column_inner width=\u00a0\u00bb1\/3&Prime;][\/vc_column_inner][vc_column_inner width=\u00a0\u00bb1\/3&Prime;]    <span class=\"mkd-icon-animation-holder\" style=\"transition-delay: 100ms;-webkit-transition-delay: 100ms;-moz-transition-delay: 100ms;-ms-transition-delay: 100ms\">\n\n    <span class=\"mkd-icon-shortcode normal mkd-icon-animation mkd-icon-medium mkd-icon-linked\" style=\"margin: 20px 0\" data-animation-delay=\"100\" data-hover-color=\"#9e0014\" data-color=\"#181818\" >\n                    <a href=\"mailto:barbara@immcanada.com\" target=\"_self\">\n        \n        <i class=\"mkd-icon-ion-icon ion-android-mail mkd-icon-element\" style=\"color: #181818\" ><\/i>\n                    <\/a>\n                <span  class=\"mkd-background\"><\/span>\n    <\/span>\n\n    <\/span>\n[\/vc_column_inner][vc_column_inner width=\u00a0\u00bb1\/3&Prime;][\/vc_column_inner][\/vc_row_inner][\/vc_column][\/vc_row][vc_row triangle_shape=\u00a0\u00bbno\u00a0\u00bb][vc_column][vc_empty_space height=\u00a0\u00bb60px\u00a0\u00bb][\/vc_column][\/vc_row]<\/p>\n","protected":false},"excerpt":{"rendered":"<p>[vc_row triangle_shape=\u00a0\u00bbno\u00a0\u00bb][vc_column width=\u00a0\u00bb2\/3&Prime; css=\u00a0\u00bb.vc_custom_1460170208967{border-right-width: 1px !important;padding-right: 50px !important;padding-bottom: 50px !important;border-right-color: #eaeaea !important;border-right-style: solid !important;}\u00a0\u00bb][vc_empty_space height=\u00a0\u00bb1px\u00a0\u00bb css=\u00a0\u00bb.vc_custom_1486008505714{margin-top: 10px !important;background-color: #eaeaea !important;}\u00a0\u00bb][vc_column_text css=\u00a0\u00bb.vc_custom_1486008488580{margin-top: 25px !important;}\u00a0\u00bb]Me Barbara J. Leiter\u00a0est copropri\u00e9taire et partenaire de Leiter Rahme Avocats\/Attorneys Inc. Elle est \u00e9tablie \u00e0 Montr\u00e9al (Qu\u00e9bec) et se sp\u00e9cialise dans le droit de l\u2019immigration canadien et am\u00e9ricain. Avant de faire son entr\u00e9e dans le monde juridique, Me Leiter a obtenu un premier dipl\u00f4me de l\u2019Universit\u00e9 Southern Methodist (Dallas, TX). Apr\u00e8s une premi\u00e8re carri\u00e8re comme musicienne professionnelle et une seconde carri\u00e8re dans le domaine immobilier, elle a obtenu son baccalaur\u00e9at en droit civil (L.L.B.) et son baccalaur\u00e9at&#8230;<\/p>\n","protected":false},"author":1,"featured_media":0,"parent":3597,"menu_order":2,"comment_status":"closed","ping_status":"closed","template":"","meta":[],"yoast_head":"<!-- This site is optimized with the Yoast SEO plugin v18.4.1 - https:\/\/yoast.com\/wordpress\/plugins\/seo\/ -->\n<title>Barbara J. Leiter<\/title>\n<meta name=\"robots\" content=\"index, follow, max-snippet:-1, max-image-preview:large, max-video-preview:-1\" \/>\n<link rel=\"canonical\" href=\"https:\/\/immcanada.com\/fr\/pourquoi-nous-choisir\/avocats\/barbara-j-leiter\/\" \/>\n<meta property=\"og:locale\" content=\"fr_FR\" \/>\n<meta property=\"og:type\" content=\"article\" \/>\n<meta property=\"og:title\" content=\"Barbara J. Leiter\" \/>\n<meta property=\"og:description\" content=\"[vc_row triangle_shape=\u00a0\u00bbno\u00a0\u00bb][vc_column width=\u00a0\u00bb2\/3&Prime; css=\u00a0\u00bb.vc_custom_1460170208967{border-right-width: 1px !important;padding-right: 50px !important;padding-bottom: 50px !important;border-right-color: #eaeaea !important;border-right-style: solid !important;}\u00a0\u00bb][vc_empty_space height=\u00a0\u00bb1px\u00a0\u00bb css=\u00a0\u00bb.vc_custom_1486008505714{margin-top: 10px !important;background-color: #eaeaea !important;}\u00a0\u00bb][vc_column_text css=\u00a0\u00bb.vc_custom_1486008488580{margin-top: 25px !important;}\u00a0\u00bb]Me Barbara J. Leiter\u00a0est copropri\u00e9taire et partenaire de Leiter Rahme Avocats\/Attorneys Inc. Elle est \u00e9tablie \u00e0 Montr\u00e9al (Qu\u00e9bec) et se sp\u00e9cialise dans le droit de l\u2019immigration canadien et am\u00e9ricain. Avant de faire son entr\u00e9e dans le monde juridique, Me Leiter a obtenu un premier dipl\u00f4me de l\u2019Universit\u00e9 Southern Methodist (Dallas, TX). Apr\u00e8s une premi\u00e8re carri\u00e8re comme musicienne professionnelle et une seconde carri\u00e8re dans le domaine immobilier, elle a obtenu son baccalaur\u00e9at en droit civil (L.L.B.) et son baccalaur\u00e9at...\" \/>\n<meta property=\"og:url\" content=\"https:\/\/immcanada.com\/fr\/pourquoi-nous-choisir\/avocats\/barbara-j-leiter\/\" \/>\n<meta property=\"og:site_name\" content=\"Leiter Rahme\" \/>\n<meta property=\"article:modified_time\" content=\"2017-02-02T04:09:07+00:00\" \/>\n<meta name=\"twitter:card\" content=\"summary\" \/>\n<meta name=\"twitter:label1\" content=\"Dur\u00e9e de lecture estim\u00e9e\" \/>\n\t<meta name=\"twitter:data1\" content=\"4 minutes\" \/>\n<script type=\"application\/ld+json\" class=\"yoast-schema-graph\">{\"@context\":\"https:\/\/schema.org\",\"@graph\":[{\"@type\":\"WebSite\",\"@id\":\"https:\/\/immcanada.com\/#website\",\"url\":\"https:\/\/immcanada.com\/\",\"name\":\"Leiter Rahme\",\"description\":\"We&#039;re with you every step of the way\",\"potentialAction\":[{\"@type\":\"SearchAction\",\"target\":{\"@type\":\"EntryPoint\",\"urlTemplate\":\"https:\/\/immcanada.com\/?s={search_term_string}\"},\"query-input\":\"required name=search_term_string\"}],\"inLanguage\":\"fr-FR\"},{\"@type\":\"WebPage\",\"@id\":\"https:\/\/immcanada.com\/fr\/pourquoi-nous-choisir\/avocats\/barbara-j-leiter\/#webpage\",\"url\":\"https:\/\/immcanada.com\/fr\/pourquoi-nous-choisir\/avocats\/barbara-j-leiter\/\",\"name\":\"Barbara J. Leiter\",\"isPartOf\":{\"@id\":\"https:\/\/immcanada.com\/#website\"},\"datePublished\":\"2016-08-28T06:10:12+00:00\",\"dateModified\":\"2017-02-02T04:09:07+00:00\",\"breadcrumb\":{\"@id\":\"https:\/\/immcanada.com\/fr\/pourquoi-nous-choisir\/avocats\/barbara-j-leiter\/#breadcrumb\"},\"inLanguage\":\"fr-FR\",\"potentialAction\":[{\"@type\":\"ReadAction\",\"target\":[\"https:\/\/immcanada.com\/fr\/pourquoi-nous-choisir\/avocats\/barbara-j-leiter\/\"]}]},{\"@type\":\"BreadcrumbList\",\"@id\":\"https:\/\/immcanada.com\/fr\/pourquoi-nous-choisir\/avocats\/barbara-j-leiter\/#breadcrumb\",\"itemListElement\":[{\"@type\":\"ListItem\",\"position\":1,\"name\":\"Home\",\"item\":\"https:\/\/immcanada.com\/fr\/\"},{\"@type\":\"ListItem\",\"position\":2,\"name\":\"Pourquoi nous choisir\",\"item\":\"https:\/\/immcanada.com\/fr\/pourquoi-nous-choisir\/\"},{\"@type\":\"ListItem\",\"position\":3,\"name\":\"Nos Avocats\",\"item\":\"https:\/\/immcanada.com\/fr\/pourquoi-nous-choisir\/avocats\/\"},{\"@type\":\"ListItem\",\"position\":4,\"name\":\"Barbara J. Leiter\"}]}]}<\/script>\n<!-- \/ Yoast SEO plugin. -->","yoast_head_json":{"title":"Barbara J. Leiter","robots":{"index":"index","follow":"follow","max-snippet":"max-snippet:-1","max-image-preview":"max-image-preview:large","max-video-preview":"max-video-preview:-1"},"canonical":"https:\/\/immcanada.com\/fr\/pourquoi-nous-choisir\/avocats\/barbara-j-leiter\/","og_locale":"fr_FR","og_type":"article","og_title":"Barbara J. Leiter","og_description":"[vc_row triangle_shape=\u00a0\u00bbno\u00a0\u00bb][vc_column width=\u00a0\u00bb2\/3&Prime; css=\u00a0\u00bb.vc_custom_1460170208967{border-right-width: 1px !important;padding-right: 50px !important;padding-bottom: 50px !important;border-right-color: #eaeaea !important;border-right-style: solid !important;}\u00a0\u00bb][vc_empty_space height=\u00a0\u00bb1px\u00a0\u00bb css=\u00a0\u00bb.vc_custom_1486008505714{margin-top: 10px !important;background-color: #eaeaea !important;}\u00a0\u00bb][vc_column_text css=\u00a0\u00bb.vc_custom_1486008488580{margin-top: 25px !important;}\u00a0\u00bb]Me Barbara J. Leiter\u00a0est copropri\u00e9taire et partenaire de Leiter Rahme Avocats\/Attorneys Inc. Elle est \u00e9tablie \u00e0 Montr\u00e9al (Qu\u00e9bec) et se sp\u00e9cialise dans le droit de l\u2019immigration canadien et am\u00e9ricain. Avant de faire son entr\u00e9e dans le monde juridique, Me Leiter a obtenu un premier dipl\u00f4me de l\u2019Universit\u00e9 Southern Methodist (Dallas, TX). Apr\u00e8s une premi\u00e8re carri\u00e8re comme musicienne professionnelle et une seconde carri\u00e8re dans le domaine immobilier, elle a obtenu son baccalaur\u00e9at en droit civil (L.L.B.) et son baccalaur\u00e9at...","og_url":"https:\/\/immcanada.com\/fr\/pourquoi-nous-choisir\/avocats\/barbara-j-leiter\/","og_site_name":"Leiter Rahme","article_modified_time":"2017-02-02T04:09:07+00:00","twitter_card":"summary","twitter_misc":{"Dur\u00e9e de lecture estim\u00e9e":"4 minutes"},"schema":{"@context":"https:\/\/schema.org","@graph":[{"@type":"WebSite","@id":"https:\/\/immcanada.com\/#website","url":"https:\/\/immcanada.com\/","name":"Leiter Rahme","description":"We&#039;re with you every step of the way","potentialAction":[{"@type":"SearchAction","target":{"@type":"EntryPoint","urlTemplate":"https:\/\/immcanada.com\/?s={search_term_string}"},"query-input":"required name=search_term_string"}],"inLanguage":"fr-FR"},{"@type":"WebPage","@id":"https:\/\/immcanada.com\/fr\/pourquoi-nous-choisir\/avocats\/barbara-j-leiter\/#webpage","url":"https:\/\/immcanada.com\/fr\/pourquoi-nous-choisir\/avocats\/barbara-j-leiter\/","name":"Barbara J. Leiter","isPartOf":{"@id":"https:\/\/immcanada.com\/#website"},"datePublished":"2016-08-28T06:10:12+00:00","dateModified":"2017-02-02T04:09:07+00:00","breadcrumb":{"@id":"https:\/\/immcanada.com\/fr\/pourquoi-nous-choisir\/avocats\/barbara-j-leiter\/#breadcrumb"},"inLanguage":"fr-FR","potentialAction":[{"@type":"ReadAction","target":["https:\/\/immcanada.com\/fr\/pourquoi-nous-choisir\/avocats\/barbara-j-leiter\/"]}]},{"@type":"BreadcrumbList","@id":"https:\/\/immcanada.com\/fr\/pourquoi-nous-choisir\/avocats\/barbara-j-leiter\/#breadcrumb","itemListElement":[{"@type":"ListItem","position":1,"name":"Home","item":"https:\/\/immcanada.com\/fr\/"},{"@type":"ListItem","position":2,"name":"Pourquoi nous choisir","item":"https:\/\/immcanada.com\/fr\/pourquoi-nous-choisir\/"},{"@type":"ListItem","position":3,"name":"Nos Avocats","item":"https:\/\/immcanada.com\/fr\/pourquoi-nous-choisir\/avocats\/"},{"@type":"ListItem","position":4,"name":"Barbara J. Leiter"}]}]}},"_links":{"self":[{"href":"https:\/\/immcanada.com\/fr\/wp-json\/wp\/v2\/pages\/3602\/"}],"collection":[{"href":"https:\/\/immcanada.com\/fr\/wp-json\/wp\/v2\/pages\/"}],"about":[{"href":"https:\/\/immcanada.com\/fr\/wp-json\/wp\/v2\/types\/page\/"}],"author":[{"embeddable":true,"href":"https:\/\/immcanada.com\/fr\/wp-json\/wp\/v2\/users\/1\/"}],"replies":[{"embeddable":true,"href":"https:\/\/immcanada.com\/fr\/wp-json\/wp\/v2\/comments\/?post=3602"}],"version-history":[{"count":5,"href":"https:\/\/immcanada.com\/fr\/wp-json\/wp\/v2\/pages\/3602\/revisions\/"}],"predecessor-version":[{"id":3850,"href":"https:\/\/immcanada.com\/fr\/wp-json\/wp\/v2\/pages\/3602\/revisions\/3850\/"}],"up":[{"embeddable":true,"href":"https:\/\/immcanada.com\/fr\/wp-json\/wp\/v2\/pages\/3597\/"}],"wp:attachment":[{"href":"https:\/\/immcanada.com\/fr\/wp-json\/wp\/v2\/media\/?parent=3602"}],"curies":[{"name":"wp","href":"https:\/\/api.w.org\/{rel}","templated":true}]}}