{"id":3606,"date":"2016-08-28T06:12:42","date_gmt":"2016-08-28T06:12:42","guid":{"rendered":"http:\/\/immcanada.com\/?page_id=3606&#038;lang=fr"},"modified":"2016-09-10T14:19:50","modified_gmt":"2016-09-10T14:19:50","slug":"evaluation-pour-limmigration","status":"publish","type":"page","link":"https:\/\/immcanada.com\/fr\/pourquoi-nous-choisir\/evaluation-pour-limmigration\/","title":{"rendered":"\u00c9valuation pour l&rsquo;immigration"},"content":{"rendered":"<p><span title=\"Click for alternate translations\">Notre cabinet<\/span> <span title=\"Click for alternate translations\">est<\/span> <span title=\"Click for alternate translations\">heureux<\/span> <span title=\"Click for alternate translations\">de<\/span> <span title=\"Click for alternate translations\">vous offrir<\/span> <span title=\"Click for alternate translations\">une \u00e9valuation<\/span> <span title=\"Click for alternate translations\">gratuite<\/span> <span title=\"Click for alternate translations\">de<\/span> <span title=\"Click for alternate translations\">votre<\/span> <span title=\"Click for alternate translations\">profil sp\u00e9cifique et des c<\/span><span title=\"Click for alternate translations\">hances de<\/span> <span title=\"Click for alternate translations\">votre succ\u00e8s<\/span><span title=\"Click for alternate translations\"> pour votre \u00e9ventuel projet d&rsquo;immigration.<\/span> Veuillez <span title=\"Click for alternate translations\">choisir la<\/span> <span title=\"Click for alternate translations\">cat\u00e9gorie qui<\/span> <span title=\"Click for alternate translations\">vous semble<\/span> <span title=\"Click for alternate translations\">la plus appropri\u00e9e pour<\/span> <span title=\"Click for alternate translations\">votre projet d&rsquo;immigration. Ensuite, vous \u00eates invit\u00e9s \u00e0<\/span><span title=\"Click for alternate translations\"> remplir le\u00a0<\/span><span title=\"Click for alternate translations\">questionnaire et<\/span> <span title=\"Click for alternate translations\">nous<\/span> <span title=\"Click for alternate translations\">ferons de<\/span> <span title=\"Click for alternate translations\">notre mieux<\/span> <span title=\"Click for alternate translations\">pour<\/span> <span title=\"Click for alternate translations\">vous r\u00e9pondre<\/span> <span title=\"Click for alternate translations\">dans les 2\u00a0<\/span><span title=\"Click for alternate translations\">jours ouvrables<\/span><span title=\"Click for alternate translations\">.<\/span><\/p>\n<h2>\u00c9valuation pour l&rsquo;immigration au Canada<\/h2>\n<p><span title=\"Click for alternate translations\">Nous avons<\/span> <span title=\"Click for alternate translations\">aid\u00e9<\/span> <span title=\"Click for alternate translations\">des centaines de<\/span> <span title=\"Click for alternate translations\">candidats<\/span> et leurs familles dans <span title=\"Click for alternate translations\">leur<\/span>s\u00a0<span title=\"Click for alternate translations\">demandes<\/span> d&rsquo;<span title=\"Click for alternate translations\">immigration<\/span> pour le Canada et\/ou les \u00c9tats-Unis en les repr\u00e9sentant devant les autorit\u00e9s concern\u00e9es.<\/p>\n<p><span title=\"Click for alternate translations\">Notre expertise en droit commercial et corporatif rev\u00eat un int\u00e9r\u00eat particulier<\/span> <span title=\"Click for alternate translations\">pour ceux <\/span><span title=\"Click for alternate translations\">qui souhaitent<\/span> <span title=\"Click for alternate translations\">d\u00e9marrer une<\/span> <span title=\"Click for alternate translations\">entreprise<\/span> <span title=\"Click for alternate translations\">au Canada et\/ou aux \u00c9tats-Unis et celle-ci est mise au service de nos clients d\u00e9sirant pr\u00e9senter une demande dans la cat\u00e9gorie<\/span> entrepreneur ou investisseur.<\/p>\n<ul>\n<li><a href=\"http:\/\/immcanada.com\/pourquoi-nous-choisir\/evaluation-pour-limmigration\/pour-les-gens-daffaires\/?lang=fr\">Questionnaire pour les gens d&rsquo;affaires<\/a><\/li>\n<li><a href=\"http:\/\/immcanada.com\/pourquoi-nous-choisir\/evaluation-pour-limmigration\/pour-les-travailleurs-qualifies\/?lang=fr\">Questionnaire pour les travailleurs qualifi\u00e9s<\/a><\/li>\n<li><a href=\"http:\/\/immcanada.com\/pourquoi-nous-choisir\/evaluation-pour-limmigration\/pour-un-permis-etudiant\/?lang=fr\">Questionnaire pour les \u00e9tudiants<\/a><\/li>\n<\/ul>\n","protected":false},"excerpt":{"rendered":"<p>Notre cabinet est heureux de vous offrir une \u00e9valuation gratuite de votre profil sp\u00e9cifique et des chances de votre succ\u00e8s pour votre \u00e9ventuel projet d&rsquo;immigration. Veuillez choisir la cat\u00e9gorie qui vous semble la plus appropri\u00e9e pour votre projet d&rsquo;immigration. Ensuite, vous \u00eates invit\u00e9s \u00e0 remplir le\u00a0questionnaire et nous ferons de notre mieux pour vous r\u00e9pondre dans les 2\u00a0jours ouvrables. \u00c9valuation pour l&rsquo;immigration au Canada Nous avons aid\u00e9 des centaines de candidats et leurs familles dans leurs\u00a0demandes d&rsquo;immigration pour le Canada et\/ou les \u00c9tats-Unis en les repr\u00e9sentant devant les autorit\u00e9s concern\u00e9es. Notre expertise en droit commercial et corporatif rev\u00eat un int\u00e9r\u00eat&#8230;<\/p>\n","protected":false},"author":1,"featured_media":0,"parent":3595,"menu_order":3,"comment_status":"closed","ping_status":"closed","template":"","meta":[],"yoast_head":"<!-- This site is optimized with the Yoast SEO plugin v18.4.1 - https:\/\/yoast.com\/wordpress\/plugins\/seo\/ -->\n<title>\u00c9valuation pour l&#039;immigration<\/title>\n<meta name=\"robots\" content=\"index, follow, max-snippet:-1, max-image-preview:large, max-video-preview:-1\" \/>\n<link rel=\"canonical\" href=\"https:\/\/immcanada.com\/fr\/pourquoi-nous-choisir\/evaluation-pour-limmigration\/\" \/>\n<meta property=\"og:locale\" content=\"fr_FR\" \/>\n<meta property=\"og:type\" content=\"article\" \/>\n<meta property=\"og:title\" content=\"\u00c9valuation pour l&#039;immigration\" \/>\n<meta property=\"og:description\" content=\"Notre cabinet est heureux de vous offrir une \u00e9valuation gratuite de votre profil sp\u00e9cifique et des chances de votre succ\u00e8s pour votre \u00e9ventuel projet d&rsquo;immigration. Veuillez choisir la cat\u00e9gorie qui vous semble la plus appropri\u00e9e pour votre projet d&rsquo;immigration. Ensuite, vous \u00eates invit\u00e9s \u00e0 remplir le\u00a0questionnaire et nous ferons de notre mieux pour vous r\u00e9pondre dans les 2\u00a0jours ouvrables. \u00c9valuation pour l&rsquo;immigration au Canada Nous avons aid\u00e9 des centaines de candidats et leurs familles dans leurs\u00a0demandes d&rsquo;immigration pour le Canada et\/ou les \u00c9tats-Unis en les repr\u00e9sentant devant les autorit\u00e9s concern\u00e9es. Notre expertise en droit commercial et corporatif rev\u00eat un int\u00e9r\u00eat...\" \/>\n<meta property=\"og:url\" content=\"https:\/\/immcanada.com\/fr\/pourquoi-nous-choisir\/evaluation-pour-limmigration\/\" \/>\n<meta property=\"og:site_name\" content=\"Leiter Rahme\" \/>\n<meta property=\"article:modified_time\" content=\"2016-09-10T14:19:50+00:00\" \/>\n<meta name=\"twitter:card\" content=\"summary\" \/>\n<meta name=\"twitter:label1\" content=\"Dur\u00e9e de lecture estim\u00e9e\" \/>\n\t<meta name=\"twitter:data1\" content=\"1 minute\" \/>\n<script type=\"application\/ld+json\" class=\"yoast-schema-graph\">{\"@context\":\"https:\/\/schema.org\",\"@graph\":[{\"@type\":\"WebSite\",\"@id\":\"https:\/\/immcanada.com\/#website\",\"url\":\"https:\/\/immcanada.com\/\",\"name\":\"Leiter Rahme\",\"description\":\"We&#039;re with you every step of the way\",\"potentialAction\":[{\"@type\":\"SearchAction\",\"target\":{\"@type\":\"EntryPoint\",\"urlTemplate\":\"https:\/\/immcanada.com\/?s={search_term_string}\"},\"query-input\":\"required name=search_term_string\"}],\"inLanguage\":\"fr-FR\"},{\"@type\":\"WebPage\",\"@id\":\"https:\/\/immcanada.com\/fr\/pourquoi-nous-choisir\/evaluation-pour-limmigration\/#webpage\",\"url\":\"https:\/\/immcanada.com\/fr\/pourquoi-nous-choisir\/evaluation-pour-limmigration\/\",\"name\":\"\u00c9valuation pour l'immigration\",\"isPartOf\":{\"@id\":\"https:\/\/immcanada.com\/#website\"},\"datePublished\":\"2016-08-28T06:12:42+00:00\",\"dateModified\":\"2016-09-10T14:19:50+00:00\",\"breadcrumb\":{\"@id\":\"https:\/\/immcanada.com\/fr\/pourquoi-nous-choisir\/evaluation-pour-limmigration\/#breadcrumb\"},\"inLanguage\":\"fr-FR\",\"potentialAction\":[{\"@type\":\"ReadAction\",\"target\":[\"https:\/\/immcanada.com\/fr\/pourquoi-nous-choisir\/evaluation-pour-limmigration\/\"]}]},{\"@type\":\"BreadcrumbList\",\"@id\":\"https:\/\/immcanada.com\/fr\/pourquoi-nous-choisir\/evaluation-pour-limmigration\/#breadcrumb\",\"itemListElement\":[{\"@type\":\"ListItem\",\"position\":1,\"name\":\"Home\",\"item\":\"https:\/\/immcanada.com\/fr\/\"},{\"@type\":\"ListItem\",\"position\":2,\"name\":\"Pourquoi nous choisir\",\"item\":\"https:\/\/immcanada.com\/fr\/pourquoi-nous-choisir\/\"},{\"@type\":\"ListItem\",\"position\":3,\"name\":\"\u00c9valuation pour l&rsquo;immigration\"}]}]}<\/script>\n<!-- \/ Yoast SEO plugin. -->","yoast_head_json":{"title":"\u00c9valuation pour l'immigration","robots":{"index":"index","follow":"follow","max-snippet":"max-snippet:-1","max-image-preview":"max-image-preview:large","max-video-preview":"max-video-preview:-1"},"canonical":"https:\/\/immcanada.com\/fr\/pourquoi-nous-choisir\/evaluation-pour-limmigration\/","og_locale":"fr_FR","og_type":"article","og_title":"\u00c9valuation pour l'immigration","og_description":"Notre cabinet est heureux de vous offrir une \u00e9valuation gratuite de votre profil sp\u00e9cifique et des chances de votre succ\u00e8s pour votre \u00e9ventuel projet d&rsquo;immigration. Veuillez choisir la cat\u00e9gorie qui vous semble la plus appropri\u00e9e pour votre projet d&rsquo;immigration. Ensuite, vous \u00eates invit\u00e9s \u00e0 remplir le\u00a0questionnaire et nous ferons de notre mieux pour vous r\u00e9pondre dans les 2\u00a0jours ouvrables. \u00c9valuation pour l&rsquo;immigration au Canada Nous avons aid\u00e9 des centaines de candidats et leurs familles dans leurs\u00a0demandes d&rsquo;immigration pour le Canada et\/ou les \u00c9tats-Unis en les repr\u00e9sentant devant les autorit\u00e9s concern\u00e9es. Notre expertise en droit commercial et corporatif rev\u00eat un int\u00e9r\u00eat...","og_url":"https:\/\/immcanada.com\/fr\/pourquoi-nous-choisir\/evaluation-pour-limmigration\/","og_site_name":"Leiter Rahme","article_modified_time":"2016-09-10T14:19:50+00:00","twitter_card":"summary","twitter_misc":{"Dur\u00e9e de lecture estim\u00e9e":"1 minute"},"schema":{"@context":"https:\/\/schema.org","@graph":[{"@type":"WebSite","@id":"https:\/\/immcanada.com\/#website","url":"https:\/\/immcanada.com\/","name":"Leiter Rahme","description":"We&#039;re with you every step of the way","potentialAction":[{"@type":"SearchAction","target":{"@type":"EntryPoint","urlTemplate":"https:\/\/immcanada.com\/?s={search_term_string}"},"query-input":"required name=search_term_string"}],"inLanguage":"fr-FR"},{"@type":"WebPage","@id":"https:\/\/immcanada.com\/fr\/pourquoi-nous-choisir\/evaluation-pour-limmigration\/#webpage","url":"https:\/\/immcanada.com\/fr\/pourquoi-nous-choisir\/evaluation-pour-limmigration\/","name":"\u00c9valuation pour l'immigration","isPartOf":{"@id":"https:\/\/immcanada.com\/#website"},"datePublished":"2016-08-28T06:12:42+00:00","dateModified":"2016-09-10T14:19:50+00:00","breadcrumb":{"@id":"https:\/\/immcanada.com\/fr\/pourquoi-nous-choisir\/evaluation-pour-limmigration\/#breadcrumb"},"inLanguage":"fr-FR","potentialAction":[{"@type":"ReadAction","target":["https:\/\/immcanada.com\/fr\/pourquoi-nous-choisir\/evaluation-pour-limmigration\/"]}]},{"@type":"BreadcrumbList","@id":"https:\/\/immcanada.com\/fr\/pourquoi-nous-choisir\/evaluation-pour-limmigration\/#breadcrumb","itemListElement":[{"@type":"ListItem","position":1,"name":"Home","item":"https:\/\/immcanada.com\/fr\/"},{"@type":"ListItem","position":2,"name":"Pourquoi nous choisir","item":"https:\/\/immcanada.com\/fr\/pourquoi-nous-choisir\/"},{"@type":"ListItem","position":3,"name":"\u00c9valuation pour l&rsquo;immigration"}]}]}},"_links":{"self":[{"href":"https:\/\/immcanada.com\/fr\/wp-json\/wp\/v2\/pages\/3606\/"}],"collection":[{"href":"https:\/\/immcanada.com\/fr\/wp-json\/wp\/v2\/pages\/"}],"about":[{"href":"https:\/\/immcanada.com\/fr\/wp-json\/wp\/v2\/types\/page\/"}],"author":[{"embeddable":true,"href":"https:\/\/immcanada.com\/fr\/wp-json\/wp\/v2\/users\/1\/"}],"replies":[{"embeddable":true,"href":"https:\/\/immcanada.com\/fr\/wp-json\/wp\/v2\/comments\/?post=3606"}],"version-history":[{"count":7,"href":"https:\/\/immcanada.com\/fr\/wp-json\/wp\/v2\/pages\/3606\/revisions\/"}],"predecessor-version":[{"id":3771,"href":"https:\/\/immcanada.com\/fr\/wp-json\/wp\/v2\/pages\/3606\/revisions\/3771\/"}],"up":[{"embeddable":true,"href":"https:\/\/immcanada.com\/fr\/wp-json\/wp\/v2\/pages\/3595\/"}],"wp:attachment":[{"href":"https:\/\/immcanada.com\/fr\/wp-json\/wp\/v2\/media\/?parent=3606"}],"curies":[{"name":"wp","href":"https:\/\/api.w.org\/{rel}","templated":true}]}}