{"id":3615,"date":"2016-08-28T06:26:28","date_gmt":"2016-08-28T06:26:28","guid":{"rendered":"http:\/\/immcanada.com\/?page_id=3615&#038;lang=fr"},"modified":"2017-02-27T15:13:54","modified_gmt":"2017-02-27T15:13:54","slug":"ressources","status":"publish","type":"page","link":"https:\/\/immcanada.com\/fr\/ressources\/","title":{"rendered":"Ressources"},"content":{"rendered":"<h3>Emploi<\/h3>\n<ul>\n<li><a href=\"http:\/\/www.monster.ca\/\">www.monster.ca<\/a><\/li>\n<li><a href=\"http:\/\/www.jobboom.ca\/\">www.jobboom.ca<\/a><\/li>\n<li><a href=\"http:\/\/www.jobbank.gc.ca\/\">www.jobbank.gc.ca<\/a><\/li>\n<li><a href=\"http:\/\/www.workopolis.com\/\">www.workopolis.com<\/a><\/li>\n<li><a href=\"http:\/\/www.wowjobs.ca\/\">www.wowjobs.ca<\/a><\/li>\n<li><a href=\"http:\/\/www.jobsearch.ca\/\">www.jobsearch.ca<\/a><\/li>\n<\/ul>\n<h3>Universit\u00e9s Canadiennes<\/h3>\n<ul>\n<li><a href=\"http:\/\/www.uwaterloo.ca\/\">University of Waterloo<\/a><\/li>\n<li><a href=\"http:\/\/www.ucalgary.ca\/\">University of Calgary<\/a><\/li>\n<li><a href=\"http:\/\/www.brandonu.ca\/\">Brandon University<\/a><\/li>\n<li><a href=\"http:\/\/www.umanitoba.ca\/\" target=\"_blank\">University of Manitoba<\/a><\/li>\n<li><a href=\"http:\/\/www.utoronto.ca\/\">University of Toronto<\/a><\/li>\n<li><a href=\"http:\/\/www.uwinnipeg.ca\/\">University of Winnipeg<\/a><\/li>\n<li><a href=\"http:\/\/www.unb.ca\/\">University of New Brunswick<\/a><\/li>\n<li><a href=\"http:\/\/www.ubc.ca\/\">University of British Columbia<\/a><\/li>\n<li><a href=\"http:\/\/www.dal.ca\/\">Dalhousie University<\/a><\/li>\n<li><a href=\"http:\/\/www.mcgill.ca\/\">McGill University<\/a><\/li>\n<li><a href=\"http:\/\/www.concordia.ca\/\">Concordia University<\/a><\/li>\n<li><a href=\"http:\/\/www.usherbrooke.ca\/\">Universit\u00e9 de Sherbrooke<\/a> (Universit\u00e9 francophone)<\/li>\n<li><a href=\"http:\/\/www.umontreal.ca\/\">Universit\u00e9 de Montr\u00e9al<\/a> (Universit\u00e9 francophone)<\/li>\n<li><a href=\"http:\/\/www.uqam.ca\/\">Universti\u00e9 du Qu\u00e9bec \u00e0 Montr\u00e9al<\/a>\u00a0(Universit\u00e9 francophone)<\/li>\n<\/ul>\n<h3>Ressources aux Quebec<\/h3>\n<ul>\n<li><a href=\"http:\/\/www.gouv.qc.ca\/\">www.gouv.qc.ca<\/a> (Tous les services offerts par le gouvernement du Qu\u00e9bec)<\/li>\n<li><a href=\"http:\/\/www.emploiquebec.net\/\">www.emploiquebec.net<\/a><\/li>\n<li><a href=\"http:\/\/www.bonjourquebec.com\/\">www.bonjourquebec.com<\/a><\/li>\n<li><a href=\"http:\/\/fr.wikipedia.org\/wiki\/Quebec\">http:\/\/fr.wikipedia.org\/wiki\/Quebec<\/a><\/li>\n<\/ul>\n","protected":false},"excerpt":{"rendered":"<p>Emploi www.monster.ca www.jobboom.ca www.jobbank.gc.ca www.workopolis.com www.wowjobs.ca www.jobsearch.ca Universit\u00e9s Canadiennes University of Waterloo University of Calgary Brandon University University of Manitoba University of Toronto University of Winnipeg University of New Brunswick University of British Columbia Dalhousie University McGill University Concordia University Universit\u00e9 de Sherbrooke (Universit\u00e9 francophone) Universit\u00e9 de Montr\u00e9al (Universit\u00e9 francophone) Universti\u00e9 du Qu\u00e9bec \u00e0 Montr\u00e9al\u00a0(Universit\u00e9 francophone) Ressources aux Quebec www.gouv.qc.ca (Tous les services offerts par le gouvernement du Qu\u00e9bec) www.emploiquebec.net www.bonjourquebec.com http:\/\/fr.wikipedia.org\/wiki\/Quebec<\/p>\n","protected":false},"author":1,"featured_media":0,"parent":0,"menu_order":10,"comment_status":"closed","ping_status":"closed","template":"","meta":[],"yoast_head":"<!-- This site is optimized with the Yoast SEO plugin v18.4.1 - https:\/\/yoast.com\/wordpress\/plugins\/seo\/ -->\n<title>Ressources<\/title>\n<meta name=\"robots\" content=\"index, follow, max-snippet:-1, max-image-preview:large, max-video-preview:-1\" \/>\n<link rel=\"canonical\" href=\"https:\/\/immcanada.com\/fr\/ressources\/\" \/>\n<meta property=\"og:locale\" content=\"fr_FR\" \/>\n<meta property=\"og:type\" content=\"article\" \/>\n<meta property=\"og:title\" content=\"Ressources\" \/>\n<meta property=\"og:description\" content=\"Emploi www.monster.ca www.jobboom.ca www.jobbank.gc.ca www.workopolis.com www.wowjobs.ca www.jobsearch.ca Universit\u00e9s Canadiennes University of Waterloo University of Calgary Brandon University University of Manitoba University of Toronto University of Winnipeg University of New Brunswick University of British Columbia Dalhousie University McGill University Concordia University Universit\u00e9 de Sherbrooke (Universit\u00e9 francophone) Universit\u00e9 de Montr\u00e9al (Universit\u00e9 francophone) Universti\u00e9 du Qu\u00e9bec \u00e0 Montr\u00e9al\u00a0(Universit\u00e9 francophone) Ressources aux Quebec www.gouv.qc.ca (Tous les services offerts par le gouvernement du Qu\u00e9bec) www.emploiquebec.net www.bonjourquebec.com http:\/\/fr.wikipedia.org\/wiki\/Quebec\" \/>\n<meta property=\"og:url\" content=\"https:\/\/immcanada.com\/fr\/ressources\/\" \/>\n<meta property=\"og:site_name\" content=\"Leiter Rahme\" \/>\n<meta property=\"article:modified_time\" content=\"2017-02-27T15:13:54+00:00\" \/>\n<meta name=\"twitter:card\" content=\"summary\" \/>\n<meta name=\"twitter:label1\" content=\"Dur\u00e9e de lecture estim\u00e9e\" \/>\n\t<meta name=\"twitter:data1\" content=\"1 minute\" \/>\n<script type=\"application\/ld+json\" class=\"yoast-schema-graph\">{\"@context\":\"https:\/\/schema.org\",\"@graph\":[{\"@type\":\"WebSite\",\"@id\":\"https:\/\/immcanada.com\/#website\",\"url\":\"https:\/\/immcanada.com\/\",\"name\":\"Leiter Rahme\",\"description\":\"We&#039;re with you every step of the way\",\"potentialAction\":[{\"@type\":\"SearchAction\",\"target\":{\"@type\":\"EntryPoint\",\"urlTemplate\":\"https:\/\/immcanada.com\/?s={search_term_string}\"},\"query-input\":\"required name=search_term_string\"}],\"inLanguage\":\"fr-FR\"},{\"@type\":\"WebPage\",\"@id\":\"https:\/\/immcanada.com\/fr\/ressources\/#webpage\",\"url\":\"https:\/\/immcanada.com\/fr\/ressources\/\",\"name\":\"Ressources\",\"isPartOf\":{\"@id\":\"https:\/\/immcanada.com\/#website\"},\"datePublished\":\"2016-08-28T06:26:28+00:00\",\"dateModified\":\"2017-02-27T15:13:54+00:00\",\"breadcrumb\":{\"@id\":\"https:\/\/immcanada.com\/fr\/ressources\/#breadcrumb\"},\"inLanguage\":\"fr-FR\",\"potentialAction\":[{\"@type\":\"ReadAction\",\"target\":[\"https:\/\/immcanada.com\/fr\/ressources\/\"]}]},{\"@type\":\"BreadcrumbList\",\"@id\":\"https:\/\/immcanada.com\/fr\/ressources\/#breadcrumb\",\"itemListElement\":[{\"@type\":\"ListItem\",\"position\":1,\"name\":\"Home\",\"item\":\"https:\/\/immcanada.com\/fr\/\"},{\"@type\":\"ListItem\",\"position\":2,\"name\":\"Ressources\"}]}]}<\/script>\n<!-- \/ Yoast SEO plugin. -->","yoast_head_json":{"title":"Ressources","robots":{"index":"index","follow":"follow","max-snippet":"max-snippet:-1","max-image-preview":"max-image-preview:large","max-video-preview":"max-video-preview:-1"},"canonical":"https:\/\/immcanada.com\/fr\/ressources\/","og_locale":"fr_FR","og_type":"article","og_title":"Ressources","og_description":"Emploi www.monster.ca www.jobboom.ca www.jobbank.gc.ca www.workopolis.com www.wowjobs.ca www.jobsearch.ca Universit\u00e9s Canadiennes University of Waterloo University of Calgary Brandon University University of Manitoba University of Toronto University of Winnipeg University of New Brunswick University of British Columbia Dalhousie University McGill University Concordia University Universit\u00e9 de Sherbrooke (Universit\u00e9 francophone) Universit\u00e9 de Montr\u00e9al (Universit\u00e9 francophone) Universti\u00e9 du Qu\u00e9bec \u00e0 Montr\u00e9al\u00a0(Universit\u00e9 francophone) Ressources aux Quebec www.gouv.qc.ca (Tous les services offerts par le gouvernement du Qu\u00e9bec) www.emploiquebec.net www.bonjourquebec.com http:\/\/fr.wikipedia.org\/wiki\/Quebec","og_url":"https:\/\/immcanada.com\/fr\/ressources\/","og_site_name":"Leiter Rahme","article_modified_time":"2017-02-27T15:13:54+00:00","twitter_card":"summary","twitter_misc":{"Dur\u00e9e de lecture estim\u00e9e":"1 minute"},"schema":{"@context":"https:\/\/schema.org","@graph":[{"@type":"WebSite","@id":"https:\/\/immcanada.com\/#website","url":"https:\/\/immcanada.com\/","name":"Leiter Rahme","description":"We&#039;re with you every step of the way","potentialAction":[{"@type":"SearchAction","target":{"@type":"EntryPoint","urlTemplate":"https:\/\/immcanada.com\/?s={search_term_string}"},"query-input":"required name=search_term_string"}],"inLanguage":"fr-FR"},{"@type":"WebPage","@id":"https:\/\/immcanada.com\/fr\/ressources\/#webpage","url":"https:\/\/immcanada.com\/fr\/ressources\/","name":"Ressources","isPartOf":{"@id":"https:\/\/immcanada.com\/#website"},"datePublished":"2016-08-28T06:26:28+00:00","dateModified":"2017-02-27T15:13:54+00:00","breadcrumb":{"@id":"https:\/\/immcanada.com\/fr\/ressources\/#breadcrumb"},"inLanguage":"fr-FR","potentialAction":[{"@type":"ReadAction","target":["https:\/\/immcanada.com\/fr\/ressources\/"]}]},{"@type":"BreadcrumbList","@id":"https:\/\/immcanada.com\/fr\/ressources\/#breadcrumb","itemListElement":[{"@type":"ListItem","position":1,"name":"Home","item":"https:\/\/immcanada.com\/fr\/"},{"@type":"ListItem","position":2,"name":"Ressources"}]}]}},"_links":{"self":[{"href":"https:\/\/immcanada.com\/fr\/wp-json\/wp\/v2\/pages\/3615\/"}],"collection":[{"href":"https:\/\/immcanada.com\/fr\/wp-json\/wp\/v2\/pages\/"}],"about":[{"href":"https:\/\/immcanada.com\/fr\/wp-json\/wp\/v2\/types\/page\/"}],"author":[{"embeddable":true,"href":"https:\/\/immcanada.com\/fr\/wp-json\/wp\/v2\/users\/1\/"}],"replies":[{"embeddable":true,"href":"https:\/\/immcanada.com\/fr\/wp-json\/wp\/v2\/comments\/?post=3615"}],"version-history":[{"count":1,"href":"https:\/\/immcanada.com\/fr\/wp-json\/wp\/v2\/pages\/3615\/revisions\/"}],"predecessor-version":[{"id":3616,"href":"https:\/\/immcanada.com\/fr\/wp-json\/wp\/v2\/pages\/3615\/revisions\/3616\/"}],"wp:attachment":[{"href":"https:\/\/immcanada.com\/fr\/wp-json\/wp\/v2\/media\/?parent=3615"}],"curies":[{"name":"wp","href":"https:\/\/api.w.org\/{rel}","templated":true}]}}