{"id":3617,"date":"2016-08-28T06:27:40","date_gmt":"2016-08-28T06:27:40","guid":{"rendered":"http:\/\/immcanada.com\/?page_id=3617&#038;lang=fr"},"modified":"2025-05-08T16:36:03","modified_gmt":"2025-05-08T16:36:03","slug":"contact","status":"publish","type":"page","link":"https:\/\/immcanada.com\/fr\/contact\/","title":{"rendered":"Contact"},"content":{"rendered":"<p>[vc_row triangle_shape=\u00a0\u00bbno\u00a0\u00bb][vc_column]<div class=\"mkd-google-map-holder\">\n\t<div class=\"mkd-google-map\" id=\"mkd-map-2807206\" data-addresses='[\"4541 Park Ave, Montreal, QC H2V 4E4\"]' data-custom-map-style=true data-color-overlay=rgba(0,0,0,0.42) data-saturation=-100 data-lightness=40 data-zoom=17 data-pin=https:\/\/immcanada.com\/wp-content\/uploads\/2015\/11\/Map_pin1-e1460178524692.png data-unique-id=2807206 data-scroll-wheel=false data-height=400><\/div>\n\t\t\t<div class=\"mkd-google-map-overlay\"><\/div>\n\t<\/div>\n[\/vc_column][\/vc_row][vc_row content_width=\u00a0\u00bbgrid\u00a0\u00bb triangle_shape=\u00a0\u00bbno\u00a0\u00bb css=\u00a0\u00bb.vc_custom_1460174112387{padding-top: 58px !important;padding-bottom: 23px !important;}\u00a0\u00bb][vc_column width=\u00a0\u00bb1\/3&Prime; offset=\u00a0\u00bbvc_col-lg-4 vc_col-md-6 vc_col-xs-12&Prime; css=\u00a0\u00bb.vc_custom_1460245753736{margin-bottom: 30px !important;border-right-width: 1px !important;padding-top: 0px !important;border-right-color: #eaeaea !important;border-right-style: solid !important;}\u00a0\u00bb][vc_column_text]<\/p>\n<h2>Nos Bureaux<\/h2>\n<p>[\/vc_column_text]<div class=\"mkd-separator-holder clearfix  mkd-separator-center mkd-separator-full-width\" style=\"margin-top: -9px; margin-bottom: 0px; height: 0px\">\n\t<div class=\"mkd-separator\" style=\"border-color: rgba(255,255,255,0.01);border-bottom-width: 0px\"><\/div>\n<\/div>\n[vc_empty_space height=\u00a0\u00bb20px\u00a0\u00bb][vc_column_text]<\/p>\n<h3>Si\u00e8ge social<\/h3>\n<p>4541 Av du Parc<br \/>\nMontr\u00e9al, Qu\u00e9bec<br \/>\nCanada, H2V 4E4<br \/>\nTel: (514) 395-2010<br \/>\nFax (514) 395-8522<br \/>\n<a href=\"mailto:lr@immcanada.com\">LR@immcanada.com<\/a>[\/vc_column_text][vc_empty_space height=\u00a0\u00bb5px\u00a0\u00bb css=\u00a0\u00bb.vc_custom_1460178666629{margin-top: 10px !important;margin-bottom: 10px !important;}\u00a0\u00bb][vc_column_text]<\/p>\n<h3>Bureaux au Moyen-Orient<br \/>\nLeiter Rahme Moyen-Orient<\/h3>\n<p>St Antoine Center, Pierre A. Gemayel Street,<br \/>\nP.O. Box 90766 Jdeideh<br \/>\nBeirut, Lebanon<br \/>\nContact: \u00c0 venir bient\u00f4t<br \/>\nTel: \u00c0 venir bient\u00f4t<br \/>\n<a href=\"mailto:LR@immcanada.com\">LR@immcanada.com<\/a>[\/vc_column_text][vc_empty_space height=\u00a0\u00bb5px\u00a0\u00bb css=\u00a0\u00bb.vc_custom_1460178662386{margin-top: 10px !important;margin-bottom: 10px !important;}\u00a0\u00bb][vc_column_text]<\/p>\n<h3><\/h3>\n<h3>Leiter Rahme Gulf<\/h3>\n<p>API Tower<br \/>\nSheikh Zayed Road<br \/>\nP.O. Box 74832<br \/>\nDubai<br \/>\nUAE<br \/>\nTel: +971 50 483 1888<br \/>\n<a href=\"mailto:Jocelyne.Chidiac@immcanada.com\">Jocelyne.Chidiac@immcanada.com<\/a>[\/vc_column_text][\/vc_column][vc_column width=\u00a0\u00bb2\/3&Prime; offset=\u00a0\u00bbvc_col-lg-8 vc_col-md-6 vc_col-xs-12&Prime; css=\u00a0\u00bb.vc_custom_1460178857251{padding-left: 50px !important;}\u00a0\u00bb][vc_column_text]<\/p>\n<h2>Contactez-Nous<\/h2>\n<p>[\/vc_column_text]<div class=\"mkd-separator-holder clearfix  mkd-separator-center mkd-separator-full-width\" style=\"margin-top: -9px; margin-bottom: 0px; height: 0px\">\n\t<div class=\"mkd-separator\" style=\"border-color: rgba(255,255,255,0.01);border-bottom-width: 0px\"><\/div>\n<\/div>\n[vc_empty_space height=\u00a0\u00bb20px\u00a0\u00bb]<div role=\"form\" class=\"wpcf7\" id=\"wpcf7-f3623-o1\" lang=\"en-US\" dir=\"ltr\">\n<div class=\"screen-reader-response\"><p role=\"status\" aria-live=\"polite\" aria-atomic=\"true\"><\/p> <ul><\/ul><\/div>\n<form action=\"\/fr\/wp-json\/wp\/v2\/pages\/3617#wpcf7-f3623-o1\" method=\"post\" class=\"wpcf7-form init cf7_custom_style_1\" novalidate=\"novalidate\" data-status=\"init\">\n<div style=\"display: none;\">\n<input type=\"hidden\" name=\"_wpcf7\" value=\"3623\" \/>\n<input type=\"hidden\" name=\"_wpcf7_version\" value=\"5.4.2\" \/>\n<input type=\"hidden\" name=\"_wpcf7_locale\" value=\"en_US\" \/>\n<input type=\"hidden\" name=\"_wpcf7_unit_tag\" value=\"wpcf7-f3623-o1\" \/>\n<input type=\"hidden\" name=\"_wpcf7_container_post\" value=\"0\" \/>\n<input type=\"hidden\" name=\"_wpcf7_posted_data_hash\" value=\"\" \/>\n<\/div>\n<p>Nom (required)<br \/>\n    <span class=\"wpcf7-form-control-wrap your-name\"><input type=\"text\" name=\"your-name\" value=\"\" size=\"40\" class=\"wpcf7-form-control wpcf7-text wpcf7-validates-as-required\" aria-required=\"true\" aria-invalid=\"false\" \/><\/span> <\/p>\n<p>Courriel (required)<br \/>\n    <span class=\"wpcf7-form-control-wrap your-email\"><input type=\"email\" name=\"your-email\" value=\"\" size=\"40\" class=\"wpcf7-form-control wpcf7-text wpcf7-email wpcf7-validates-as-required wpcf7-validates-as-email\" aria-required=\"true\" aria-invalid=\"false\" \/><\/span> <\/p>\n<p>Sujet<br \/>\n    <span class=\"wpcf7-form-control-wrap your-subject\"><input type=\"text\" name=\"your-subject\" value=\"\" size=\"40\" class=\"wpcf7-form-control wpcf7-text wpcf7-validates-as-required\" aria-required=\"true\" aria-invalid=\"false\" \/><\/span> <\/p>\n<p>Message<br \/>\n    <span class=\"wpcf7-form-control-wrap your-message\"><textarea name=\"your-message\" cols=\"40\" rows=\"10\" class=\"wpcf7-form-control wpcf7-textarea\" aria-invalid=\"false\"><\/textarea><\/span> <\/p>\n<p><input type=\"submit\" value=\"Soumettre\" class=\"wpcf7-form-control wpcf7-submit\" \/><\/p>\n<div class=\"wpcf7-response-output\" aria-hidden=\"true\"><\/div><\/form><\/div>[\/vc_column][\/vc_row][vc_row triangle_shape=\u00a0\u00bbno\u00a0\u00bb][vc_column][vc_empty_space height=\u00a0\u00bb60px\u00a0\u00bb css=\u00a0\u00bb.vc_custom_1460178935709{margin-top: 10px !important;margin-bottom: 10px !important;}\u00a0\u00bb][\/vc_column][\/vc_row]<\/p>\n","protected":false},"excerpt":{"rendered":"<p>[vc_row triangle_shape=\u00a0\u00bbno\u00a0\u00bb][vc_column][\/vc_column][\/vc_row][vc_row content_width=\u00a0\u00bbgrid\u00a0\u00bb triangle_shape=\u00a0\u00bbno\u00a0\u00bb css=\u00a0\u00bb.vc_custom_1460174112387{padding-top: 58px !important;padding-bottom: 23px !important;}\u00a0\u00bb][vc_column width=\u00a0\u00bb1\/3&Prime; offset=\u00a0\u00bbvc_col-lg-4 vc_col-md-6 vc_col-xs-12&Prime; css=\u00a0\u00bb.vc_custom_1460245753736{margin-bottom: 30px !important;border-right-width: 1px !important;padding-top: 0px !important;border-right-color: #eaeaea !important;border-right-style: solid !important;}\u00a0\u00bb][vc_column_text] Nos Bureaux [\/vc_column_text][vc_empty_space height=\u00a0\u00bb20px\u00a0\u00bb][vc_column_text] Si\u00e8ge social 4541 Av du Parc Montr\u00e9al, Qu\u00e9bec Canada, H2V 4E4 Tel: (514) 395-2010 Fax (514) 395-8522 LR@immcanada.com[\/vc_column_text][vc_empty_space height=\u00a0\u00bb5px\u00a0\u00bb css=\u00a0\u00bb.vc_custom_1460178666629{margin-top: 10px !important;margin-bottom: 10px !important;}\u00a0\u00bb][vc_column_text] Bureaux au Moyen-Orient Leiter Rahme Moyen-Orient St Antoine Center, Pierre A. Gemayel Street, P.O. Box 90766 Jdeideh Beirut, Lebanon Contact: \u00c0 venir bient\u00f4t Tel: \u00c0 venir bient\u00f4t LR@immcanada.com[\/vc_column_text][vc_empty_space height=\u00a0\u00bb5px\u00a0\u00bb css=\u00a0\u00bb.vc_custom_1460178662386{margin-top: 10px !important;margin-bottom: 10px !important;}\u00a0\u00bb][vc_column_text] Leiter Rahme Gulf API Tower Sheikh Zayed Road P.O. Box 74832 Dubai UAE Tel:&#8230;<\/p>\n","protected":false},"author":1,"featured_media":0,"parent":0,"menu_order":15,"comment_status":"closed","ping_status":"closed","template":"full-width.php","meta":[],"yoast_head":"<!-- This site is optimized with the Yoast SEO plugin v18.4.1 - https:\/\/yoast.com\/wordpress\/plugins\/seo\/ -->\n<title>Contact<\/title>\n<meta name=\"robots\" content=\"index, follow, max-snippet:-1, max-image-preview:large, max-video-preview:-1\" \/>\n<link rel=\"canonical\" href=\"https:\/\/immcanada.com\/fr\/contact\/\" \/>\n<meta property=\"og:locale\" content=\"fr_FR\" \/>\n<meta property=\"og:type\" content=\"article\" \/>\n<meta property=\"og:title\" content=\"Contact\" \/>\n<meta property=\"og:description\" content=\"[vc_row triangle_shape=\u00a0\u00bbno\u00a0\u00bb][vc_column][\/vc_column][\/vc_row][vc_row content_width=\u00a0\u00bbgrid\u00a0\u00bb triangle_shape=\u00a0\u00bbno\u00a0\u00bb css=\u00a0\u00bb.vc_custom_1460174112387{padding-top: 58px !important;padding-bottom: 23px !important;}\u00a0\u00bb][vc_column width=\u00a0\u00bb1\/3&Prime; offset=\u00a0\u00bbvc_col-lg-4 vc_col-md-6 vc_col-xs-12&Prime; css=\u00a0\u00bb.vc_custom_1460245753736{margin-bottom: 30px !important;border-right-width: 1px !important;padding-top: 0px !important;border-right-color: #eaeaea !important;border-right-style: solid !important;}\u00a0\u00bb][vc_column_text] Nos Bureaux [\/vc_column_text][vc_empty_space height=\u00a0\u00bb20px\u00a0\u00bb][vc_column_text] Si\u00e8ge social 4541 Av du Parc Montr\u00e9al, Qu\u00e9bec Canada, H2V 4E4 Tel: (514) 395-2010 Fax (514) 395-8522 LR@immcanada.com[\/vc_column_text][vc_empty_space height=\u00a0\u00bb5px\u00a0\u00bb css=\u00a0\u00bb.vc_custom_1460178666629{margin-top: 10px !important;margin-bottom: 10px !important;}\u00a0\u00bb][vc_column_text] Bureaux au Moyen-Orient Leiter Rahme Moyen-Orient St Antoine Center, Pierre A. Gemayel Street, P.O. Box 90766 Jdeideh Beirut, Lebanon Contact: \u00c0 venir bient\u00f4t Tel: \u00c0 venir bient\u00f4t LR@immcanada.com[\/vc_column_text][vc_empty_space height=\u00a0\u00bb5px\u00a0\u00bb css=\u00a0\u00bb.vc_custom_1460178662386{margin-top: 10px !important;margin-bottom: 10px !important;}\u00a0\u00bb][vc_column_text] Leiter Rahme Gulf API Tower Sheikh Zayed Road P.O. Box 74832 Dubai UAE Tel:...\" \/>\n<meta property=\"og:url\" content=\"https:\/\/immcanada.com\/fr\/contact\/\" \/>\n<meta property=\"og:site_name\" content=\"Leiter Rahme\" \/>\n<meta property=\"article:modified_time\" content=\"2025-05-08T16:36:03+00:00\" \/>\n<meta name=\"twitter:card\" content=\"summary\" \/>\n<meta name=\"twitter:label1\" content=\"Dur\u00e9e de lecture estim\u00e9e\" \/>\n\t<meta name=\"twitter:data1\" content=\"2 minutes\" \/>\n<script type=\"application\/ld+json\" class=\"yoast-schema-graph\">{\"@context\":\"https:\/\/schema.org\",\"@graph\":[{\"@type\":\"WebSite\",\"@id\":\"https:\/\/immcanada.com\/#website\",\"url\":\"https:\/\/immcanada.com\/\",\"name\":\"Leiter Rahme\",\"description\":\"We&#039;re with you every step of the way\",\"potentialAction\":[{\"@type\":\"SearchAction\",\"target\":{\"@type\":\"EntryPoint\",\"urlTemplate\":\"https:\/\/immcanada.com\/?s={search_term_string}\"},\"query-input\":\"required name=search_term_string\"}],\"inLanguage\":\"fr-FR\"},{\"@type\":\"WebPage\",\"@id\":\"https:\/\/immcanada.com\/fr\/contact\/#webpage\",\"url\":\"https:\/\/immcanada.com\/fr\/contact\/\",\"name\":\"Contact\",\"isPartOf\":{\"@id\":\"https:\/\/immcanada.com\/#website\"},\"datePublished\":\"2016-08-28T06:27:40+00:00\",\"dateModified\":\"2025-05-08T16:36:03+00:00\",\"breadcrumb\":{\"@id\":\"https:\/\/immcanada.com\/fr\/contact\/#breadcrumb\"},\"inLanguage\":\"fr-FR\",\"potentialAction\":[{\"@type\":\"ReadAction\",\"target\":[\"https:\/\/immcanada.com\/fr\/contact\/\"]}]},{\"@type\":\"BreadcrumbList\",\"@id\":\"https:\/\/immcanada.com\/fr\/contact\/#breadcrumb\",\"itemListElement\":[{\"@type\":\"ListItem\",\"position\":1,\"name\":\"Home\",\"item\":\"https:\/\/immcanada.com\/fr\/\"},{\"@type\":\"ListItem\",\"position\":2,\"name\":\"Contact\"}]}]}<\/script>\n<!-- \/ Yoast SEO plugin. -->","yoast_head_json":{"title":"Contact","robots":{"index":"index","follow":"follow","max-snippet":"max-snippet:-1","max-image-preview":"max-image-preview:large","max-video-preview":"max-video-preview:-1"},"canonical":"https:\/\/immcanada.com\/fr\/contact\/","og_locale":"fr_FR","og_type":"article","og_title":"Contact","og_description":"[vc_row triangle_shape=\u00a0\u00bbno\u00a0\u00bb][vc_column][\/vc_column][\/vc_row][vc_row content_width=\u00a0\u00bbgrid\u00a0\u00bb triangle_shape=\u00a0\u00bbno\u00a0\u00bb css=\u00a0\u00bb.vc_custom_1460174112387{padding-top: 58px !important;padding-bottom: 23px !important;}\u00a0\u00bb][vc_column width=\u00a0\u00bb1\/3&Prime; offset=\u00a0\u00bbvc_col-lg-4 vc_col-md-6 vc_col-xs-12&Prime; css=\u00a0\u00bb.vc_custom_1460245753736{margin-bottom: 30px !important;border-right-width: 1px !important;padding-top: 0px !important;border-right-color: #eaeaea !important;border-right-style: solid !important;}\u00a0\u00bb][vc_column_text] Nos Bureaux [\/vc_column_text][vc_empty_space height=\u00a0\u00bb20px\u00a0\u00bb][vc_column_text] Si\u00e8ge social 4541 Av du Parc Montr\u00e9al, Qu\u00e9bec Canada, H2V 4E4 Tel: (514) 395-2010 Fax (514) 395-8522 LR@immcanada.com[\/vc_column_text][vc_empty_space height=\u00a0\u00bb5px\u00a0\u00bb css=\u00a0\u00bb.vc_custom_1460178666629{margin-top: 10px !important;margin-bottom: 10px !important;}\u00a0\u00bb][vc_column_text] Bureaux au Moyen-Orient Leiter Rahme Moyen-Orient St Antoine Center, Pierre A. Gemayel Street, P.O. Box 90766 Jdeideh Beirut, Lebanon Contact: \u00c0 venir bient\u00f4t Tel: \u00c0 venir bient\u00f4t LR@immcanada.com[\/vc_column_text][vc_empty_space height=\u00a0\u00bb5px\u00a0\u00bb css=\u00a0\u00bb.vc_custom_1460178662386{margin-top: 10px !important;margin-bottom: 10px !important;}\u00a0\u00bb][vc_column_text] Leiter Rahme Gulf API Tower Sheikh Zayed Road P.O. Box 74832 Dubai UAE Tel:...","og_url":"https:\/\/immcanada.com\/fr\/contact\/","og_site_name":"Leiter Rahme","article_modified_time":"2025-05-08T16:36:03+00:00","twitter_card":"summary","twitter_misc":{"Dur\u00e9e de lecture estim\u00e9e":"2 minutes"},"schema":{"@context":"https:\/\/schema.org","@graph":[{"@type":"WebSite","@id":"https:\/\/immcanada.com\/#website","url":"https:\/\/immcanada.com\/","name":"Leiter Rahme","description":"We&#039;re with you every step of the way","potentialAction":[{"@type":"SearchAction","target":{"@type":"EntryPoint","urlTemplate":"https:\/\/immcanada.com\/?s={search_term_string}"},"query-input":"required name=search_term_string"}],"inLanguage":"fr-FR"},{"@type":"WebPage","@id":"https:\/\/immcanada.com\/fr\/contact\/#webpage","url":"https:\/\/immcanada.com\/fr\/contact\/","name":"Contact","isPartOf":{"@id":"https:\/\/immcanada.com\/#website"},"datePublished":"2016-08-28T06:27:40+00:00","dateModified":"2025-05-08T16:36:03+00:00","breadcrumb":{"@id":"https:\/\/immcanada.com\/fr\/contact\/#breadcrumb"},"inLanguage":"fr-FR","potentialAction":[{"@type":"ReadAction","target":["https:\/\/immcanada.com\/fr\/contact\/"]}]},{"@type":"BreadcrumbList","@id":"https:\/\/immcanada.com\/fr\/contact\/#breadcrumb","itemListElement":[{"@type":"ListItem","position":1,"name":"Home","item":"https:\/\/immcanada.com\/fr\/"},{"@type":"ListItem","position":2,"name":"Contact"}]}]}},"_links":{"self":[{"href":"https:\/\/immcanada.com\/fr\/wp-json\/wp\/v2\/pages\/3617\/"}],"collection":[{"href":"https:\/\/immcanada.com\/fr\/wp-json\/wp\/v2\/pages\/"}],"about":[{"href":"https:\/\/immcanada.com\/fr\/wp-json\/wp\/v2\/types\/page\/"}],"author":[{"embeddable":true,"href":"https:\/\/immcanada.com\/fr\/wp-json\/wp\/v2\/users\/1\/"}],"replies":[{"embeddable":true,"href":"https:\/\/immcanada.com\/fr\/wp-json\/wp\/v2\/comments\/?post=3617"}],"version-history":[{"count":11,"href":"https:\/\/immcanada.com\/fr\/wp-json\/wp\/v2\/pages\/3617\/revisions\/"}],"predecessor-version":[{"id":38781,"href":"https:\/\/immcanada.com\/fr\/wp-json\/wp\/v2\/pages\/3617\/revisions\/38781\/"}],"wp:attachment":[{"href":"https:\/\/immcanada.com\/fr\/wp-json\/wp\/v2\/media\/?parent=3617"}],"curies":[{"name":"wp","href":"https:\/\/api.w.org\/{rel}","templated":true}]}}