{"id":3646,"date":"2016-08-28T06:55:00","date_gmt":"2016-08-28T06:55:00","guid":{"rendered":"http:\/\/immcanada.com\/?page_id=3646&#038;lang=fr"},"modified":"2017-02-27T15:21:52","modified_gmt":"2017-02-27T15:21:52","slug":"immigration-canada-leiter-rahme-avocats","status":"publish","type":"page","link":"https:\/\/immcanada.com\/fr\/","title":{"rendered":"Immigration au Canada et aux \u00c9tats-Unis &#8211; Leiter Rahme Avocats"},"content":{"rendered":"<p>[vc_row content_width=\u00a0\u00bbgrid\u00a0\u00bb content_aligment=\u00a0\u00bbcenter\u00a0\u00bb triangle_shape=\u00a0\u00bbno\u00a0\u00bb css=\u00a0\u00bb.vc_custom_1449053902261{padding-top: 70px !important;}\u00a0\u00bb][vc_column][vc_column_text css=\u00a0\u00bb.vc_custom_1486006428817{margin-bottom: 20px !important;}\u00a0\u00bb]<\/p>\n<h1>La Firme<\/h1>\n<p>[\/vc_column_text][vc_empty_space height=\u00a0\u00bb20px\u00a0\u00bb][vc_row_inner][vc_column_inner offset=\u00a0\u00bbvc_col-lg-offset-3 vc_col-lg-6&Prime;][vc_column_text]Leiter Rahme Attorneys\/Avocats est une firme sp\u00e9cialis\u00e9e dans la quasi-totalit\u00e9 des aspects sp\u00e9cifiques au droit de l&rsquo;immigration canadien et am\u00e9ricain. Ayant un bureau principal \u00e0 Montr\u00e9al, dans la province de Qu\u00e9bec, et des bureaux au Moyen-Orient et dans les pays du Golfe, nous sommes en mesure d&rsquo;assister de nombreux clients \u00e0 travers le monde.<\/p>\n<p>Notre firme repr\u00e9sente des clients de nombreux pays notamment: <em>la Chine, le Japon, l&rsquo;Iran, le Liban, Isra\u00ebl, la France, l&rsquo;Allemagne, la Gr\u00e8ce, l&rsquo;Albanie, le Mexique, l&rsquo;Argentine, les Antilles, le Bangladesh, l&rsquo;Inde, l&rsquo;Azerba\u00efdjan, le Kazakhstan, la Russie, le Niger, l&rsquo;Alg\u00e9rie, le Maroc, le Togo, la Guin\u00e9e, le P\u00e9rou, la Colombie, le Venezuela, le Cameroun, la Belgique, l&rsquo;Ukraine, la Roumanie, l&rsquo;Italie, l&rsquo;Iraq, l&rsquo;Arm\u00e9nie, les \u00c9mirats Arabes Unis et la r\u00e9gion du Golfe, la Syrie, l&rsquo;\u00c9gypte, l&rsquo;Autriche, l&rsquo;\u00c9thiopie, le Kenya, le Burundi, le B\u00e9nin, le Pakistan, Madagascar, la C\u00f4te d&rsquo;Ivoire, le Br\u00e9sil, les \u00c9tats-Unis, le Danemark, le Royaume-Uni, Saint-Vincent-et-les-Grenadines, Singapour, les Philippines, le Cambodge et le Vi\u00eat-Nam.<\/em>[\/vc_column_text][\/vc_column_inner][\/vc_row_inner][vc_empty_space height=\u00a0\u00bb60px\u00a0\u00bb][\/vc_column][\/vc_row][vc_row content_width=\u00a0\u00bbgrid\u00a0\u00bb content_aligment=\u00a0\u00bbcenter\u00a0\u00bb triangle_shape=\u00a0\u00bbno\u00a0\u00bb css=\u00a0\u00bb.vc_custom_1486006381001{padding-top: 70px !important;background-color: #f2f2f2 !important;}\u00a0\u00bb][vc_column][vc_column_text css=\u00a0\u00bb.vc_custom_1472367863132{margin-bottom: 20px !important;}\u00a0\u00bb]<\/p>\n<h1>Domaines D&rsquo;expertise<\/h1>\n<p>[\/vc_column_text][vc_column_text]<\/p>\n<h3>Nous nous sp\u00e9cialisons dans tous les aspects de droit canadien et am\u00e9ricain en immigration.<\/h3>\n<p>[\/vc_column_text][vc_empty_space height=\u00a0\u00bb60px\u00a0\u00bb][\/vc_column][\/vc_row][vc_row content_width=\u00a0\u00bbgrid\u00a0\u00bb content_aligment=\u00a0\u00bbcenter\u00a0\u00bb triangle_shape=\u00a0\u00bbno\u00a0\u00bb css=\u00a0\u00bb.vc_custom_1486006392668{background-color: #f2f2f2 !important;}\u00a0\u00bb][vc_column width=\u00a0\u00bb1\/4&Prime; offset=\u00a0\u00bbvc_col-lg-offset-1 vc_col-lg-5 vc_col-md-5 vc_col-xs-12&Prime;][vc_single_image image=\u00a0\u00bb3441&Prime; img_size=\u00a0\u00bbfull\u00a0\u00bb alignment=\u00a0\u00bbcenter\u00a0\u00bb onclick=\u00a0\u00bbcustom_link\u00a0\u00bb link=\u00a0\u00bb\/practice-areas\/canadian-immigration\/\u00a0\u00bb][vc_empty_space height=\u00a0\u00bb25px\u00a0\u00bb][vc_column_text]<\/p>\n<h4>Immigration Canada<\/h4>\n<p>[\/vc_column_text][vc_empty_space height=\u00a0\u00bb20px\u00a0\u00bb]<a href=\"\/domaines-dexpertise\/immigration-au-canada\/\" target=\"_self\"  class=\"mkd-btn mkd-btn-medium mkd-btn-outline\"  >\n    <span class=\"mkd-btn-text\"  >Plus d&#039;infos<\/span><\/a>[vc_empty_space height=\u00a0\u00bb56px\u00a0\u00bb][\/vc_column][vc_column width=\u00a0\u00bb1\/4&Prime; offset=\u00a0\u00bbvc_col-lg-5 vc_col-md-5 vc_col-xs-12&Prime;][vc_single_image image=\u00a0\u00bb3442&Prime; img_size=\u00a0\u00bbfull\u00a0\u00bb alignment=\u00a0\u00bbcenter\u00a0\u00bb onclick=\u00a0\u00bbcustom_link\u00a0\u00bb link=\u00a0\u00bb\/practice-areas\/us-immigration\/\u00a0\u00bb][vc_empty_space height=\u00a0\u00bb25px\u00a0\u00bb][vc_column_text]<\/p>\n<h4>Immigration \u00c9tats-Unis<\/h4>\n<p>[\/vc_column_text][vc_empty_space height=\u00a0\u00bb20px\u00a0\u00bb]<a href=\"\/domaines-dexpertise\/immigration-aux-etats-unis\/\" target=\"_self\"  class=\"mkd-btn mkd-btn-medium mkd-btn-outline\"  >\n    <span class=\"mkd-btn-text\"  >Plus d&#039;infos<\/span><\/a>[vc_empty_space height=\u00a0\u00bb56px\u00a0\u00bb][\/vc_column][\/vc_row][vc_row content_width=\u00a0\u00bbgrid\u00a0\u00bb content_aligment=\u00a0\u00bbcenter\u00a0\u00bb triangle_shape=\u00a0\u00bbno\u00a0\u00bb el_class=\u00a0\u00bbhidden\u00a0\u00bb][vc_column width=\u00a0\u00bb1\/4&Prime; offset=\u00a0\u00bbvc_col-lg-3 vc_col-md-3 vc_col-xs-12&Prime;][vc_single_image image=\u00a0\u00bb3441&Prime; img_size=\u00a0\u00bbfull\u00a0\u00bb alignment=\u00a0\u00bbcenter\u00a0\u00bb onclick=\u00a0\u00bbcustom_link\u00a0\u00bb link=\u00a0\u00bb\/practice-areas\/canadian-immigration\/\u00a0\u00bb][vc_empty_space height=\u00a0\u00bb25px\u00a0\u00bb][vc_column_text]<\/p>\n<h4>Immigration Canada<\/h4>\n<p>[\/vc_column_text][vc_empty_space height=\u00a0\u00bb20px\u00a0\u00bb]<a href=\"\/domaines-dexpertise\/immigration-au-canada\/\" target=\"_self\"  class=\"mkd-btn mkd-btn-medium mkd-btn-outline\"  >\n    <span class=\"mkd-btn-text\"  >Plus d&#039;infos<\/span><\/a>[vc_empty_space height=\u00a0\u00bb56px\u00a0\u00bb][\/vc_column][vc_column width=\u00a0\u00bb1\/4&Prime; offset=\u00a0\u00bbvc_col-lg-3 vc_col-md-3 vc_col-xs-12&Prime;][vc_single_image image=\u00a0\u00bb3442&Prime; img_size=\u00a0\u00bbfull\u00a0\u00bb alignment=\u00a0\u00bbcenter\u00a0\u00bb onclick=\u00a0\u00bbcustom_link\u00a0\u00bb link=\u00a0\u00bb\/practice-areas\/us-immigration\/\u00a0\u00bb][vc_empty_space height=\u00a0\u00bb25px\u00a0\u00bb][vc_column_text]<\/p>\n<h4>Immigration \u00c9tas-unis<\/h4>\n<p>[\/vc_column_text][vc_empty_space height=\u00a0\u00bb20px\u00a0\u00bb]<a href=\"\/domaines-dexpertise\/immigration-aux-etats-unis\/\" target=\"_self\"  class=\"mkd-btn mkd-btn-medium mkd-btn-outline\"  >\n    <span class=\"mkd-btn-text\"  >Plus d&#039;infos<\/span><\/a>[vc_empty_space height=\u00a0\u00bb56px\u00a0\u00bb][\/vc_column][vc_column width=\u00a0\u00bb1\/4&Prime; offset=\u00a0\u00bbvc_col-lg-3 vc_col-md-3 vc_col-xs-12&Prime;][vc_single_image image=\u00a0\u00bb3443&Prime; img_size=\u00a0\u00bbfull\u00a0\u00bb alignment=\u00a0\u00bbcenter\u00a0\u00bb onclick=\u00a0\u00bbcustom_link\u00a0\u00bb link=\u00a0\u00bb\/practice-areas\/us-immigration\/\u00a0\u00bb][vc_empty_space height=\u00a0\u00bb25px\u00a0\u00bb][vc_column_text]<\/p>\n<h4>Droit Corporatif<\/h4>\n<p>[\/vc_column_text][vc_empty_space height=\u00a0\u00bb20px\u00a0\u00bb]<a href=\"\/domaines-dexpertise\/corporatif\/\" target=\"_self\"  class=\"mkd-btn mkd-btn-medium mkd-btn-outline\"  >\n    <span class=\"mkd-btn-text\"  >Plus d&#039;infos<\/span><\/a>[vc_empty_space height=\u00a0\u00bb56px\u00a0\u00bb][\/vc_column][vc_column width=\u00a0\u00bb1\/4&Prime;][vc_single_image image=\u00a0\u00bb3444&Prime; img_size=\u00a0\u00bbfull\u00a0\u00bb alignment=\u00a0\u00bbcenter\u00a0\u00bb onclick=\u00a0\u00bbcustom_link\u00a0\u00bb link=\u00a0\u00bb\/practice-areas\/us-immigration\/\u00a0\u00bb][vc_empty_space height=\u00a0\u00bb25px\u00a0\u00bb][vc_column_text]<\/p>\n<h4>Droit Familial<\/h4>\n<p>[\/vc_column_text][vc_empty_space height=\u00a0\u00bb20px\u00a0\u00bb]<a href=\"\/domaines-dexpertise\/familial\/\" target=\"_self\"  class=\"mkd-btn mkd-btn-medium mkd-btn-outline\"  >\n    <span class=\"mkd-btn-text\"  >Plus d&#039;infos<\/span><\/a>[vc_empty_space height=\u00a0\u00bb56px\u00a0\u00bb][\/vc_column][\/vc_row][vc_row triangle_shape=\u00a0\u00bbno\u00a0\u00bb][vc_column][vc_empty_space height=\u00a0\u00bb15px\u00a0\u00bb][\/vc_column][\/vc_row][vc_row triangle_shape=\u00a0\u00bbno\u00a0\u00bb][vc_column][vc_column_text]<\/p>\n<p>[\/vc_column_text][\/vc_column][\/vc_row][vc_row content_width=\u00a0\u00bbgrid\u00a0\u00bb content_aligment=\u00a0\u00bbcenter\u00a0\u00bb triangle_shape=\u00a0\u00bbno\u00a0\u00bb css=\u00a0\u00bb.vc_custom_1486006491086{background-color: #f2f2f2 !important;}\u00a0\u00bb el_class=\u00a0\u00bbhidden\u00a0\u00bb][vc_column]\n\n\t<div class=\"mkd-call-to-action normal\" style=\"background-color: #f2f2f2\">\n\n\t\t\t\t<div class=\"mkd-container-inner\">\n\t\t\t\t\t<div class=\"mkd-call-to-action-row-66-33 clearfix\" style=\"padding: 45px 0% 45px 16%;\">\n\t\t\n\t\t\t\t<div class=\"mkd-text-wrapper mkd-call-to-action-column1 mkd-call-to-action-cell\">\n\n\t\t\t\t\n\t\t\t\t\t<div class=\"mkd-call-to-action-text\" >\n\t\t\t\t\t\t<h3>Laissez votre cas avec nous et assurez vous\u00a0que tout va en prendre bien soin<\/h3>\n\t\t\t\t\t<\/div>\n\n\t\t\t\t<\/div>\n\n\t\t\t\t\n\t\t\t\t\t<div class=\"mkd-button-wrapper mkd-call-to-action-column2 mkd-call-to-action-cell\" style =\"text-align: left ;\">\n\n\t\t\t\t\t\t<a href=\"\/contact-us\/\" target=\"_self\"  class=\"mkd-btn mkd-btn-medium mkd-btn-solid mkd-btn-icon\"  >    <span class=\"mkd-btn-text\"  >Contact us<\/span><span class=\"mkd-btn-icon-holder\">            <span aria-hidden=\"true\" class=\"mkd-icon-font-elegant arrow_carrot-right mkd-btn-icon-elem\" ><\/span>            <span aria-hidden=\"true\" class=\"mkd-icon-font-elegant arrow_carrot-right mkd-btn-icon-elem\" ><\/span>        <\/span>    <\/a>\n\t\t\t\t\t<\/div>\n\n\t\t\t\t\n\t\t\t<\/div>\n\n\t\t\t\t<\/div>\n\t\t\n\t<\/div>\n\n[\/vc_column][\/vc_row][vc_row content_width=\u00a0\u00bbgrid\u00a0\u00bb content_aligment=\u00a0\u00bbcenter\u00a0\u00bb triangle_shape=\u00a0\u00bbno\u00a0\u00bb css=\u00a0\u00bb.vc_custom_1460236722647{padding-top: 70px !important;padding-bottom: 10px !important;background-position: center !important;background-repeat: no-repeat !important;background-size: cover !important;}\u00a0\u00bb][vc_column][vc_column_text css=\u00a0\u00bb.vc_custom_1472408765332{margin-bottom: 20px !important;}\u00a0\u00bb]<\/p>\n<h1>Nos Fondateurs<\/h1>\n<p>[\/vc_column_text]<div class=\"mkd-separator-holder clearfix  lr-separator mkd-separator-center mkd-separator-with-icon\" style=\"margin-top: 60px\">\n\t<div class=\"mkd-separator\" style=\"border-color: #9e0014;border-style: solid;width: 150px\"><\/div>\n\t\t<div class=\"mkd-separator-icon\">\n\t\t\t                    <img width=\"300\" height=\"299\" src=\"https:\/\/immcanada.com\/wp-content\/uploads\/2015\/11\/LR.png\" class=\"attachment-full size-full\" alt=\"\" loading=\"lazy\" srcset=\"https:\/\/immcanada.com\/wp-content\/uploads\/2015\/11\/LR.png 300w, https:\/\/immcanada.com\/wp-content\/uploads\/2015\/11\/LR-150x150.png 150w\" sizes=\"(max-width: 300px) 100vw, 300px\" \/>\t\t\t\t\t\t<\/div>\n\t<div class=\"mkd-separator\" style=\"border-color: #9e0014;border-style: solid;width: 150px\"><\/div>\n<\/div>\n[vc_empty_space height=\u00a0\u00bb30px\u00a0\u00bb][vc_row_inner][vc_column_inner width=\u00a0\u00bb1\/2&Prime; offset=\u00a0\u00bbvc_col-lg-offset-1 vc_col-lg-5 vc_col-md-offset-1 vc_col-md-5 vc_col-xs-12&Prime;]\n<div class=\"mkd-team linked more-info-shown\">\n\t<div class=\"mkd-team-inner\">\n\t\t\t\t\t<div class=\"mkd-team-image\">\n                <img width=\"1000\" height=\"667\" src=\"https:\/\/immcanada.com\/wp-content\/uploads\/2015\/11\/IMG_1999.png\" class=\"attachment-full size-full\" alt=\"\" loading=\"lazy\" srcset=\"https:\/\/immcanada.com\/wp-content\/uploads\/2015\/11\/IMG_1999.png 1000w, https:\/\/immcanada.com\/wp-content\/uploads\/2015\/11\/IMG_1999-300x200.png 300w, https:\/\/immcanada.com\/wp-content\/uploads\/2015\/11\/IMG_1999-768x512.png 768w\" sizes=\"(max-width: 1000px) 100vw, 1000px\" \/>\t\t\t<\/div>\n\t\t\n\t\t\t\t<div class=\"mkd-team-info\">\n\t\t\t\t\t\t\t<div class=\"mkd-team-title-holder\">\n\t\t\t\t\t\t\t\t\t\t\t<h4 class=\"mkd-team-name\" style=\"color: #181818\">\n\t\t\t\t\t\t\tBarbara J. Leiter\t\t\t\t\t\t<\/h4>\n\t\t\t\t\t\t\t\t\t\t\t\t\t\t\t\t<h5 class=\"mkd-team-position\" style=\"color: #181818\">Avocate Partenaire<\/h5>\n\t\t\t\t\t\t\t\t\t<\/div>\n\t\t\t\t\t\t\t\t<div class=\"mkd-team-read-more\">\n\t\t\t\t\t\t\t\t<a href=\"\/avocats\/barbara-j-leiter\/\">\n\t\t\t\t\t<span class=\"mkd-team-read-more-inner\">\n\t\t\t\t\t\t<span class=\"mkd-team-read-more-text\"><\/span>\n\t\t\t\t\t\t<span aria-hidden=\"true\" class=\"arrow_carrot-right_alt2 mkd-team-read-more-icon\"><\/span>\n\t\t\t\t\t<\/span>\n\t\t\t\t<\/a>\n\t\t\t\t\t\t\t<\/div>\n\t\t<\/div>\n\t<\/div>\n\t\t<div class=\"mkd-team-social-holder\">\n\t\t<div class=\"mkd-team-social\">\n\t\t\t<div class=\"mkd-team-social-inner\">\n\t\t\t\t<div class=\"mkd-team-social-wrapp clearfix\">\n\n\t\t\t\t\t\n\t\t\t\t<\/div>\n\t\t\t<\/div>\n\t\t<\/div>\n\t<\/div>\n\t<span class=\"mkd-team-triangle\"><\/span>\n<\/div>[vc_empty_space height=\u00a0\u00bb70px\u00a0\u00bb][\/vc_column_inner][vc_column_inner width=\u00a0\u00bb1\/2&Prime; offset=\u00a0\u00bbvc_col-lg-5 vc_col-md-5 vc_col-xs-12&Prime;]\n<div class=\"mkd-team linked more-info-shown\">\n\t<div class=\"mkd-team-inner\">\n\t\t\t\t\t<div class=\"mkd-team-image\">\n                <img width=\"1248\" height=\"832\" src=\"https:\/\/immcanada.com\/wp-content\/uploads\/2015\/11\/IMG_1990.png\" class=\"attachment-full size-full\" alt=\"\" loading=\"lazy\" srcset=\"https:\/\/immcanada.com\/wp-content\/uploads\/2015\/11\/IMG_1990.png 1248w, https:\/\/immcanada.com\/wp-content\/uploads\/2015\/11\/IMG_1990-300x200.png 300w, https:\/\/immcanada.com\/wp-content\/uploads\/2015\/11\/IMG_1990-768x512.png 768w, https:\/\/immcanada.com\/wp-content\/uploads\/2015\/11\/IMG_1990-1024x683.png 1024w\" sizes=\"(max-width: 1248px) 100vw, 1248px\" \/>\t\t\t<\/div>\n\t\t\n\t\t\t\t<div class=\"mkd-team-info\">\n\t\t\t\t\t\t\t<div class=\"mkd-team-title-holder\">\n\t\t\t\t\t\t\t\t\t\t\t<h4 class=\"mkd-team-name\" style=\"color: #181818\">\n\t\t\t\t\t\t\tGissa Rahme\t\t\t\t\t\t<\/h4>\n\t\t\t\t\t\t\t\t\t\t\t\t\t\t\t\t<h5 class=\"mkd-team-position\" style=\"color: #181818\">Avocate Partenaire<\/h5>\n\t\t\t\t\t\t\t\t\t<\/div>\n\t\t\t\t\t\t\t\t<div class=\"mkd-team-read-more\">\n\t\t\t\t\t\t\t\t<a href=\"\/avocats\/gissa-rahme\/\">\n\t\t\t\t\t<span class=\"mkd-team-read-more-inner\">\n\t\t\t\t\t\t<span class=\"mkd-team-read-more-text\"><\/span>\n\t\t\t\t\t\t<span aria-hidden=\"true\" class=\"arrow_carrot-right_alt2 mkd-team-read-more-icon\"><\/span>\n\t\t\t\t\t<\/span>\n\t\t\t\t<\/a>\n\t\t\t\t\t\t\t<\/div>\n\t\t<\/div>\n\t<\/div>\n\t\t<div class=\"mkd-team-social-holder\">\n\t\t<div class=\"mkd-team-social\">\n\t\t\t<div class=\"mkd-team-social-inner\">\n\t\t\t\t<div class=\"mkd-team-social-wrapp clearfix\">\n\n\t\t\t\t\t\n\t\t\t\t<\/div>\n\t\t\t<\/div>\n\t\t<\/div>\n\t<\/div>\n\t<span class=\"mkd-team-triangle\"><\/span>\n<\/div>[vc_empty_space height=\u00a0\u00bb70px\u00a0\u00bb][\/vc_column_inner][\/vc_row_inner][vc_empty_space height=\u00a0\u00bb60px\u00a0\u00bb][\/vc_column][\/vc_row][vc_row triangle_shape=\u00a0\u00bbno\u00a0\u00bb][vc_column][vc_empty_space height=\u00a0\u00bb15px\u00a0\u00bb][\/vc_column][\/vc_row][vc_row triangle_shape=\u00a0\u00bbno\u00a0\u00bb][vc_column][vc_empty_space height=\u00a0\u00bb15px\u00a0\u00bb][\/vc_column][\/vc_row][vc_row triangle_shape=\u00a0\u00bbno\u00a0\u00bb css=\u00a0\u00bb.vc_custom_1486011105660{padding-top: 15px !important;padding-bottom: 15px !important;background-color: #f2f2f2 !important;}\u00a0\u00bb][vc_column offset=\u00a0\u00bbvc_col-lg-offset-2 vc_col-lg-8&Prime;]<div class=\"mkd-carousel-holder clearfix\"><div class=\"mkd-carousel mkd-carousel-row mkd-pag-left\" data-items-shown=5 data-autoplay=yes><div class=\"mkd-carousel-item-holder\" style=\"padding: 50px;\">\n\t<div class=\"mkd-carousel-item-holder-inner\">\n\t\t\t\t<a href=\"http:\/\/www.nysba.org\/\" target=\"_blank\">\n\t\t\t\t\t\t\t\t\t<span class=\"mkd-carousel-first-image-holder  mkd-image-change\">\n\t\t\t\t\t<img src=\"http:\/\/immcanada.com\/wp-content\/uploads\/2017\/02\/nysba.png\" alt=\"NYBSA\">\n\t\t\t\t<\/span>\n\t\t\t\t\t\t\t\t\t\t<span class=\"mkd-carousel-second-image-holder  mkd-image-change\">\n\t\t\t\t\t<img src=\"\" alt=\"NYBSA\">\n\t\t\t\t<\/span>\n\t\t\t\t\t\t\t<\/a>\n\t\t\t<\/div>\n<\/div><div class=\"mkd-carousel-item-holder\" style=\"padding: 50px;\">\n\t<div class=\"mkd-carousel-item-holder-inner\">\n\t\t\t\t<a href=\"http:\/\/www.aila.org\/\" target=\"_blank\">\n\t\t\t\t\t\t\t\t\t<span class=\"mkd-carousel-first-image-holder  mkd-image-change\">\n\t\t\t\t\t<img src=\"http:\/\/immcanada.com\/wp-content\/uploads\/2017\/02\/AILA.png\" alt=\"AILA\">\n\t\t\t\t<\/span>\n\t\t\t\t\t\t\t\t\t\t<span class=\"mkd-carousel-second-image-holder  mkd-image-change\">\n\t\t\t\t\t<img src=\"\" alt=\"AILA\">\n\t\t\t\t<\/span>\n\t\t\t\t\t\t\t<\/a>\n\t\t\t<\/div>\n<\/div><div class=\"mkd-carousel-item-holder\" style=\"padding: 50px;\">\n\t<div class=\"mkd-carousel-item-holder-inner\">\n\t\t\t\t<a href=\"http:\/\/www.cba.org\" target=\"_blank\">\n\t\t\t\t\t\t\t\t\t<span class=\"mkd-carousel-first-image-holder  mkd-image-change\">\n\t\t\t\t\t<img src=\"http:\/\/immcanada.com\/wp-content\/uploads\/2017\/02\/canadian-bar-association-logo.png\" alt=\"CBA\">\n\t\t\t\t<\/span>\n\t\t\t\t\t\t\t\t\t\t<span class=\"mkd-carousel-second-image-holder  mkd-image-change\">\n\t\t\t\t\t<img src=\"\" alt=\"CBA\">\n\t\t\t\t<\/span>\n\t\t\t\t\t\t\t<\/a>\n\t\t\t<\/div>\n<\/div><div class=\"mkd-carousel-item-holder\" style=\"padding: 50px;\">\n\t<div class=\"mkd-carousel-item-holder-inner\">\n\t\t\t\t<a href=\"http:\/\/www.barreau.qc.ca\/\" target=\"_blank\">\n\t\t\t\t\t\t\t\t\t<span class=\"mkd-carousel-first-image-holder  mkd-image-change\">\n\t\t\t\t\t<img src=\"http:\/\/immcanada.com\/wp-content\/uploads\/2017\/02\/logo_barreauQuebec.png\" alt=\"Barreau du Qu\u00e9bec\">\n\t\t\t\t<\/span>\n\t\t\t\t\t\t\t\t\t\t<span class=\"mkd-carousel-second-image-holder  mkd-image-change\">\n\t\t\t\t\t<img src=\"\" alt=\"Barreau du Qu\u00e9bec\">\n\t\t\t\t<\/span>\n\t\t\t\t\t\t\t<\/a>\n\t\t\t<\/div>\n<\/div><div class=\"mkd-carousel-item-holder\" style=\"padding: 50px;\">\n\t<div class=\"mkd-carousel-item-holder-inner\">\n\t\t\t\t<a href=\"http:\/\/www.aqaadi.com\/\" target=\"_blank\">\n\t\t\t\t\t\t\t\t\t<span class=\"mkd-carousel-first-image-holder  mkd-image-change\">\n\t\t\t\t\t<img src=\"http:\/\/immcanada.com\/wp-content\/uploads\/2017\/02\/aqaadi-logo.png\" alt=\"AQAADI\">\n\t\t\t\t<\/span>\n\t\t\t\t\t\t\t\t\t\t<span class=\"mkd-carousel-second-image-holder  mkd-image-change\">\n\t\t\t\t\t<img src=\"\" alt=\"AQAADI\">\n\t\t\t\t<\/span>\n\t\t\t\t\t\t\t<\/a>\n\t\t\t<\/div>\n<\/div><\/div><\/div>[\/vc_column][\/vc_row]<\/p>\n","protected":false},"excerpt":{"rendered":"<p>[vc_row content_width=\u00a0\u00bbgrid\u00a0\u00bb content_aligment=\u00a0\u00bbcenter\u00a0\u00bb triangle_shape=\u00a0\u00bbno\u00a0\u00bb css=\u00a0\u00bb.vc_custom_1449053902261{padding-top: 70px !important;}\u00a0\u00bb][vc_column][vc_column_text css=\u00a0\u00bb.vc_custom_1486006428817{margin-bottom: 20px !important;}\u00a0\u00bb] La Firme [\/vc_column_text][vc_empty_space height=\u00a0\u00bb20px\u00a0\u00bb][vc_row_inner][vc_column_inner offset=\u00a0\u00bbvc_col-lg-offset-3 vc_col-lg-6&Prime;][vc_column_text]Leiter Rahme Attorneys\/Avocats est une firme sp\u00e9cialis\u00e9e dans la quasi-totalit\u00e9 des aspects sp\u00e9cifiques au droit de l&rsquo;immigration canadien et am\u00e9ricain. Ayant un bureau principal \u00e0 Montr\u00e9al, dans la province de Qu\u00e9bec, et des bureaux au Moyen-Orient et dans les pays du Golfe, nous sommes en mesure d&rsquo;assister de nombreux clients \u00e0 travers le monde. Notre firme repr\u00e9sente des clients de nombreux pays notamment: la Chine, le Japon, l&rsquo;Iran, le Liban, Isra\u00ebl, la France, l&rsquo;Allemagne, la Gr\u00e8ce, l&rsquo;Albanie, le Mexique, l&rsquo;Argentine, les Antilles, le Bangladesh, l&rsquo;Inde,&#8230;<\/p>\n","protected":false},"author":1,"featured_media":0,"parent":0,"menu_order":5,"comment_status":"closed","ping_status":"closed","template":"full-width.php","meta":[],"yoast_head":"<!-- This site is optimized with the Yoast SEO plugin v18.4.1 - https:\/\/yoast.com\/wordpress\/plugins\/seo\/ -->\n<title>Immigration au Canada et aux \u00c9tats-Unis - Leiter Rahme Avocats<\/title>\n<meta name=\"description\" content=\"Avocats sp\u00e9cialis\u00e9s en droit canadien et am\u00e9ricain. Nous assistons des clients \u00e0 travers le monde entier. Notre si\u00e8ge social est bas\u00e9 \u00e0 Montr\u00e9al, Canada.\" \/>\n<meta name=\"robots\" content=\"index, follow, max-snippet:-1, max-image-preview:large, max-video-preview:-1\" \/>\n<link rel=\"canonical\" href=\"https:\/\/immcanada.com\/fr\/\" \/>\n<meta property=\"og:locale\" content=\"fr_FR\" \/>\n<meta property=\"og:type\" content=\"article\" \/>\n<meta property=\"og:title\" content=\"Immigration au Canada et aux \u00c9tats-Unis - Leiter Rahme Avocats\" \/>\n<meta property=\"og:description\" content=\"Avocats sp\u00e9cialis\u00e9s en droit canadien et am\u00e9ricain. Nous assistons des clients \u00e0 travers le monde entier. Notre si\u00e8ge social est bas\u00e9 \u00e0 Montr\u00e9al, Canada.\" \/>\n<meta property=\"og:url\" content=\"https:\/\/immcanada.com\/fr\/\" \/>\n<meta property=\"og:site_name\" content=\"Leiter Rahme\" \/>\n<meta property=\"article:modified_time\" content=\"2017-02-27T15:21:52+00:00\" \/>\n<meta name=\"twitter:card\" content=\"summary\" \/>\n<meta name=\"twitter:label1\" content=\"Dur\u00e9e de lecture estim\u00e9e\" \/>\n\t<meta name=\"twitter:data1\" content=\"6 minutes\" \/>\n<script type=\"application\/ld+json\" class=\"yoast-schema-graph\">{\"@context\":\"https:\/\/schema.org\",\"@graph\":[{\"@type\":\"WebSite\",\"@id\":\"https:\/\/immcanada.com\/#website\",\"url\":\"https:\/\/immcanada.com\/\",\"name\":\"Leiter Rahme\",\"description\":\"We&#039;re with you every step of the way\",\"potentialAction\":[{\"@type\":\"SearchAction\",\"target\":{\"@type\":\"EntryPoint\",\"urlTemplate\":\"https:\/\/immcanada.com\/?s={search_term_string}\"},\"query-input\":\"required name=search_term_string\"}],\"inLanguage\":\"fr-FR\"},{\"@type\":\"WebPage\",\"@id\":\"https:\/\/immcanada.com\/fr\/#webpage\",\"url\":\"https:\/\/immcanada.com\/fr\/\",\"name\":\"Immigration au Canada et aux \u00c9tats-Unis - Leiter Rahme Avocats\",\"isPartOf\":{\"@id\":\"https:\/\/immcanada.com\/#website\"},\"datePublished\":\"2016-08-28T06:55:00+00:00\",\"dateModified\":\"2017-02-27T15:21:52+00:00\",\"description\":\"Avocats sp\u00e9cialis\u00e9s en droit canadien et am\u00e9ricain. Nous assistons des clients \u00e0 travers le monde entier. Notre si\u00e8ge social est bas\u00e9 \u00e0 Montr\u00e9al, Canada.\",\"breadcrumb\":{\"@id\":\"https:\/\/immcanada.com\/fr\/#breadcrumb\"},\"inLanguage\":\"fr-FR\",\"potentialAction\":[{\"@type\":\"ReadAction\",\"target\":[\"https:\/\/immcanada.com\/fr\/\"]}]},{\"@type\":\"BreadcrumbList\",\"@id\":\"https:\/\/immcanada.com\/fr\/#breadcrumb\",\"itemListElement\":[{\"@type\":\"ListItem\",\"position\":1,\"name\":\"Home\",\"item\":\"https:\/\/immcanada.com\/fr\/\"},{\"@type\":\"ListItem\",\"position\":2,\"name\":\"Immigration au Canada et aux \u00c9tats-Unis &#8211; Leiter Rahme Avocats\"}]}]}<\/script>\n<!-- \/ Yoast SEO plugin. -->","yoast_head_json":{"title":"Immigration au Canada et aux \u00c9tats-Unis - Leiter Rahme Avocats","description":"Avocats sp\u00e9cialis\u00e9s en droit canadien et am\u00e9ricain. Nous assistons des clients \u00e0 travers le monde entier. Notre si\u00e8ge social est bas\u00e9 \u00e0 Montr\u00e9al, Canada.","robots":{"index":"index","follow":"follow","max-snippet":"max-snippet:-1","max-image-preview":"max-image-preview:large","max-video-preview":"max-video-preview:-1"},"canonical":"https:\/\/immcanada.com\/fr\/","og_locale":"fr_FR","og_type":"article","og_title":"Immigration au Canada et aux \u00c9tats-Unis - Leiter Rahme Avocats","og_description":"Avocats sp\u00e9cialis\u00e9s en droit canadien et am\u00e9ricain. Nous assistons des clients \u00e0 travers le monde entier. Notre si\u00e8ge social est bas\u00e9 \u00e0 Montr\u00e9al, Canada.","og_url":"https:\/\/immcanada.com\/fr\/","og_site_name":"Leiter Rahme","article_modified_time":"2017-02-27T15:21:52+00:00","twitter_card":"summary","twitter_misc":{"Dur\u00e9e de lecture estim\u00e9e":"6 minutes"},"schema":{"@context":"https:\/\/schema.org","@graph":[{"@type":"WebSite","@id":"https:\/\/immcanada.com\/#website","url":"https:\/\/immcanada.com\/","name":"Leiter Rahme","description":"We&#039;re with you every step of the way","potentialAction":[{"@type":"SearchAction","target":{"@type":"EntryPoint","urlTemplate":"https:\/\/immcanada.com\/?s={search_term_string}"},"query-input":"required name=search_term_string"}],"inLanguage":"fr-FR"},{"@type":"WebPage","@id":"https:\/\/immcanada.com\/fr\/#webpage","url":"https:\/\/immcanada.com\/fr\/","name":"Immigration au Canada et aux \u00c9tats-Unis - Leiter Rahme Avocats","isPartOf":{"@id":"https:\/\/immcanada.com\/#website"},"datePublished":"2016-08-28T06:55:00+00:00","dateModified":"2017-02-27T15:21:52+00:00","description":"Avocats sp\u00e9cialis\u00e9s en droit canadien et am\u00e9ricain. Nous assistons des clients \u00e0 travers le monde entier. Notre si\u00e8ge social est bas\u00e9 \u00e0 Montr\u00e9al, Canada.","breadcrumb":{"@id":"https:\/\/immcanada.com\/fr\/#breadcrumb"},"inLanguage":"fr-FR","potentialAction":[{"@type":"ReadAction","target":["https:\/\/immcanada.com\/fr\/"]}]},{"@type":"BreadcrumbList","@id":"https:\/\/immcanada.com\/fr\/#breadcrumb","itemListElement":[{"@type":"ListItem","position":1,"name":"Home","item":"https:\/\/immcanada.com\/fr\/"},{"@type":"ListItem","position":2,"name":"Immigration au Canada et aux \u00c9tats-Unis &#8211; Leiter Rahme Avocats"}]}]}},"_links":{"self":[{"href":"https:\/\/immcanada.com\/fr\/wp-json\/wp\/v2\/pages\/3646\/"}],"collection":[{"href":"https:\/\/immcanada.com\/fr\/wp-json\/wp\/v2\/pages\/"}],"about":[{"href":"https:\/\/immcanada.com\/fr\/wp-json\/wp\/v2\/types\/page\/"}],"author":[{"embeddable":true,"href":"https:\/\/immcanada.com\/fr\/wp-json\/wp\/v2\/users\/1\/"}],"replies":[{"embeddable":true,"href":"https:\/\/immcanada.com\/fr\/wp-json\/wp\/v2\/comments\/?post=3646"}],"version-history":[{"count":29,"href":"https:\/\/immcanada.com\/fr\/wp-json\/wp\/v2\/pages\/3646\/revisions\/"}],"predecessor-version":[{"id":3920,"href":"https:\/\/immcanada.com\/fr\/wp-json\/wp\/v2\/pages\/3646\/revisions\/3920\/"}],"wp:attachment":[{"href":"https:\/\/immcanada.com\/fr\/wp-json\/wp\/v2\/media\/?parent=3646"}],"curies":[{"name":"wp","href":"https:\/\/api.w.org\/{rel}","templated":true}]}}