{"id":3722,"date":"2016-09-09T08:07:12","date_gmt":"2016-09-09T08:07:12","guid":{"rendered":"http:\/\/immcanada.com\/?page_id=3722&#038;lang=fr"},"modified":"2016-09-10T14:15:32","modified_gmt":"2016-09-10T14:15:32","slug":"pour-les-gens-daffaires","status":"publish","type":"page","link":"https:\/\/immcanada.com\/fr\/pourquoi-nous-choisir\/evaluation-pour-limmigration\/pour-les-gens-daffaires\/","title":{"rendered":"POUR LES GENS D\u2019AFFAIRES"},"content":{"rendered":"<p>[vc_row triangle_shape=\u00a0\u00bbno\u00a0\u00bb][vc_column]<div role=\"form\" class=\"wpcf7\" id=\"wpcf7-f3729-o1\" lang=\"en-US\" dir=\"ltr\">\n<div class=\"screen-reader-response\"><p role=\"status\" aria-live=\"polite\" aria-atomic=\"true\"><\/p> <ul><\/ul><\/div>\n<form action=\"\/fr\/wp-json\/wp\/v2\/pages\/3722#wpcf7-f3729-o1\" method=\"post\" class=\"wpcf7-form init\" novalidate=\"novalidate\" data-status=\"init\">\n<div style=\"display: none;\">\n<input type=\"hidden\" name=\"_wpcf7\" value=\"3729\" \/>\n<input type=\"hidden\" name=\"_wpcf7_version\" value=\"5.4.2\" \/>\n<input type=\"hidden\" name=\"_wpcf7_locale\" value=\"en_US\" \/>\n<input type=\"hidden\" name=\"_wpcf7_unit_tag\" value=\"wpcf7-f3729-o1\" \/>\n<input type=\"hidden\" name=\"_wpcf7_container_post\" value=\"0\" \/>\n<input type=\"hidden\" name=\"_wpcf7_posted_data_hash\" value=\"\" \/>\n<\/div>\n<h2> G\u00c9NERAL <\/h2>\n<p><label> Nom (requis)<br \/>\n    <span class=\"wpcf7-form-control-wrap family-name\"><input type=\"text\" name=\"family-name\" value=\"\" size=\"40\" class=\"wpcf7-form-control wpcf7-text wpcf7-validates-as-required\" aria-required=\"true\" aria-invalid=\"false\" \/><\/span> <\/label><\/p>\n<p><label> Pr\u00e9nom (required)<br \/>\n    <span class=\"wpcf7-form-control-wrap given-name\"><input type=\"text\" name=\"given-name\" value=\"\" size=\"40\" class=\"wpcf7-form-control wpcf7-text wpcf7-validates-as-required\" aria-required=\"true\" aria-invalid=\"false\" \/><\/span> <\/label><\/p>\n<p><label> Adresse courriel (requis)<br \/>\n    <span class=\"wpcf7-form-control-wrap email\"><input type=\"email\" name=\"email\" value=\"\" size=\"40\" class=\"wpcf7-form-control wpcf7-text wpcf7-email wpcf7-validates-as-required wpcf7-validates-as-email\" aria-required=\"true\" aria-invalid=\"false\" \/><\/span><br \/>\n<\/label><\/p>\n<p><strong> Statut Matrimonial (requis)<br \/>\n    <span class=\"wpcf7-form-control-wrap marital-status\"><span class=\"wpcf7-form-control wpcf7-radio\"><span class=\"wpcf7-list-item first\"><input type=\"radio\" name=\"marital-status\" value=\"C\u00e9libataire\" \/><span class=\"wpcf7-list-item-label\">C\u00e9libataire<\/span><\/span><span class=\"wpcf7-list-item\"><input type=\"radio\" name=\"marital-status\" value=\"Mari\u00e9\" \/><span class=\"wpcf7-list-item-label\">Mari\u00e9<\/span><\/span><span class=\"wpcf7-list-item\"><input type=\"radio\" name=\"marital-status\" value=\"S\u00e9par\u00e9\" \/><span class=\"wpcf7-list-item-label\">S\u00e9par\u00e9<\/span><\/span><span class=\"wpcf7-list-item\"><input type=\"radio\" name=\"marital-status\" value=\"Divorc\u00e9\" \/><span class=\"wpcf7-list-item-label\">Divorc\u00e9<\/span><\/span><span class=\"wpcf7-list-item last\"><input type=\"radio\" name=\"marital-status\" value=\"Union de fait\" \/><span class=\"wpcf7-list-item-label\">Union de fait<\/span><\/span><\/span><\/span><br \/>\n<\/strong><\/p>\n<p><label> Pays de citoyennet\u00e9 (requis)<br \/>\n    <span class=\"wpcf7-form-control-wrap country-citizenship\"><input type=\"text\" name=\"country-citizenship\" value=\"\" size=\"40\" class=\"wpcf7-form-control wpcf7-text wpcf7-validates-as-required\" aria-required=\"true\" aria-invalid=\"false\" \/><\/span><br \/>\n<\/label><\/p>\n<p><label> Pays de r\u00e9sidence<br \/>\n    <span class=\"wpcf7-form-control-wrap country-residence\"><input type=\"text\" name=\"country-residence\" value=\"\" size=\"40\" class=\"wpcf7-form-control wpcf7-text wpcf7-validates-as-required\" aria-required=\"true\" aria-invalid=\"false\" \/><\/span><br \/>\n<\/label><\/p>\n<h2>Exp\u00e9rience de gestion dans les 5 derni\u00e8res ann\u00e9es<\/h2>\n<p><strong> D\u00e9tenez-vous au moins deux ans d\u2019exp\u00e9rience de gestion \u00e0 l\u2019int\u00e9rieur des 5 derni\u00e8res ann\u00e9es? (required)<br \/>\n    <span class=\"wpcf7-form-control-wrap managerial-experience\"><span class=\"wpcf7-form-control wpcf7-radio\"><span class=\"wpcf7-list-item first\"><input type=\"radio\" name=\"managerial-experience\" value=\"Oui\" \/><span class=\"wpcf7-list-item-label\">Oui<\/span><\/span><span class=\"wpcf7-list-item last\"><input type=\"radio\" name=\"managerial-experience\" value=\"Non\" \/><span class=\"wpcf7-list-item-label\">Non<\/span><\/span><\/span><\/span><br \/>\n<\/strong><\/p>\n<p><label> Titre de la position occup\u00e9e<br \/>\n    <span class=\"wpcf7-form-control-wrap managerial-experience-title\"><input type=\"text\" name=\"managerial-experience-title\" value=\"\" size=\"40\" class=\"wpcf7-form-control wpcf7-text\" aria-invalid=\"false\" \/><\/span><br \/>\n<\/label><\/p>\n<p><label> Nombre d\u2019employ\u00e9s directement sous votre supervision<br \/>\n    <span class=\"wpcf7-form-control-wrap number-employees\"><input type=\"text\" name=\"number-employees\" value=\"\" size=\"40\" class=\"wpcf7-form-control wpcf7-text\" aria-invalid=\"false\" \/><\/span><br \/>\n<\/label><\/p>\n<p><label> Nom de l\u2019entreprise<br \/>\n    <span class=\"wpcf7-form-control-wrap company-name\"><input type=\"text\" name=\"company-name\" value=\"\" size=\"40\" class=\"wpcf7-form-control wpcf7-text\" aria-invalid=\"false\" \/><\/span><br \/>\n<\/label><\/p>\n<p><label> Type d\u2019entreprise (compagnie, soci\u00e9t\u00e9 en nom collectif, SARL, entreprise individuelle)<br \/>\n    <span class=\"wpcf7-form-control-wrap company-type\"><input type=\"text\" name=\"company-type\" value=\"\" size=\"40\" class=\"wpcf7-form-control wpcf7-text\" aria-invalid=\"false\" \/><\/span><br \/>\n<\/label><\/p>\n<h2> ACTIFS <\/h2>\n<p>\nVos actifs peuvent \u00eatre sous votre nom ou sous le nom de votre \u00e9pouse. Les actifs sont g\u00e9n\u00e9ralement compos\u00e9s de vos propri\u00e9t\u00e9s, terrains, comptes bancaires, d\u00e9p\u00f4ts \u00e0 terme, portefeuille d\u2019actions et de la valeur de votre entreprise. Il est \u00e0 noter que vous devez d\u00e9duire votre passif (dettes, hypoth\u00e8ques, pr\u00eats bancaires) de la valeur totale des biens consid\u00e9r\u00e9s afin d\u2019obtenir la valeur r\u00e9elle de votre actif.\n<\/p>\n<p><strong> Poss\u00e9dez-vous au moins l\u2019\u00e9quivalent de 1,600,000$CAN d\u2019actifs?<br \/>\n    <span class=\"wpcf7-form-control-wrap assets-1600\"><span class=\"wpcf7-form-control wpcf7-radio\"><span class=\"wpcf7-list-item first\"><input type=\"radio\" name=\"assets-1600\" value=\"Oui\" \/><span class=\"wpcf7-list-item-label\">Oui<\/span><\/span><span class=\"wpcf7-list-item last\"><input type=\"radio\" name=\"assets-1600\" value=\"Non\" \/><span class=\"wpcf7-list-item-label\">Non<\/span><\/span><\/span><\/span><br \/>\n<\/strong><\/p>\n<p><strong><br \/>\nPoss\u00e9dez-vous au moins l\u2019\u00e9quivalent de 300,000$ CAN d\u2019actifs?<br \/>\n    <span class=\"wpcf7-form-control-wrap assets-300\"><span class=\"wpcf7-form-control wpcf7-radio\"><span class=\"wpcf7-list-item first\"><input type=\"radio\" name=\"assets-300\" value=\"Oui\" \/><span class=\"wpcf7-list-item-label\">Oui<\/span><\/span><span class=\"wpcf7-list-item last\"><input type=\"radio\" name=\"assets-300\" value=\"Non\" \/><span class=\"wpcf7-list-item-label\">Non<\/span><\/span><\/span><\/span><br \/>\n<\/strong><\/p>\n<p><input type=\"submit\" value=\"Soumettre\" class=\"wpcf7-form-control wpcf7-submit\" \/><\/p>\n<div class=\"wpcf7-response-output\" aria-hidden=\"true\"><\/div><\/form><\/div>[\/vc_column][\/vc_row]<\/p>\n","protected":false},"excerpt":{"rendered":"<p>[vc_row triangle_shape=\u00a0\u00bbno\u00a0\u00bb][vc_column][\/vc_column][\/vc_row]<\/p>\n","protected":false},"author":1,"featured_media":0,"parent":3606,"menu_order":0,"comment_status":"closed","ping_status":"closed","template":"","meta":[],"yoast_head":"<!-- This site is optimized with the Yoast SEO plugin v18.4.1 - https:\/\/yoast.com\/wordpress\/plugins\/seo\/ -->\n<title>POUR LES GENS D\u2019AFFAIRES<\/title>\n<meta name=\"robots\" content=\"index, follow, max-snippet:-1, max-image-preview:large, max-video-preview:-1\" \/>\n<link rel=\"canonical\" href=\"https:\/\/immcanada.com\/fr\/pourquoi-nous-choisir\/evaluation-pour-limmigration\/pour-les-gens-daffaires\/\" \/>\n<meta property=\"og:locale\" content=\"fr_FR\" \/>\n<meta property=\"og:type\" content=\"article\" \/>\n<meta property=\"og:title\" content=\"POUR LES GENS D\u2019AFFAIRES\" \/>\n<meta property=\"og:description\" content=\"[vc_row triangle_shape=\u00a0\u00bbno\u00a0\u00bb][vc_column][\/vc_column][\/vc_row]\" \/>\n<meta property=\"og:url\" content=\"https:\/\/immcanada.com\/fr\/pourquoi-nous-choisir\/evaluation-pour-limmigration\/pour-les-gens-daffaires\/\" \/>\n<meta property=\"og:site_name\" content=\"Leiter Rahme\" \/>\n<meta property=\"article:modified_time\" content=\"2016-09-10T14:15:32+00:00\" \/>\n<meta name=\"twitter:card\" content=\"summary\" \/>\n<script type=\"application\/ld+json\" class=\"yoast-schema-graph\">{\"@context\":\"https:\/\/schema.org\",\"@graph\":[{\"@type\":\"WebSite\",\"@id\":\"https:\/\/immcanada.com\/#website\",\"url\":\"https:\/\/immcanada.com\/\",\"name\":\"Leiter Rahme\",\"description\":\"We&#039;re with you every step of the way\",\"potentialAction\":[{\"@type\":\"SearchAction\",\"target\":{\"@type\":\"EntryPoint\",\"urlTemplate\":\"https:\/\/immcanada.com\/?s={search_term_string}\"},\"query-input\":\"required name=search_term_string\"}],\"inLanguage\":\"fr-FR\"},{\"@type\":\"WebPage\",\"@id\":\"https:\/\/immcanada.com\/fr\/pourquoi-nous-choisir\/evaluation-pour-limmigration\/pour-les-gens-daffaires\/#webpage\",\"url\":\"https:\/\/immcanada.com\/fr\/pourquoi-nous-choisir\/evaluation-pour-limmigration\/pour-les-gens-daffaires\/\",\"name\":\"POUR LES GENS D\u2019AFFAIRES\",\"isPartOf\":{\"@id\":\"https:\/\/immcanada.com\/#website\"},\"datePublished\":\"2016-09-09T08:07:12+00:00\",\"dateModified\":\"2016-09-10T14:15:32+00:00\",\"breadcrumb\":{\"@id\":\"https:\/\/immcanada.com\/fr\/pourquoi-nous-choisir\/evaluation-pour-limmigration\/pour-les-gens-daffaires\/#breadcrumb\"},\"inLanguage\":\"fr-FR\",\"potentialAction\":[{\"@type\":\"ReadAction\",\"target\":[\"https:\/\/immcanada.com\/fr\/pourquoi-nous-choisir\/evaluation-pour-limmigration\/pour-les-gens-daffaires\/\"]}]},{\"@type\":\"BreadcrumbList\",\"@id\":\"https:\/\/immcanada.com\/fr\/pourquoi-nous-choisir\/evaluation-pour-limmigration\/pour-les-gens-daffaires\/#breadcrumb\",\"itemListElement\":[{\"@type\":\"ListItem\",\"position\":1,\"name\":\"Home\",\"item\":\"https:\/\/immcanada.com\/fr\/\"},{\"@type\":\"ListItem\",\"position\":2,\"name\":\"Pourquoi nous choisir\",\"item\":\"https:\/\/immcanada.com\/fr\/pourquoi-nous-choisir\/\"},{\"@type\":\"ListItem\",\"position\":3,\"name\":\"\u00c9valuation pour l&rsquo;immigration\",\"item\":\"https:\/\/immcanada.com\/fr\/pourquoi-nous-choisir\/evaluation-pour-limmigration\/\"},{\"@type\":\"ListItem\",\"position\":4,\"name\":\"POUR LES GENS D\u2019AFFAIRES\"}]}]}<\/script>\n<!-- \/ Yoast SEO plugin. -->","yoast_head_json":{"title":"POUR LES GENS D\u2019AFFAIRES","robots":{"index":"index","follow":"follow","max-snippet":"max-snippet:-1","max-image-preview":"max-image-preview:large","max-video-preview":"max-video-preview:-1"},"canonical":"https:\/\/immcanada.com\/fr\/pourquoi-nous-choisir\/evaluation-pour-limmigration\/pour-les-gens-daffaires\/","og_locale":"fr_FR","og_type":"article","og_title":"POUR LES GENS D\u2019AFFAIRES","og_description":"[vc_row triangle_shape=\u00a0\u00bbno\u00a0\u00bb][vc_column][\/vc_column][\/vc_row]","og_url":"https:\/\/immcanada.com\/fr\/pourquoi-nous-choisir\/evaluation-pour-limmigration\/pour-les-gens-daffaires\/","og_site_name":"Leiter Rahme","article_modified_time":"2016-09-10T14:15:32+00:00","twitter_card":"summary","schema":{"@context":"https:\/\/schema.org","@graph":[{"@type":"WebSite","@id":"https:\/\/immcanada.com\/#website","url":"https:\/\/immcanada.com\/","name":"Leiter Rahme","description":"We&#039;re with you every step of the way","potentialAction":[{"@type":"SearchAction","target":{"@type":"EntryPoint","urlTemplate":"https:\/\/immcanada.com\/?s={search_term_string}"},"query-input":"required name=search_term_string"}],"inLanguage":"fr-FR"},{"@type":"WebPage","@id":"https:\/\/immcanada.com\/fr\/pourquoi-nous-choisir\/evaluation-pour-limmigration\/pour-les-gens-daffaires\/#webpage","url":"https:\/\/immcanada.com\/fr\/pourquoi-nous-choisir\/evaluation-pour-limmigration\/pour-les-gens-daffaires\/","name":"POUR LES GENS D\u2019AFFAIRES","isPartOf":{"@id":"https:\/\/immcanada.com\/#website"},"datePublished":"2016-09-09T08:07:12+00:00","dateModified":"2016-09-10T14:15:32+00:00","breadcrumb":{"@id":"https:\/\/immcanada.com\/fr\/pourquoi-nous-choisir\/evaluation-pour-limmigration\/pour-les-gens-daffaires\/#breadcrumb"},"inLanguage":"fr-FR","potentialAction":[{"@type":"ReadAction","target":["https:\/\/immcanada.com\/fr\/pourquoi-nous-choisir\/evaluation-pour-limmigration\/pour-les-gens-daffaires\/"]}]},{"@type":"BreadcrumbList","@id":"https:\/\/immcanada.com\/fr\/pourquoi-nous-choisir\/evaluation-pour-limmigration\/pour-les-gens-daffaires\/#breadcrumb","itemListElement":[{"@type":"ListItem","position":1,"name":"Home","item":"https:\/\/immcanada.com\/fr\/"},{"@type":"ListItem","position":2,"name":"Pourquoi nous choisir","item":"https:\/\/immcanada.com\/fr\/pourquoi-nous-choisir\/"},{"@type":"ListItem","position":3,"name":"\u00c9valuation pour l&rsquo;immigration","item":"https:\/\/immcanada.com\/fr\/pourquoi-nous-choisir\/evaluation-pour-limmigration\/"},{"@type":"ListItem","position":4,"name":"POUR LES GENS D\u2019AFFAIRES"}]}]}},"_links":{"self":[{"href":"https:\/\/immcanada.com\/fr\/wp-json\/wp\/v2\/pages\/3722\/"}],"collection":[{"href":"https:\/\/immcanada.com\/fr\/wp-json\/wp\/v2\/pages\/"}],"about":[{"href":"https:\/\/immcanada.com\/fr\/wp-json\/wp\/v2\/types\/page\/"}],"author":[{"embeddable":true,"href":"https:\/\/immcanada.com\/fr\/wp-json\/wp\/v2\/users\/1\/"}],"replies":[{"embeddable":true,"href":"https:\/\/immcanada.com\/fr\/wp-json\/wp\/v2\/comments\/?post=3722"}],"version-history":[{"count":4,"href":"https:\/\/immcanada.com\/fr\/wp-json\/wp\/v2\/pages\/3722\/revisions\/"}],"predecessor-version":[{"id":3730,"href":"https:\/\/immcanada.com\/fr\/wp-json\/wp\/v2\/pages\/3722\/revisions\/3730\/"}],"up":[{"embeddable":true,"href":"https:\/\/immcanada.com\/fr\/wp-json\/wp\/v2\/pages\/3606\/"}],"wp:attachment":[{"href":"https:\/\/immcanada.com\/fr\/wp-json\/wp\/v2\/media\/?parent=3722"}],"curies":[{"name":"wp","href":"https:\/\/api.w.org\/{rel}","templated":true}]}}