{"id":3764,"date":"2016-09-10T14:15:10","date_gmt":"2016-09-10T14:15:10","guid":{"rendered":"http:\/\/immcanada.com\/?page_id=3764&#038;lang=fr"},"modified":"2016-09-10T14:15:10","modified_gmt":"2016-09-10T14:15:10","slug":"pour-un-permis-etudiant","status":"publish","type":"page","link":"https:\/\/immcanada.com\/fr\/pourquoi-nous-choisir\/evaluation-pour-limmigration\/pour-un-permis-etudiant\/","title":{"rendered":"POUR UN PERMIS \u00c9TUDIANT"},"content":{"rendered":"<p>[vc_row triangle_shape=\u00a0\u00bbno\u00a0\u00bb][vc_column]<div role=\"form\" class=\"wpcf7\" id=\"wpcf7-f3763-o1\" lang=\"en-US\" dir=\"ltr\">\n<div class=\"screen-reader-response\"><p role=\"status\" aria-live=\"polite\" aria-atomic=\"true\"><\/p> <ul><\/ul><\/div>\n<form action=\"\/fr\/wp-json\/wp\/v2\/pages\/3764#wpcf7-f3763-o1\" method=\"post\" class=\"wpcf7-form init\" novalidate=\"novalidate\" data-status=\"init\">\n<div style=\"display: none;\">\n<input type=\"hidden\" name=\"_wpcf7\" value=\"3763\" \/>\n<input type=\"hidden\" name=\"_wpcf7_version\" value=\"5.4.2\" \/>\n<input type=\"hidden\" name=\"_wpcf7_locale\" value=\"en_US\" \/>\n<input type=\"hidden\" name=\"_wpcf7_unit_tag\" value=\"wpcf7-f3763-o1\" \/>\n<input type=\"hidden\" name=\"_wpcf7_container_post\" value=\"0\" \/>\n<input type=\"hidden\" name=\"_wpcf7_posted_data_hash\" value=\"\" \/>\n<\/div>\n<h2> G\u00c9NERAL <\/h2>\n<p><label> Nom (requis)<br \/>\n    <span class=\"wpcf7-form-control-wrap family-name\"><input type=\"text\" name=\"family-name\" value=\"\" size=\"40\" class=\"wpcf7-form-control wpcf7-text wpcf7-validates-as-required\" aria-required=\"true\" aria-invalid=\"false\" \/><\/span> <\/label><\/p>\n<p><label> Pr\u00e9nom (required)<br \/>\n    <span class=\"wpcf7-form-control-wrap given-name\"><input type=\"text\" name=\"given-name\" value=\"\" size=\"40\" class=\"wpcf7-form-control wpcf7-text wpcf7-validates-as-required\" aria-required=\"true\" aria-invalid=\"false\" \/><\/span> <\/label><\/p>\n<p><label> Adresse courriel (requis)<br \/>\n    <span class=\"wpcf7-form-control-wrap email\"><input type=\"email\" name=\"email\" value=\"\" size=\"40\" class=\"wpcf7-form-control wpcf7-text wpcf7-email wpcf7-validates-as-required wpcf7-validates-as-email\" aria-required=\"true\" aria-invalid=\"false\" \/><\/span><br \/>\n<\/label><\/p>\n<p><strong> Statut Matrimonial (requis)<br \/>\n    <span class=\"wpcf7-form-control-wrap marital-status\"><span class=\"wpcf7-form-control wpcf7-radio\"><span class=\"wpcf7-list-item first\"><input type=\"radio\" name=\"marital-status\" value=\"C\u00e9libataire\" \/><span class=\"wpcf7-list-item-label\">C\u00e9libataire<\/span><\/span><span class=\"wpcf7-list-item\"><input type=\"radio\" name=\"marital-status\" value=\"Mari\u00e9\" \/><span class=\"wpcf7-list-item-label\">Mari\u00e9<\/span><\/span><span class=\"wpcf7-list-item\"><input type=\"radio\" name=\"marital-status\" value=\"S\u00e9par\u00e9\" \/><span class=\"wpcf7-list-item-label\">S\u00e9par\u00e9<\/span><\/span><span class=\"wpcf7-list-item\"><input type=\"radio\" name=\"marital-status\" value=\"Divorc\u00e9\" \/><span class=\"wpcf7-list-item-label\">Divorc\u00e9<\/span><\/span><span class=\"wpcf7-list-item last\"><input type=\"radio\" name=\"marital-status\" value=\"Union de fait\" \/><span class=\"wpcf7-list-item-label\">Union de fait<\/span><\/span><\/span><\/span><br \/>\n<\/strong><\/p>\n<p><label> Pays de citoyennet\u00e9 (requis)<br \/>\n    <span class=\"wpcf7-form-control-wrap country-citizenship\"><input type=\"text\" name=\"country-citizenship\" value=\"\" size=\"40\" class=\"wpcf7-form-control wpcf7-text wpcf7-validates-as-required\" aria-required=\"true\" aria-invalid=\"false\" \/><\/span><br \/>\n<\/label><\/p>\n<p><label> Pays de r\u00e9sidence<br \/>\n    <span class=\"wpcf7-form-control-wrap country-residence\"><input type=\"text\" name=\"country-residence\" value=\"\" size=\"40\" class=\"wpcf7-form-control wpcf7-text wpcf7-validates-as-required\" aria-required=\"true\" aria-invalid=\"false\" \/><\/span><br \/>\n<\/label><\/p>\n<h2>EDUCATION<\/h2>\n<p><label>Quel est votre plus haut niveau d\u2019\u00e9ducation compl\u00e9t\u00e9 (secondaire, coll\u00e9gial, baccalaur\u00e9at, ma\u00eetrise\u2026) ?<br \/>\n    <span class=\"wpcf7-form-control-wrap education-degree\"><input type=\"text\" name=\"education-degree\" value=\"\" size=\"40\" class=\"wpcf7-form-control wpcf7-text\" aria-invalid=\"false\" \/><\/span><br \/>\n<\/label><\/p>\n<p><label>Nom de l\u2019\u00e9tablissement scolaire<br \/>\n    <span class=\"wpcf7-form-control-wrap education-establishment\"><input type=\"text\" name=\"education-establishment\" value=\"\" size=\"40\" class=\"wpcf7-form-control wpcf7-text\" aria-invalid=\"false\" \/><\/span><br \/>\n<\/label><\/p>\n<p><label>Dur\u00e9e du programme<br \/>\n    <span class=\"wpcf7-form-control-wrap education-years\"><input type=\"text\" name=\"education-years\" value=\"\" size=\"40\" class=\"wpcf7-form-control wpcf7-text\" aria-invalid=\"false\" \/><\/span><br \/>\n<\/label><\/p>\n<p><label>Titre du dipl\u00f4me obtenu<br \/>\n    <span class=\"wpcf7-form-control-wrap education-diploma\"><input type=\"text\" name=\"education-diploma\" value=\"\" size=\"40\" class=\"wpcf7-form-control wpcf7-text\" aria-invalid=\"false\" \/><\/span><br \/>\n<\/label><\/p>\n<h2>CONNAISSANCES LINGUISTIQUES<\/h2>\n<p><label>Sur une \u00e9chelle de z\u00e9ro \u00e0 10 (10 \u00e9tant le plus \u00e9lev\u00e9), quel est votre niveau d\u2019anglais?<br \/>\n    <span class=\"wpcf7-form-control-wrap language-english-level\"><select name=\"language-english-level\" class=\"wpcf7-form-control wpcf7-select\" aria-invalid=\"false\"><option value=\"0\">0<\/option><option value=\"1\">1<\/option><option value=\"2\">2<\/option><option value=\"3\">3<\/option><option value=\"4\">4<\/option><option value=\"5\">5<\/option><option value=\"6\">6<\/option><option value=\"7\">7<\/option><option value=\"8\">8<\/option><option value=\"9\">9<\/option><option value=\"10\">10<\/option><\/select><\/span><br \/>\n<\/label><\/p>\n<p><label>Sur une \u00e9chelle de z\u00e9ro \u00e0 10 (10 \u00e9tant le plus \u00e9lev\u00e9), quel est votre niveau de fran\u00e7ais?<br \/>\n    <span class=\"wpcf7-form-control-wrap language-french-level\"><select name=\"language-french-level\" class=\"wpcf7-form-control wpcf7-select\" aria-invalid=\"false\"><option value=\"0\">0<\/option><option value=\"1\">1<\/option><option value=\"2\">2<\/option><option value=\"3\">3<\/option><option value=\"4\">4<\/option><option value=\"5\">5<\/option><option value=\"6\">6<\/option><option value=\"7\">7<\/option><option value=\"8\">8<\/option><option value=\"9\">9<\/option><option value=\"10\">10<\/option><\/select><\/span><br \/>\n<\/label><\/p>\n<h2>RESSOURCES <\/h2>\n<p><label>Qui payera pour les d\u00e9penses reli\u00e9es \u00e0 vos \u00e9tudes au Canada (vous, vos parent, un membre de la famille\u2026)?<br \/>\n    <span class=\"wpcf7-form-control-wrap funds-source\"><input type=\"text\" name=\"funds-source\" value=\"\" size=\"40\" class=\"wpcf7-form-control wpcf7-text\" aria-invalid=\"false\" \/><\/span><br \/>\n<\/label><\/p>\n<p><strong>Cette personne peut prouver avoir environ CAD \u200b\u200b$ 100,000 disponibles afin de payer les frais d'\u00e9tudes ?<br \/>\n    <span class=\"wpcf7-form-control-wrap funds-proof\"><span class=\"wpcf7-form-control wpcf7-radio\"><span class=\"wpcf7-list-item first\"><input type=\"radio\" name=\"funds-proof\" value=\"Yes\" \/><span class=\"wpcf7-list-item-label\">Yes<\/span><\/span><span class=\"wpcf7-list-item last\"><input type=\"radio\" name=\"funds-proof\" value=\"No\" \/><span class=\"wpcf7-list-item-label\">No<\/span><\/span><\/span><\/span><br \/>\n<\/strong><\/p>\n<h2>PROGRAMME ENVISAG\u00c9<\/h2>\n<p><label>Quel programme envisagez-vous poursuivre au Canada?<br \/>\n    <span class=\"wpcf7-form-control-wrap intended-degree\"><input type=\"text\" name=\"intended-degree\" value=\"\" size=\"40\" class=\"wpcf7-form-control wpcf7-text\" aria-invalid=\"false\" \/><\/span><br \/>\n<\/label><\/p>\n<h2>OCCUPATION ACTUELLE<\/h2>\n<p><label>Quel est votre occupation actuelle (\u00e9tudes, travail, sans emploi\u2026)?<br \/>\n    <span class=\"wpcf7-form-control-wrap current-occupation\"><input type=\"text\" name=\"current-occupation\" value=\"\" size=\"40\" class=\"wpcf7-form-control wpcf7-text\" aria-invalid=\"false\" \/><\/span><br \/>\n<\/label><\/p>\n<p><label>Veuillez fournir des d\u00e9tails.<br \/>\n    <span class=\"wpcf7-form-control-wrap current-occupation-details\"><textarea name=\"current-occupation-details\" cols=\"40\" rows=\"10\" class=\"wpcf7-form-control wpcf7-textarea\" aria-invalid=\"false\"><\/textarea><\/span><br \/>\n<\/label><\/p>\n<p><input type=\"submit\" value=\"Soumettre\" class=\"wpcf7-form-control wpcf7-submit\" \/><\/p>\n<div class=\"wpcf7-response-output\" aria-hidden=\"true\"><\/div><\/form><\/div>[\/vc_column][\/vc_row]<\/p>\n","protected":false},"excerpt":{"rendered":"<p>[vc_row triangle_shape=\u00a0\u00bbno\u00a0\u00bb][vc_column][\/vc_column][\/vc_row]<\/p>\n","protected":false},"author":1,"featured_media":0,"parent":3606,"menu_order":0,"comment_status":"closed","ping_status":"closed","template":"","meta":[],"yoast_head":"<!-- This site is optimized with the Yoast SEO plugin v18.4.1 - https:\/\/yoast.com\/wordpress\/plugins\/seo\/ -->\n<title>POUR UN PERMIS \u00c9TUDIANT<\/title>\n<meta name=\"robots\" content=\"index, follow, max-snippet:-1, max-image-preview:large, max-video-preview:-1\" \/>\n<link rel=\"canonical\" href=\"https:\/\/immcanada.com\/fr\/pourquoi-nous-choisir\/evaluation-pour-limmigration\/pour-un-permis-etudiant\/\" \/>\n<meta property=\"og:locale\" content=\"fr_FR\" \/>\n<meta property=\"og:type\" content=\"article\" \/>\n<meta property=\"og:title\" content=\"POUR UN PERMIS \u00c9TUDIANT\" \/>\n<meta property=\"og:description\" content=\"[vc_row triangle_shape=\u00a0\u00bbno\u00a0\u00bb][vc_column][\/vc_column][\/vc_row]\" \/>\n<meta property=\"og:url\" content=\"https:\/\/immcanada.com\/fr\/pourquoi-nous-choisir\/evaluation-pour-limmigration\/pour-un-permis-etudiant\/\" \/>\n<meta property=\"og:site_name\" content=\"Leiter Rahme\" \/>\n<meta name=\"twitter:card\" content=\"summary\" \/>\n<script type=\"application\/ld+json\" class=\"yoast-schema-graph\">{\"@context\":\"https:\/\/schema.org\",\"@graph\":[{\"@type\":\"WebSite\",\"@id\":\"https:\/\/immcanada.com\/#website\",\"url\":\"https:\/\/immcanada.com\/\",\"name\":\"Leiter Rahme\",\"description\":\"We&#039;re with you every step of the way\",\"potentialAction\":[{\"@type\":\"SearchAction\",\"target\":{\"@type\":\"EntryPoint\",\"urlTemplate\":\"https:\/\/immcanada.com\/?s={search_term_string}\"},\"query-input\":\"required name=search_term_string\"}],\"inLanguage\":\"fr-FR\"},{\"@type\":\"WebPage\",\"@id\":\"https:\/\/immcanada.com\/fr\/pourquoi-nous-choisir\/evaluation-pour-limmigration\/pour-un-permis-etudiant\/#webpage\",\"url\":\"https:\/\/immcanada.com\/fr\/pourquoi-nous-choisir\/evaluation-pour-limmigration\/pour-un-permis-etudiant\/\",\"name\":\"POUR UN PERMIS \u00c9TUDIANT\",\"isPartOf\":{\"@id\":\"https:\/\/immcanada.com\/#website\"},\"datePublished\":\"2016-09-10T14:15:10+00:00\",\"dateModified\":\"2016-09-10T14:15:10+00:00\",\"breadcrumb\":{\"@id\":\"https:\/\/immcanada.com\/fr\/pourquoi-nous-choisir\/evaluation-pour-limmigration\/pour-un-permis-etudiant\/#breadcrumb\"},\"inLanguage\":\"fr-FR\",\"potentialAction\":[{\"@type\":\"ReadAction\",\"target\":[\"https:\/\/immcanada.com\/fr\/pourquoi-nous-choisir\/evaluation-pour-limmigration\/pour-un-permis-etudiant\/\"]}]},{\"@type\":\"BreadcrumbList\",\"@id\":\"https:\/\/immcanada.com\/fr\/pourquoi-nous-choisir\/evaluation-pour-limmigration\/pour-un-permis-etudiant\/#breadcrumb\",\"itemListElement\":[{\"@type\":\"ListItem\",\"position\":1,\"name\":\"Home\",\"item\":\"https:\/\/immcanada.com\/fr\/\"},{\"@type\":\"ListItem\",\"position\":2,\"name\":\"Pourquoi nous choisir\",\"item\":\"https:\/\/immcanada.com\/fr\/pourquoi-nous-choisir\/\"},{\"@type\":\"ListItem\",\"position\":3,\"name\":\"\u00c9valuation pour l&rsquo;immigration\",\"item\":\"https:\/\/immcanada.com\/fr\/pourquoi-nous-choisir\/evaluation-pour-limmigration\/\"},{\"@type\":\"ListItem\",\"position\":4,\"name\":\"POUR UN PERMIS \u00c9TUDIANT\"}]}]}<\/script>\n<!-- \/ Yoast SEO plugin. -->","yoast_head_json":{"title":"POUR UN PERMIS \u00c9TUDIANT","robots":{"index":"index","follow":"follow","max-snippet":"max-snippet:-1","max-image-preview":"max-image-preview:large","max-video-preview":"max-video-preview:-1"},"canonical":"https:\/\/immcanada.com\/fr\/pourquoi-nous-choisir\/evaluation-pour-limmigration\/pour-un-permis-etudiant\/","og_locale":"fr_FR","og_type":"article","og_title":"POUR UN PERMIS \u00c9TUDIANT","og_description":"[vc_row triangle_shape=\u00a0\u00bbno\u00a0\u00bb][vc_column][\/vc_column][\/vc_row]","og_url":"https:\/\/immcanada.com\/fr\/pourquoi-nous-choisir\/evaluation-pour-limmigration\/pour-un-permis-etudiant\/","og_site_name":"Leiter Rahme","twitter_card":"summary","schema":{"@context":"https:\/\/schema.org","@graph":[{"@type":"WebSite","@id":"https:\/\/immcanada.com\/#website","url":"https:\/\/immcanada.com\/","name":"Leiter Rahme","description":"We&#039;re with you every step of the way","potentialAction":[{"@type":"SearchAction","target":{"@type":"EntryPoint","urlTemplate":"https:\/\/immcanada.com\/?s={search_term_string}"},"query-input":"required name=search_term_string"}],"inLanguage":"fr-FR"},{"@type":"WebPage","@id":"https:\/\/immcanada.com\/fr\/pourquoi-nous-choisir\/evaluation-pour-limmigration\/pour-un-permis-etudiant\/#webpage","url":"https:\/\/immcanada.com\/fr\/pourquoi-nous-choisir\/evaluation-pour-limmigration\/pour-un-permis-etudiant\/","name":"POUR UN PERMIS \u00c9TUDIANT","isPartOf":{"@id":"https:\/\/immcanada.com\/#website"},"datePublished":"2016-09-10T14:15:10+00:00","dateModified":"2016-09-10T14:15:10+00:00","breadcrumb":{"@id":"https:\/\/immcanada.com\/fr\/pourquoi-nous-choisir\/evaluation-pour-limmigration\/pour-un-permis-etudiant\/#breadcrumb"},"inLanguage":"fr-FR","potentialAction":[{"@type":"ReadAction","target":["https:\/\/immcanada.com\/fr\/pourquoi-nous-choisir\/evaluation-pour-limmigration\/pour-un-permis-etudiant\/"]}]},{"@type":"BreadcrumbList","@id":"https:\/\/immcanada.com\/fr\/pourquoi-nous-choisir\/evaluation-pour-limmigration\/pour-un-permis-etudiant\/#breadcrumb","itemListElement":[{"@type":"ListItem","position":1,"name":"Home","item":"https:\/\/immcanada.com\/fr\/"},{"@type":"ListItem","position":2,"name":"Pourquoi nous choisir","item":"https:\/\/immcanada.com\/fr\/pourquoi-nous-choisir\/"},{"@type":"ListItem","position":3,"name":"\u00c9valuation pour l&rsquo;immigration","item":"https:\/\/immcanada.com\/fr\/pourquoi-nous-choisir\/evaluation-pour-limmigration\/"},{"@type":"ListItem","position":4,"name":"POUR UN PERMIS \u00c9TUDIANT"}]}]}},"_links":{"self":[{"href":"https:\/\/immcanada.com\/fr\/wp-json\/wp\/v2\/pages\/3764\/"}],"collection":[{"href":"https:\/\/immcanada.com\/fr\/wp-json\/wp\/v2\/pages\/"}],"about":[{"href":"https:\/\/immcanada.com\/fr\/wp-json\/wp\/v2\/types\/page\/"}],"author":[{"embeddable":true,"href":"https:\/\/immcanada.com\/fr\/wp-json\/wp\/v2\/users\/1\/"}],"replies":[{"embeddable":true,"href":"https:\/\/immcanada.com\/fr\/wp-json\/wp\/v2\/comments\/?post=3764"}],"version-history":[{"count":1,"href":"https:\/\/immcanada.com\/fr\/wp-json\/wp\/v2\/pages\/3764\/revisions\/"}],"predecessor-version":[{"id":3766,"href":"https:\/\/immcanada.com\/fr\/wp-json\/wp\/v2\/pages\/3764\/revisions\/3766\/"}],"up":[{"embeddable":true,"href":"https:\/\/immcanada.com\/fr\/wp-json\/wp\/v2\/pages\/3606\/"}],"wp:attachment":[{"href":"https:\/\/immcanada.com\/fr\/wp-json\/wp\/v2\/media\/?parent=3764"}],"curies":[{"name":"wp","href":"https:\/\/api.w.org\/{rel}","templated":true}]}}