{"id":3765,"date":"2016-09-10T14:16:51","date_gmt":"2016-09-10T14:16:51","guid":{"rendered":"http:\/\/immcanada.com\/?page_id=3765&#038;lang=fr"},"modified":"2016-09-10T14:16:51","modified_gmt":"2016-09-10T14:16:51","slug":"pour-les-travailleurs-qualifies","status":"publish","type":"page","link":"https:\/\/immcanada.com\/fr\/pourquoi-nous-choisir\/evaluation-pour-limmigration\/pour-les-travailleurs-qualifies\/","title":{"rendered":"POUR LES TRAVAILLEURS QUALIFI\u00c9S"},"content":{"rendered":"<p>[vc_row triangle_shape=\u00a0\u00bbno\u00a0\u00bb][vc_column]<div role=\"form\" class=\"wpcf7\" id=\"wpcf7-f3762-o1\" lang=\"en-US\" dir=\"ltr\">\n<div class=\"screen-reader-response\"><p role=\"status\" aria-live=\"polite\" aria-atomic=\"true\"><\/p> <ul><\/ul><\/div>\n<form action=\"\/fr\/wp-json\/wp\/v2\/pages\/3765#wpcf7-f3762-o1\" method=\"post\" class=\"wpcf7-form init\" novalidate=\"novalidate\" data-status=\"init\">\n<div style=\"display: none;\">\n<input type=\"hidden\" name=\"_wpcf7\" value=\"3762\" \/>\n<input type=\"hidden\" name=\"_wpcf7_version\" value=\"5.4.2\" \/>\n<input type=\"hidden\" name=\"_wpcf7_locale\" value=\"en_US\" \/>\n<input type=\"hidden\" name=\"_wpcf7_unit_tag\" value=\"wpcf7-f3762-o1\" \/>\n<input type=\"hidden\" name=\"_wpcf7_container_post\" value=\"0\" \/>\n<input type=\"hidden\" name=\"_wpcf7_posted_data_hash\" value=\"\" \/>\n<\/div>\n<h2> G\u00c9NERAL <\/h2>\n<p><label> Nom (requis)<br \/>\n    <span class=\"wpcf7-form-control-wrap family-name\"><input type=\"text\" name=\"family-name\" value=\"\" size=\"40\" class=\"wpcf7-form-control wpcf7-text wpcf7-validates-as-required\" aria-required=\"true\" aria-invalid=\"false\" \/><\/span> <\/label><\/p>\n<p><label> Pr\u00e9nom (required)<br \/>\n    <span class=\"wpcf7-form-control-wrap given-name\"><input type=\"text\" name=\"given-name\" value=\"\" size=\"40\" class=\"wpcf7-form-control wpcf7-text wpcf7-validates-as-required\" aria-required=\"true\" aria-invalid=\"false\" \/><\/span> <\/label><\/p>\n<p><label> Adresse courriel (requis)<br \/>\n    <span class=\"wpcf7-form-control-wrap email\"><input type=\"email\" name=\"email\" value=\"\" size=\"40\" class=\"wpcf7-form-control wpcf7-text wpcf7-email wpcf7-validates-as-required wpcf7-validates-as-email\" aria-required=\"true\" aria-invalid=\"false\" \/><\/span><br \/>\n<\/label><\/p>\n<p><strong> Statut Matrimonial (requis)<br \/>\n    <span class=\"wpcf7-form-control-wrap marital-status\"><span class=\"wpcf7-form-control wpcf7-radio\"><span class=\"wpcf7-list-item first\"><input type=\"radio\" name=\"marital-status\" value=\"C\u00e9libataire\" \/><span class=\"wpcf7-list-item-label\">C\u00e9libataire<\/span><\/span><span class=\"wpcf7-list-item\"><input type=\"radio\" name=\"marital-status\" value=\"Mari\u00e9\" \/><span class=\"wpcf7-list-item-label\">Mari\u00e9<\/span><\/span><span class=\"wpcf7-list-item\"><input type=\"radio\" name=\"marital-status\" value=\"S\u00e9par\u00e9\" \/><span class=\"wpcf7-list-item-label\">S\u00e9par\u00e9<\/span><\/span><span class=\"wpcf7-list-item\"><input type=\"radio\" name=\"marital-status\" value=\"Divorc\u00e9\" \/><span class=\"wpcf7-list-item-label\">Divorc\u00e9<\/span><\/span><span class=\"wpcf7-list-item last\"><input type=\"radio\" name=\"marital-status\" value=\"Union de fait\" \/><span class=\"wpcf7-list-item-label\">Union de fait<\/span><\/span><\/span><\/span><br \/>\n<\/strong><\/p>\n<p><label> Pays de citoyennet\u00e9 (requis)<br \/>\n    <span class=\"wpcf7-form-control-wrap country-citizenship\"><input type=\"text\" name=\"country-citizenship\" value=\"\" size=\"40\" class=\"wpcf7-form-control wpcf7-text wpcf7-validates-as-required\" aria-required=\"true\" aria-invalid=\"false\" \/><\/span><br \/>\n<\/label><\/p>\n<p><label> Pays de r\u00e9sidence<br \/>\n    <span class=\"wpcf7-form-control-wrap country-residence\"><input type=\"text\" name=\"country-residence\" value=\"\" size=\"40\" class=\"wpcf7-form-control wpcf7-text wpcf7-validates-as-required\" aria-required=\"true\" aria-invalid=\"false\" \/><\/span><br \/>\n<\/label><\/p>\n<h2>EDUCATION<\/h2>\n<p><label>Nombre d\u2019ann\u00e9es d\u2019\u00e9ducation compl\u00e9t\u00e9es au niveau primaire<br \/>\n    <span class=\"wpcf7-form-control-wrap education-elementary-years\"><input type=\"text\" name=\"education-elementary-years\" value=\"\" size=\"40\" class=\"wpcf7-form-control wpcf7-text\" aria-invalid=\"false\" \/><\/span><br \/>\n<\/label><\/p>\n<p><label>Nombre d\u2019ann\u00e9es d\u2019\u00e9ducation compl\u00e9t\u00e9es au niveau secondaire<br \/>\n    <span class=\"wpcf7-form-control-wrap education-high-school-years\"><input type=\"text\" name=\"education-high-school-years\" value=\"\" size=\"40\" class=\"wpcf7-form-control wpcf7-text\" aria-invalid=\"false\" \/><\/span><br \/>\n<\/label><\/p>\n<p><label>Nombre d\u2019ann\u00e9es d\u2019\u00e9ducation compl\u00e9t\u00e9es au niveau post secondaire<br \/>\n    <span class=\"wpcf7-form-control-wrap education-post-secondary-years\"><input type=\"text\" name=\"education-post-secondary-years\" value=\"\" size=\"40\" class=\"wpcf7-form-control wpcf7-text\" aria-invalid=\"false\" \/><\/span><br \/>\n<\/label><\/p>\n<p><label>Plus haut niveau de scolarit\u00e9 atteint<br \/>\n    <span class=\"wpcf7-form-control-wrap education-degree\"><input type=\"text\" name=\"education-degree\" value=\"\" size=\"40\" class=\"wpcf7-form-control wpcf7-text\" aria-invalid=\"false\" \/><\/span><br \/>\n<\/label><\/p>\n<p><label>Nom de l\u2019\u00e9tablissement scolaire<br \/>\n    <span class=\"wpcf7-form-control-wrap education-establishment\"><input type=\"text\" name=\"education-establishment\" value=\"\" size=\"40\" class=\"wpcf7-form-control wpcf7-text\" aria-invalid=\"false\" \/><\/span><br \/>\n<\/label><\/p>\n<p><label>Dur\u00e9e du programme (en ann\u00e9es)<br \/>\n    <span class=\"wpcf7-form-control-wrap education-program-duration\"><input type=\"text\" name=\"education-program-duration\" value=\"\" size=\"40\" class=\"wpcf7-form-control wpcf7-text\" aria-invalid=\"false\" \/><\/span><br \/>\n<\/label><\/p>\n<p><label>Titre du dipl\u00f4me obtenu<br \/>\n    <span class=\"wpcf7-form-control-wrap education-diploma-title\"><input type=\"text\" name=\"education-diploma-title\" value=\"\" size=\"40\" class=\"wpcf7-form-control wpcf7-text\" aria-invalid=\"false\" \/><\/span><br \/>\n<\/label><\/p>\n<h2>EXP\u00c9RIENCE PROFESSIONNELLE<\/h2>\n<p>Exp\u00e9rience de travail (au cours des 10 derni\u00e8res ann\u00e9es)<\/p>\n<h4>Emploi 1<\/h4>\n<p><label>Titre de la position occup\u00e9e<br \/>\n    <span class=\"wpcf7-form-control-wrap employment-1-position-title\"><input type=\"text\" name=\"employment-1-position-title\" value=\"\" size=\"40\" class=\"wpcf7-form-control wpcf7-text\" aria-invalid=\"false\" \/><\/span><br \/>\n<\/label><\/p>\n<p><strong>P\u00e9riode de travail<br \/>\n    De: <span class=\"wpcf7-form-control-wrap employment-1-from\"><input type=\"date\" name=\"employment-1-from\" value=\"\" class=\"wpcf7-form-control wpcf7-date wpcf7-validates-as-date\" aria-invalid=\"false\" \/><\/span> \u00c0: <span class=\"wpcf7-form-control-wrap employment-1-from\"><input type=\"date\" name=\"employment-1-from\" value=\"\" class=\"wpcf7-form-control wpcf7-date wpcf7-validates-as-date\" aria-invalid=\"false\" \/><\/span><br \/>\n<\/strong><\/p>\n<h4>Emploi 2<\/h4>\n<p><label>Titre de la position occup\u00e9e<br \/>\n    <span class=\"wpcf7-form-control-wrap employment-2-position-title\"><input type=\"text\" name=\"employment-2-position-title\" value=\"\" size=\"40\" class=\"wpcf7-form-control wpcf7-text\" aria-invalid=\"false\" \/><\/span><br \/>\n<\/label><\/p>\n<p><strong>P\u00e9riode de travail<br \/>\n    De: <span class=\"wpcf7-form-control-wrap employment-2-from\"><input type=\"date\" name=\"employment-2-from\" value=\"\" class=\"wpcf7-form-control wpcf7-date wpcf7-validates-as-date\" aria-invalid=\"false\" \/><\/span> \u00c0: <span class=\"wpcf7-form-control-wrap employment-2-from\"><input type=\"date\" name=\"employment-2-from\" value=\"\" class=\"wpcf7-form-control wpcf7-date wpcf7-validates-as-date\" aria-invalid=\"false\" \/><\/span><br \/>\n<\/strong><\/p>\n<h4>Emploi 3<\/h4>\n<p><label>Titre de la position occup\u00e9e<br \/>\n    <span class=\"wpcf7-form-control-wrap employment-3-position-title\"><input type=\"text\" name=\"employment-3-position-title\" value=\"\" size=\"40\" class=\"wpcf7-form-control wpcf7-text\" aria-invalid=\"false\" \/><\/span><br \/>\n<\/label><\/p>\n<p><strong>P\u00e9riode de travail<br \/>\n    De: <span class=\"wpcf7-form-control-wrap employment-3-from\"><input type=\"date\" name=\"employment-3-from\" value=\"\" class=\"wpcf7-form-control wpcf7-date wpcf7-validates-as-date\" aria-invalid=\"false\" \/><\/span> \u00c0: <span class=\"wpcf7-form-control-wrap employment-3-from\"><input type=\"date\" name=\"employment-3-from\" value=\"\" class=\"wpcf7-form-control wpcf7-date wpcf7-validates-as-date\" aria-invalid=\"false\" \/><\/span><br \/>\n<\/strong><\/p>\n<h2>CONNAISSANCE LINGUISTIQUES<\/h2>\n<p><label>Sur une \u00e9chelle de z\u00e9ro \u00e0 10 (10 \u00e9tant le plus \u00e9lev\u00e9), quel est votre niveau d\u2019anglais?<br \/>\n    <span class=\"wpcf7-form-control-wrap language-english-level\"><select name=\"language-english-level\" class=\"wpcf7-form-control wpcf7-select\" aria-invalid=\"false\"><option value=\"0\">0<\/option><option value=\"1\">1<\/option><option value=\"2\">2<\/option><option value=\"3\">3<\/option><option value=\"4\">4<\/option><option value=\"5\">5<\/option><option value=\"6\">6<\/option><option value=\"7\">7<\/option><option value=\"8\">8<\/option><option value=\"9\">9<\/option><option value=\"10\">10<\/option><\/select><\/span><br \/>\n<\/label><\/p>\n<p><label>Sur une \u00e9chelle de z\u00e9ro \u00e0 10 (10 \u00e9tant le plus \u00e9lev\u00e9), quel est votre niveau de fran\u00e7ais?<br \/>\n    <span class=\"wpcf7-form-control-wrap language-french-level\"><select name=\"language-french-level\" class=\"wpcf7-form-control wpcf7-select\" aria-invalid=\"false\"><option value=\"0\">0<\/option><option value=\"1\">1<\/option><option value=\"2\">2<\/option><option value=\"3\">3<\/option><option value=\"4\">4<\/option><option value=\"5\">5<\/option><option value=\"6\">6<\/option><option value=\"7\">7<\/option><option value=\"8\">8<\/option><option value=\"9\">9<\/option><option value=\"10\">10<\/option><\/select><\/span><br \/>\n<\/label><\/p>\n<h2>Information sur votre \u00e9pouse (s\u2019il y a lieu)<\/h2>\n<p><label> Age<br \/>\n    <span class=\"wpcf7-form-control-wrap spouse-age\"><input type=\"text\" name=\"spouse-age\" value=\"\" size=\"40\" class=\"wpcf7-form-control wpcf7-text\" aria-invalid=\"false\" \/><\/span><br \/>\n<\/label><\/p>\n<p><label>Plus haut niveau de scolarit\u00e9 atteint<br \/>\n    <span class=\"wpcf7-form-control-wrap spouse-education-degree\"><input type=\"text\" name=\"spouse-education-degree\" value=\"\" size=\"40\" class=\"wpcf7-form-control wpcf7-text\" aria-invalid=\"false\" \/><\/span><br \/>\n<\/label><\/p>\n<p><label>Nom de l\u2019\u00e9tablissement scolaire<br \/>\n    <span class=\"wpcf7-form-control-wrap spouse-education-establishment\"><input type=\"text\" name=\"spouse-education-establishment\" value=\"\" size=\"40\" class=\"wpcf7-form-control wpcf7-text\" aria-invalid=\"false\" \/><\/span><br \/>\n<\/label><\/p>\n<p><label>Dur\u00e9e du programme (en ann\u00e9es)<br \/>\n    <span class=\"wpcf7-form-control-wrap spouse-education-program-duration\"><input type=\"text\" name=\"spouse-education-program-duration\" value=\"\" size=\"40\" class=\"wpcf7-form-control wpcf7-text\" aria-invalid=\"false\" \/><\/span><br \/>\n<\/label><\/p>\n<p><label>Titre du dipl\u00f4me obtenu<br \/>\n    <span class=\"wpcf7-form-control-wrap spouse-education-diploma-title\"><input type=\"text\" name=\"spouse-education-diploma-title\" value=\"\" size=\"40\" class=\"wpcf7-form-control wpcf7-text\" aria-invalid=\"false\" \/><\/span><br \/>\n<\/label><\/p>\n<p><label>Sur une \u00e9chelle de z\u00e9ro \u00e0 10 (10 \u00e9tant le plus \u00e9lev\u00e9), quel est le niveau de fran\u00e7ais de votre \u00e9pouse?<br \/>\n    <span class=\"wpcf7-form-control-wrap spouse-language-french-level\"><select name=\"spouse-language-french-level\" class=\"wpcf7-form-control wpcf7-select\" aria-invalid=\"false\"><option value=\"0\">0<\/option><option value=\"1\">1<\/option><option value=\"2\">2<\/option><option value=\"3\">3<\/option><option value=\"4\">4<\/option><option value=\"5\">5<\/option><option value=\"6\">6<\/option><option value=\"7\">7<\/option><option value=\"8\">8<\/option><option value=\"9\">9<\/option><option value=\"10\">10<\/option><\/select><\/span><br \/>\n<\/label><\/p>\n<h2>FAMILLE AU CANADA<\/h2>\n<p><strong>Avez-vous des membres de votre famille (ou de votre conjoint) au Canada?<br \/>\n    <span class=\"wpcf7-form-control-wrap family-canada\"><span class=\"wpcf7-form-control wpcf7-radio\"><span class=\"wpcf7-list-item first\"><input type=\"radio\" name=\"family-canada\" value=\"Oui\" \/><span class=\"wpcf7-list-item-label\">Oui<\/span><\/span><span class=\"wpcf7-list-item last\"><input type=\"radio\" name=\"family-canada\" value=\"Non\" \/><span class=\"wpcf7-list-item-label\">Non<\/span><\/span><\/span><\/span><br \/>\n<\/strong><\/p>\n<p><label>Lien de parent\u00e9 avec vous<br \/>\n    <span class=\"wpcf7-form-control-wrap family-canada-relationship\"><input type=\"text\" name=\"family-canada-relationship\" value=\"\" size=\"40\" class=\"wpcf7-form-control wpcf7-text\" aria-invalid=\"false\" \/><\/span><br \/>\n<\/label><\/p>\n<p><label> Province de r\u00e9sidence de ce membre de la famille :<br \/>\n    <span class=\"wpcf7-form-control-wrap family-canada-province\"><input type=\"text\" name=\"family-canada-province\" value=\"\" size=\"40\" class=\"wpcf7-form-control wpcf7-text\" aria-invalid=\"false\" \/><\/span><br \/>\n<\/label><\/p>\n<h2>S\u00c9JOUR AU CANADA<\/h2>\n<p><strong>Avez-vous s\u00e9journ\u00e9 au Canada au cours des 10 derni\u00e8res ann\u00e9es?<br \/>\n    <span class=\"wpcf7-form-control-wrap canada-stay\"><span class=\"wpcf7-form-control wpcf7-radio\"><span class=\"wpcf7-list-item first\"><input type=\"radio\" name=\"canada-stay\" value=\"Oui\" \/><span class=\"wpcf7-list-item-label\">Oui<\/span><\/span><span class=\"wpcf7-list-item last\"><input type=\"radio\" name=\"canada-stay\" value=\"Non\" \/><span class=\"wpcf7-list-item-label\">Non<\/span><\/span><\/span><\/span><br \/>\n<\/strong><\/p>\n<p><strong>Dates de votre s\u00e9jour au Canada<br \/>\n    De: <span class=\"wpcf7-form-control-wrap canada-stay-date-from\"><input type=\"date\" name=\"canada-stay-date-from\" value=\"\" class=\"wpcf7-form-control wpcf7-date wpcf7-validates-as-date\" aria-invalid=\"false\" \/><\/span> \u00c0: <span class=\"wpcf7-form-control-wrap canada-stay-date-to\"><input type=\"date\" name=\"canada-stay-date-to\" value=\"\" class=\"wpcf7-form-control wpcf7-date wpcf7-validates-as-date\" aria-invalid=\"false\" \/><\/span><br \/>\n<\/strong><\/p>\n<p><label>Raison pour votre s\u00e9jour (travail, affaires, \u00e9tudes, tourisme)<br \/>\n    <span class=\"wpcf7-form-control-wrap canada-stay-purpose\"><input type=\"text\" name=\"canada-stay-purpose\" value=\"\" size=\"40\" class=\"wpcf7-form-control wpcf7-text\" aria-invalid=\"false\" \/><\/span><br \/>\n<\/label><\/p>\n<p><label>Province o\u00f9 vous avez r\u00e9sid\u00e9 durant votre s\u00e9jour<br \/>\n    <span class=\"wpcf7-form-control-wrap canada-stay-province\"><input type=\"text\" name=\"canada-stay-province\" value=\"\" size=\"40\" class=\"wpcf7-form-control wpcf7-text\" aria-invalid=\"false\" \/><\/span><br \/>\n<\/label><\/p>\n<p><input type=\"submit\" value=\"Soumettre\" class=\"wpcf7-form-control wpcf7-submit\" \/><\/p>\n<div class=\"wpcf7-response-output\" aria-hidden=\"true\"><\/div><\/form><\/div>[\/vc_column][\/vc_row]<\/p>\n","protected":false},"excerpt":{"rendered":"<p>[vc_row triangle_shape=\u00a0\u00bbno\u00a0\u00bb][vc_column][\/vc_column][\/vc_row]<\/p>\n","protected":false},"author":1,"featured_media":0,"parent":3606,"menu_order":0,"comment_status":"closed","ping_status":"closed","template":"","meta":[],"yoast_head":"<!-- This site is optimized with the Yoast SEO plugin v18.4.1 - https:\/\/yoast.com\/wordpress\/plugins\/seo\/ -->\n<title>POUR LES TRAVAILLEURS QUALIFI\u00c9S<\/title>\n<meta name=\"robots\" content=\"index, follow, max-snippet:-1, max-image-preview:large, max-video-preview:-1\" \/>\n<link rel=\"canonical\" href=\"https:\/\/immcanada.com\/fr\/pourquoi-nous-choisir\/evaluation-pour-limmigration\/pour-les-travailleurs-qualifies\/\" \/>\n<meta property=\"og:locale\" content=\"fr_FR\" \/>\n<meta property=\"og:type\" content=\"article\" \/>\n<meta property=\"og:title\" content=\"POUR LES TRAVAILLEURS QUALIFI\u00c9S\" \/>\n<meta property=\"og:description\" content=\"[vc_row triangle_shape=\u00a0\u00bbno\u00a0\u00bb][vc_column][\/vc_column][\/vc_row]\" \/>\n<meta property=\"og:url\" content=\"https:\/\/immcanada.com\/fr\/pourquoi-nous-choisir\/evaluation-pour-limmigration\/pour-les-travailleurs-qualifies\/\" \/>\n<meta property=\"og:site_name\" content=\"Leiter Rahme\" \/>\n<meta name=\"twitter:card\" content=\"summary\" \/>\n<script type=\"application\/ld+json\" class=\"yoast-schema-graph\">{\"@context\":\"https:\/\/schema.org\",\"@graph\":[{\"@type\":\"WebSite\",\"@id\":\"https:\/\/immcanada.com\/#website\",\"url\":\"https:\/\/immcanada.com\/\",\"name\":\"Leiter Rahme\",\"description\":\"We&#039;re with you every step of the way\",\"potentialAction\":[{\"@type\":\"SearchAction\",\"target\":{\"@type\":\"EntryPoint\",\"urlTemplate\":\"https:\/\/immcanada.com\/?s={search_term_string}\"},\"query-input\":\"required name=search_term_string\"}],\"inLanguage\":\"fr-FR\"},{\"@type\":\"WebPage\",\"@id\":\"https:\/\/immcanada.com\/fr\/pourquoi-nous-choisir\/evaluation-pour-limmigration\/pour-les-travailleurs-qualifies\/#webpage\",\"url\":\"https:\/\/immcanada.com\/fr\/pourquoi-nous-choisir\/evaluation-pour-limmigration\/pour-les-travailleurs-qualifies\/\",\"name\":\"POUR LES TRAVAILLEURS QUALIFI\u00c9S\",\"isPartOf\":{\"@id\":\"https:\/\/immcanada.com\/#website\"},\"datePublished\":\"2016-09-10T14:16:51+00:00\",\"dateModified\":\"2016-09-10T14:16:51+00:00\",\"breadcrumb\":{\"@id\":\"https:\/\/immcanada.com\/fr\/pourquoi-nous-choisir\/evaluation-pour-limmigration\/pour-les-travailleurs-qualifies\/#breadcrumb\"},\"inLanguage\":\"fr-FR\",\"potentialAction\":[{\"@type\":\"ReadAction\",\"target\":[\"https:\/\/immcanada.com\/fr\/pourquoi-nous-choisir\/evaluation-pour-limmigration\/pour-les-travailleurs-qualifies\/\"]}]},{\"@type\":\"BreadcrumbList\",\"@id\":\"https:\/\/immcanada.com\/fr\/pourquoi-nous-choisir\/evaluation-pour-limmigration\/pour-les-travailleurs-qualifies\/#breadcrumb\",\"itemListElement\":[{\"@type\":\"ListItem\",\"position\":1,\"name\":\"Home\",\"item\":\"https:\/\/immcanada.com\/fr\/\"},{\"@type\":\"ListItem\",\"position\":2,\"name\":\"Pourquoi nous choisir\",\"item\":\"https:\/\/immcanada.com\/fr\/pourquoi-nous-choisir\/\"},{\"@type\":\"ListItem\",\"position\":3,\"name\":\"\u00c9valuation pour l&rsquo;immigration\",\"item\":\"https:\/\/immcanada.com\/fr\/pourquoi-nous-choisir\/evaluation-pour-limmigration\/\"},{\"@type\":\"ListItem\",\"position\":4,\"name\":\"POUR LES TRAVAILLEURS QUALIFI\u00c9S\"}]}]}<\/script>\n<!-- \/ Yoast SEO plugin. -->","yoast_head_json":{"title":"POUR LES TRAVAILLEURS QUALIFI\u00c9S","robots":{"index":"index","follow":"follow","max-snippet":"max-snippet:-1","max-image-preview":"max-image-preview:large","max-video-preview":"max-video-preview:-1"},"canonical":"https:\/\/immcanada.com\/fr\/pourquoi-nous-choisir\/evaluation-pour-limmigration\/pour-les-travailleurs-qualifies\/","og_locale":"fr_FR","og_type":"article","og_title":"POUR LES TRAVAILLEURS QUALIFI\u00c9S","og_description":"[vc_row triangle_shape=\u00a0\u00bbno\u00a0\u00bb][vc_column][\/vc_column][\/vc_row]","og_url":"https:\/\/immcanada.com\/fr\/pourquoi-nous-choisir\/evaluation-pour-limmigration\/pour-les-travailleurs-qualifies\/","og_site_name":"Leiter Rahme","twitter_card":"summary","schema":{"@context":"https:\/\/schema.org","@graph":[{"@type":"WebSite","@id":"https:\/\/immcanada.com\/#website","url":"https:\/\/immcanada.com\/","name":"Leiter Rahme","description":"We&#039;re with you every step of the way","potentialAction":[{"@type":"SearchAction","target":{"@type":"EntryPoint","urlTemplate":"https:\/\/immcanada.com\/?s={search_term_string}"},"query-input":"required name=search_term_string"}],"inLanguage":"fr-FR"},{"@type":"WebPage","@id":"https:\/\/immcanada.com\/fr\/pourquoi-nous-choisir\/evaluation-pour-limmigration\/pour-les-travailleurs-qualifies\/#webpage","url":"https:\/\/immcanada.com\/fr\/pourquoi-nous-choisir\/evaluation-pour-limmigration\/pour-les-travailleurs-qualifies\/","name":"POUR LES TRAVAILLEURS QUALIFI\u00c9S","isPartOf":{"@id":"https:\/\/immcanada.com\/#website"},"datePublished":"2016-09-10T14:16:51+00:00","dateModified":"2016-09-10T14:16:51+00:00","breadcrumb":{"@id":"https:\/\/immcanada.com\/fr\/pourquoi-nous-choisir\/evaluation-pour-limmigration\/pour-les-travailleurs-qualifies\/#breadcrumb"},"inLanguage":"fr-FR","potentialAction":[{"@type":"ReadAction","target":["https:\/\/immcanada.com\/fr\/pourquoi-nous-choisir\/evaluation-pour-limmigration\/pour-les-travailleurs-qualifies\/"]}]},{"@type":"BreadcrumbList","@id":"https:\/\/immcanada.com\/fr\/pourquoi-nous-choisir\/evaluation-pour-limmigration\/pour-les-travailleurs-qualifies\/#breadcrumb","itemListElement":[{"@type":"ListItem","position":1,"name":"Home","item":"https:\/\/immcanada.com\/fr\/"},{"@type":"ListItem","position":2,"name":"Pourquoi nous choisir","item":"https:\/\/immcanada.com\/fr\/pourquoi-nous-choisir\/"},{"@type":"ListItem","position":3,"name":"\u00c9valuation pour l&rsquo;immigration","item":"https:\/\/immcanada.com\/fr\/pourquoi-nous-choisir\/evaluation-pour-limmigration\/"},{"@type":"ListItem","position":4,"name":"POUR LES TRAVAILLEURS QUALIFI\u00c9S"}]}]}},"_links":{"self":[{"href":"https:\/\/immcanada.com\/fr\/wp-json\/wp\/v2\/pages\/3765\/"}],"collection":[{"href":"https:\/\/immcanada.com\/fr\/wp-json\/wp\/v2\/pages\/"}],"about":[{"href":"https:\/\/immcanada.com\/fr\/wp-json\/wp\/v2\/types\/page\/"}],"author":[{"embeddable":true,"href":"https:\/\/immcanada.com\/fr\/wp-json\/wp\/v2\/users\/1\/"}],"replies":[{"embeddable":true,"href":"https:\/\/immcanada.com\/fr\/wp-json\/wp\/v2\/comments\/?post=3765"}],"version-history":[{"count":1,"href":"https:\/\/immcanada.com\/fr\/wp-json\/wp\/v2\/pages\/3765\/revisions\/"}],"predecessor-version":[{"id":3767,"href":"https:\/\/immcanada.com\/fr\/wp-json\/wp\/v2\/pages\/3765\/revisions\/3767\/"}],"up":[{"embeddable":true,"href":"https:\/\/immcanada.com\/fr\/wp-json\/wp\/v2\/pages\/3606\/"}],"wp:attachment":[{"href":"https:\/\/immcanada.com\/fr\/wp-json\/wp\/v2\/media\/?parent=3765"}],"curies":[{"name":"wp","href":"https:\/\/api.w.org\/{rel}","templated":true}]}}